{"id":676,"date":"2014-11-18T10:57:13","date_gmt":"2014-11-18T08:57:13","guid":{"rendered":"http:\/\/xarxaomnia.gencat.cat\/blocs\/rierabonet\/?page_id=676"},"modified":"2015-03-12T21:35:54","modified_gmt":"2015-03-12T19:35:54","slug":"memoria","status":"publish","type":"page","link":"https:\/\/bloc.xarxa-omnia.org\/rierabonet\/memoria\/","title":{"rendered":"Mem\u00f2ria"},"content":{"rendered":"<p>Recursos per a l&#8217;entrenament de la mem\u00f2ria i l&#8217;estimulaci\u00f3 cognitiva:<\/p>\n<p><a title=\"Exercicis d'entrenament de la mem\u00f2ria\" href=\"http:\/\/media.diba.cat\/diba\/html\/benestar\/memoria\/data\/empezar.html\">Exercicis d&#8217;entrenament de la mem\u00f2ria<\/a><\/p>\n<p>&nbsp;<\/p>\n<p>&nbsp;<\/p>\n","protected":false},"excerpt":{"rendered":"<p>Recursos per a l&#8217;entrenament de la mem\u00f2ria i l&#8217;estimulaci\u00f3 cognitiva: Exercicis d&#8217;entrenament de la mem\u00f2ria &nbsp; &nbsp;<\/p>\n","protected":false},"author":157,"featured_media":0,"parent":0,"menu_order":0,"comment_status":"closed","ping_status":"closed","template":"","meta":{"_s2mail":"","footnotes":""},"class_list":["post-676","page","type-page","status-publish","hentry","column","twocol"],"_links":{"self":[{"href":"https:\/\/bloc.xarxa-omnia.org\/rierabonet\/wp-json\/wp\/v2\/pages\/676","targetHints":{"allow":["GET"]}}],"collection":[{"href":"https:\/\/bloc.xarxa-omnia.org\/rierabonet\/wp-json\/wp\/v2\/pages"}],"about":[{"href":"https:\/\/bloc.xarxa-omnia.org\/rierabonet\/wp-json\/wp\/v2\/types\/page"}],"author":[{"embeddable":true,"href":"https:\/\/bloc.xarxa-omnia.org\/rierabonet\/wp-json\/wp\/v2\/users\/157"}],"replies":[{"embeddable":true,"href":"https:\/\/bloc.xarxa-omnia.org\/rierabonet\/wp-json\/wp\/v2\/comments?post=676"}],"version-history":[{"count":1,"href":"https:\/\/bloc.xarxa-omnia.org\/rierabonet\/wp-json\/wp\/v2\/pages\/676\/revisions"}],"predecessor-version":[{"id":677,"href":"https:\/\/bloc.xarxa-omnia.org\/rierabonet\/wp-json\/wp\/v2\/pages\/676\/revisions\/677"}],"wp:attachment":[{"href":"https:\/\/bloc.xarxa-omnia.org\/rierabonet\/wp-json\/wp\/v2\/media?parent=676"}],"curies":[{"name":"wp","href":"https:\/\/api.w.org\/{rel}","templated":true}]}}