{"id":680,"date":"2014-11-18T11:19:44","date_gmt":"2014-11-18T09:19:44","guid":{"rendered":"http:\/\/xarxaomnia.gencat.cat\/blocs\/rierabonet\/?page_id=680"},"modified":"2015-03-12T21:35:54","modified_gmt":"2015-03-12T19:35:54","slug":"musica","status":"publish","type":"page","link":"https:\/\/bloc.xarxa-omnia.org\/rierabonet\/musica\/","title":{"rendered":"M\u00fasica"},"content":{"rendered":"<p>Recursos per a escoltar m\u00fasica:<\/p>\n<p>Escoltar la r\u00e0dio:<\/p>\n<p><a title=\"Catalunya R\u00e0dio\" href=\"http:\/\/www.catradio.cat\">Catalunya R\u00e0dio<\/a><\/p>\n<p><a title=\"M80 Radio\" href=\"http:\/\/www.m80radio.com\/\">M80 Radio<\/a><\/p>\n<p>Escoltar m\u00fasica:<\/p>\n<p><a title=\"Grooveshark\" href=\"http:\/\/www.grooveshark.com\">Grooveshark<\/a><\/p>\n<p><a title=\"Freemusicarchive\" href=\"http:\/\/www.freemusicarchive.org\">Freemusicarchive<\/a><\/p>\n<p><a title=\"Spotify\" href=\"http:\/\/www.spotify.com\">Spotify<\/a><\/p>\n<p>Veure v\u00eddeos:<\/p>\n<p>&nbsp;<\/p>\n","protected":false},"excerpt":{"rendered":"<p>Recursos per a escoltar m\u00fasica: Escoltar la r\u00e0dio: Catalunya R\u00e0dio M80 Radio Escoltar m\u00fasica: Grooveshark Freemusicarchive Spotify Veure v\u00eddeos: &nbsp;<\/p>\n","protected":false},"author":157,"featured_media":0,"parent":0,"menu_order":0,"comment_status":"closed","ping_status":"closed","template":"","meta":{"_s2mail":"","footnotes":""},"class_list":["post-680","page","type-page","status-publish","hentry","column","twocol"],"_links":{"self":[{"href":"https:\/\/bloc.xarxa-omnia.org\/rierabonet\/wp-json\/wp\/v2\/pages\/680","targetHints":{"allow":["GET"]}}],"collection":[{"href":"https:\/\/bloc.xarxa-omnia.org\/rierabonet\/wp-json\/wp\/v2\/pages"}],"about":[{"href":"https:\/\/bloc.xarxa-omnia.org\/rierabonet\/wp-json\/wp\/v2\/types\/page"}],"author":[{"embeddable":true,"href":"https:\/\/bloc.xarxa-omnia.org\/rierabonet\/wp-json\/wp\/v2\/users\/157"}],"replies":[{"embeddable":true,"href":"https:\/\/bloc.xarxa-omnia.org\/rierabonet\/wp-json\/wp\/v2\/comments?post=680"}],"version-history":[{"count":1,"href":"https:\/\/bloc.xarxa-omnia.org\/rierabonet\/wp-json\/wp\/v2\/pages\/680\/revisions"}],"predecessor-version":[{"id":681,"href":"https:\/\/bloc.xarxa-omnia.org\/rierabonet\/wp-json\/wp\/v2\/pages\/680\/revisions\/681"}],"wp:attachment":[{"href":"https:\/\/bloc.xarxa-omnia.org\/rierabonet\/wp-json\/wp\/v2\/media?parent=680"}],"curies":[{"name":"wp","href":"https:\/\/api.w.org\/{rel}","templated":true}]}}