{"id":818,"date":"2015-05-15T16:12:34","date_gmt":"2015-05-15T14:12:34","guid":{"rendered":"http:\/\/xarxaomnia.gencat.cat\/blocs\/rierabonet\/?page_id=818"},"modified":"2016-09-05T12:45:17","modified_gmt":"2016-09-05T10:45:17","slug":"recursos-per-aprendre-catala","status":"publish","type":"page","link":"https:\/\/bloc.xarxa-omnia.org\/rierabonet\/recursos-per-aprendre-catala\/","title":{"rendered":"Recursos per aprendre catal\u00e0"},"content":{"rendered":"<p><img loading=\"lazy\" decoding=\"async\" class=\"irc_mi aligncenter\" src=\"http:\/\/farm1.static.flickr.com\/73\/231011361_4a4a257a60.jpg\" alt=\"\" width=\"245\" height=\"164\" \/><\/p>\n<p><strong>1. General:<\/strong><\/p>\n<p><a href=\"http:\/\/clic.xtec.cat\/ca\/act\/index.htm\">Activitats JClic<\/a> &#8211; <a href=\"http:\/\/www.edu365.cat\/primaria\/muds\/catala\/index.htm\">Activitats I Edu365<\/a> &#8211; <a href=\"http:\/\/www.edu365.cat\/eso\/muds\/catala\/index.htm\">Activitats II Edu365<\/a> &#8211; <a href=\"http:\/\/www.edu365.cat\/eso\/muds\/catala\/activitats.htm\">Llengua catalana Edu365<\/a><\/p>\n<p><a href=\"http:\/\/en.educaplay.com\/en\/learningresources\/activity_language\/ca\/tag\/llengua_catalana\/\">Activitats Educaplay<\/a> &#8211; <a href=\"http:\/\/www.intercat.cat\/speakcat\/comencem.html\">Speakcat<\/a> &#8211; <a href=\"http:\/\/clic.xtec.cat\/gali\/gali\/galiMain.jsp?cons=si\">Gal\u00ed<\/a> &#8211; <a href=\"http:\/\/ice.uab.cat\/fontdelcat\/\">FontdelCat<\/a><\/p>\n<p><a href=\"http:\/\/enxaneta.info\/\">Enxaneta<\/a> &#8211; <a href=\"http:\/\/www.parla.cat\">Parla.cat<\/a> &#8211; <a href=\"http:\/\/www.cpnl.cat\/\">Consorci per la Normalitzaci\u00f3 Ling\u00fc\u00edstica<\/a><\/p>\n<p><strong>2. Vocabulari:<\/strong><\/p>\n<p><a title=\"Muds de mots\" href=\"http:\/\/www.edu365.cat\/eso\/muds\/catala\/mudsmots\/\">Muds de mots<\/a> &#8211; <a href=\"http:\/\/www.jocsweb.cat\/flash\/VELOPARAULES.swf\">VELOPARAULES<\/a> &#8211; <a href=\"http:\/\/www.genmagic.net\/lengua3\/silab1c.swf\">CA\u00c7A LA S\u00cdLABA<\/a><\/p>\n<p><a href=\"http:\/\/llengua.gencat.cat\/ca\/detalls\/article\/Endevina-assoc-materialspl\">Endevina<\/a> &#8211; <a href=\"http:\/\/llengua.gencat.cat\/ca\/serveis\/aprendre_catala\/recursos_aprendre_dgpl\/barrina\" target=\"_blank\">Barrina<\/a> &#8211; <a href=\"http:\/\/llengua.gencat.cat\/ca\/serveis\/aprendre_catala\/recursos_aprendre_dgpl\/saberne_un_niu\/\">En saps un niu<\/a> &#8211; <a href=\"http:\/\/www.xtec.cat\/~smora\/eniweb\/enigmes.swf\">ENIGMES<\/a><\/p>\n<p><a href=\"https:\/\/sites.google.com\/a\/genmagic.net\/pasapalabras-genmagic\/areas-catalan\/lenguaje\/passaparaula-dels-animals\">Passaparaula d&#8217;animals<\/a>, <a href=\"https:\/\/sites.google.com\/a\/genmagic.net\/pasapalabras-genmagic\/areas-catalan\/lenguaje\/vocabulari-4-4t-primaria\">Passaparaula de vocabulari<\/a>, <a href=\"https:\/\/sites.google.com\/a\/genmagic.net\/pasapalabras-genmagic\/areas-catalan\/lenguaje\/llengua-catalana-1-cm\">Passaparaula de llengua catalana.<\/a><\/p>\n<p><a href=\"http:\/\/www.genmagic.org\/lengua3\/pir1c.swf\">Les lletres del fara\u00f3<\/a> &#8211; <a href=\"https:\/\/sites.google.com\/a\/xtec.cat\/rdzereral\/c-i-catala\/vocabulari\">Jocs de vocabulari<\/a> &#8211; <a href=\"http:\/\/llengua.gencat.cat\/ca\/serveis\/informacio_i_difusio\/publicacions_en_linia\/viure_a_catalunya_col\/viure_a_catalunya_lamines\">L\u00e0mines<\/a><\/p>\n<p><a href=\"http:\/\/www.edu365.cat\/primaria\/muds\/catala\/numeros\/\">Els nombres I<\/a> &#8211; <a href=\"http:\/\/clic.xtec.cat\/db\/act_ca.jsp?id=3308\">Els nombres II<\/a> &#8211; <a href=\"http:\/\/www.edu365.cat\/primaria\/muds\/catala\/ortografia\/ci09.htm\">Els nombres III<\/a><\/p>\n<p><a href=\"http:\/\/www.genmagic.org\/mates3\/nro1c.swf\">Els nombres romans<\/a> &#8211; <a href=\"http:\/\/dilc.org\/numeros.php\">Com s&#8217;escriuen els nombres en catal\u00e0<\/a><\/p>\n<ul>\n<li><a href=\"http:\/\/clic.xtec.cat\/db\/act_ca.jsp?id=3894\">Ortografia i mem\u00f2ria visual<\/a><\/li>\n<li><a href=\"http:\/\/clic.xtec.cat\/db\/act_ca.jsp?id=3788\">Implica&#8217;t amb el teu cos<\/a><\/li>\n<li><a href=\"http:\/\/clic.xtec.cat\/db\/act_ca.jsp?id=3745\">Vocabulari de productes de papereria<\/a><\/li>\n<li><a href=\"http:\/\/clic.xtec.cat\/db\/act_ca.jsp?id=3479\">El nom<\/a><\/li>\n<li><a href=\"http:\/\/clic.xtec.cat\/db\/act_ca.jsp?id=1178\">Activitats de llengua catalana<\/a><\/li>\n<li><a href=\"http:\/\/clic.xtec.cat\/db\/act_ca.jsp?id=1133\">Ant\u00f2nims<\/a><\/li>\n<li><a href=\"http:\/\/clic.xtec.cat\/db\/act_ca.jsp?id=1121\">Interfer\u00e8ncies catal\u00e0 &#8211; castell\u00e0<\/a><\/li>\n<li><a href=\"http:\/\/clic.xtec.cat\/db\/act_ca.jsp?id=1112\">Els accents<\/a><\/li>\n<li><a href=\"http:\/\/clic.xtec.cat\/db\/act_ca.jsp?id=1112\">Els senyals de circulaci\u00f3<\/a><\/li>\n<li><a href=\"http:\/\/clic.xtec.cat\/db\/act_ca.jsp?id=3740\">De l&#8217;oliva a l&#8217;oli <\/a><\/li>\n<li><a href=\"http:\/\/clic.xtec.cat\/db\/act_ca.jsp?id=3700\">Etapes de la hist\u00f2ria<\/a><\/li>\n<li><a href=\"http:\/\/clic.xtec.cat\/db\/act_ca.jsp?id=3699\">Botigues i botiguers<\/a><\/li>\n<li><a href=\"http:\/\/clic.xtec.cat\/db\/act_ca.jsp?id=3617\">Les paraules sin\u00f2nimes<\/a><\/li>\n<li><a href=\"http:\/\/clic.xtec.cat\/db\/act_ca.jsp?id=3592\">Els articles<\/a><\/li>\n<li><a href=\"http:\/\/clic.xtec.cat\/db\/act_ca.jsp?id=3510\">Millorem la intel\u00b7lig\u00e8ncia<\/a><\/li>\n<li><a href=\"http:\/\/clic.xtec.cat\/db\/act_ca.jsp?id=3506\">Les plantes<\/a><\/li>\n<li><a href=\"http:\/\/clic.xtec.cat\/db\/act_ca.jsp?id=3357\">Expressions<\/a><\/li>\n<li><a href=\"http:\/\/clic.xtec.cat\/db\/act_ca.jsp?id=3337\">L&#8217;ordinador i les seves parts<\/a><\/li>\n<li><a href=\"http:\/\/clic.xtec.cat\/db\/act_ca.jsp?id=3287\">Les fruites i les hortalisses (\u00e0udios)<\/a><\/li>\n<li><a href=\"http:\/\/clic.xtec.cat\/db\/act_ca.jsp?id=2075\">Els senyals de circulaci\u00f3<\/a><\/li>\n<li><a href=\"http:\/\/clic.xtec.cat\/db\/act_ca.jsp?id=1482\">El fet casteller<\/a><\/li>\n<li><a href=\"http:\/\/clic.xtec.cat\/db\/jclicApplet.jsp?project=http:\/\/clic.xtec.cat\/projects\/oficis3\/jclic\/oficis3.jclic.zip&amp;lang=ca&amp;title=Aprenem+amb+els+oficis\">Els oficis<\/a><\/li>\n<li><a href=\"http:\/\/clic.xtec.cat\/db\/act_ca.jsp?id=1035\">Les eines<\/a><\/li>\n<li><a href=\"http:\/\/clic.xtec.cat\/db\/jclicApplet.jsp?project=http:\/\/clic.xtec.cat\/projects\/medici\/jclic\/treball2\/treball2.jclic.zip&amp;lang=ca&amp;title=Coneixement+del+medi+natural,+social+i+cultural+CI\">El m\u00f3n del treball<\/a><\/li>\n<li><a href=\"http:\/\/clic.xtec.cat\/db\/act_ca.jsp?id=1480\">Ciutat &#8211; poble<\/a><\/li>\n<\/ul>\n<p><a href=\"http:\/\/xarxaomnia.gencat.cat\/blocs\/rierabonet\/files\/2015\/06\/Els-contraris.odt\">Els contraris<\/a> &#8211; <a href=\"http:\/\/www.xtec.cat\/~jpotau1\/troba\/index.htm\">Troba la paraula amagada<\/a><\/p>\n<p><strong>3. Dubtes:<\/strong><\/p>\n<p><a href=\"http:\/\/esadir.cat\/\">\u00e9sAdir<\/a> &#8211; <a href=\"http:\/\/aplicacions.llengua.gencat.cat\/llc\/AppJava\/index.html\">Optimot<\/a><\/p>\n<p><strong>4. Diccionaris:<\/strong><\/p>\n<p><a href=\"http:\/\/www.diccionaris.cat\/\">Diccionari catal\u00e0-castell\u00e0<\/a> &#8211; <a href=\"http:\/\/www.multilingue.cat\/\">Diccionari multiling\u00fce<\/a> &#8211; <a href=\"https:\/\/translate.google.cat\/#es\/ca\/pepino\" target=\"_blank\">Traductor del Google<\/a><\/p>\n<p><strong>5. Frases fetes i refranys:<\/strong><\/p>\n<p><a href=\"http:\/\/elcatalacomcal.blogspot.com.es\/2008\/03\/fontica-hi-ha-sons-que-no-sn-catalans.html\">Com es diu en catal\u00e0?<\/a> &#8211;\u00a0 <a href=\"http:\/\/clic.xtec.cat\/db\/jclicApplet.jsp?project=http:\/\/clic.xtec.cat\/projects\/frases\/jclic\/frases.jclic.zip&amp;lang=ca&amp;title=Bufar+i+fer+ampolles:+dites+i+frases+fetes+catalanes\">Aix\u00f2 \u00e9s bufar i fer ampolles!<\/a> &#8211; <a href=\"http:\/\/enxaneta.info\/teoria\/frases\/56\">Frases fetes<\/a><\/p>\n<p><a href=\"http:\/\/elrefranyer.com\/\">Refranyer<\/a> &#8211; <a href=\"http:\/\/llengua.gencat.cat\/ca\/serveis\/aprendre_catala\/recursos_aprendre_dgpl\/saberne_un_niu\/\">Saber-ne un niu<\/a><\/p>\n<p><strong>6. Barbarismes<\/strong><\/p>\n<p><a href=\"http:\/\/www.mariainmaculada.es\/valencia\/RECURSOS\/barbarismes.htm\">Exercici I de barbarismes<\/a> &#8211; <a href=\"http:\/\/www.aldeaglobal.net\/cat5estrelles\/classiclexicbarbarismesduesopcions1.htm\">Exercici II de barbarismes<\/a><\/p>\n<p><a href=\"https:\/\/docs.google.com\/document\/d\/1eS72jmS4ZXws2-bmwoea3C-WGR5tiP8zBMv_caHzfIQ\/edit?pli=1\">Exercici III de barbarismes<\/a> &#8211; <a href=\"http:\/\/www3.uji.es\/~sifre\/llengua1\/l1exercicis\/barbarismes1.html\">Exercici IV de barbarismes<\/a><\/p>\n<p><a href=\"http:\/\/www.edu365.cat\/eso\/muds\/catala\/mudsmots\/fabrica\/exercicis.html\">Exercici de manlleus i barbarismes<\/a><\/p>\n<p><strong>7. Exercicis d&#8217;ortografia, gram\u00e0tica, fon\u00e8tica, verbs, adjectius&#8230;<\/strong><\/p>\n<p><a href=\"http:\/\/enxaneta.info\/index1.php\">Enxaneta<\/a> &#8211; <a href=\"http:\/\/www.edu365.cat\/primaria\/muds\/catala\/ortografia\/index.htm\">Aventura&#8217;t amb l&#8217;ortografia<\/a> &#8211; <a href=\"http:\/\/www.uoc.edu\/serveilinguistic\/criteris\/ortografia\/accentuacio.html\">Els accents en catal\u00e0<\/a><\/p>\n<p><a href=\"http:\/\/www.proprofs.com\/quiz-school\/quizshow.php?title=accents-diacrtics&amp;q=1\">Accents diacr\u00edtics<\/a> &#8211; <a href=\"http:\/\/enxaneta.info\/activitats\/accent-diacritic\/4\">Accents diacr\u00edtics (II)<\/a> &#8211; <a href=\"http:\/\/aplicacions.llengua.gencat.cat\/itineraris-aprenentatge\/suficiencia\/scl\/scl5\/scl52\/scl52_04_07.htm\">Accents diacr\u00edtics: exemple i exercici<\/a><\/p>\n<p><a href=\"http:\/\/clic.xtec.cat\/db\/jclicApplet.jsp?project=http:\/\/clic.xtec.cat\/projects\/100paraules\/jclic\/100paraules.jclic.zip&amp;lang=ca&amp;title=100+paraules+per+escriure\">1OO paraules<\/a> &#8211; <a href=\"http:\/\/aplicacions.llengua.gencat.cat\/itineraris-aprenentatge\/suficiencia\/scl\/scl5\/scl53\/scl53_07_02.htm\" target=\"_blank\">Exercicis de la lletra H<\/a><\/p>\n<p><a href=\"http:\/\/enxaneta.info\/activitats\/femeni\/16\">Noms femenins, noms masculins<\/a> &#8211;\u00a0 <a href=\"http:\/\/enxaneta.info\/activitats\/plural\/18\">Noms singulars, plurals<\/a><\/p>\n<p><a href=\"http:\/\/clic.xtec.cat\/gali\/gali\/galiPage.jsp?page=5&amp;level=0\">Gal\u00ed: morfosintaxi (Iniciaci\u00f3)<\/a> &#8211; <a href=\"http:\/\/clic.xtec.cat\/gali\/gali\/galiPage.jsp?page=5&amp;level=1\">Aprofundiment<\/a><\/p>\n<p><strong>8. Verbs<\/strong><\/p>\n<p><a href=\"http:\/\/www.verbs.cat\/ca\/practicar\">Practicar<\/a> &#8211; <a href=\"http:\/\/catalaperserfelic.blogspot.com.es\/2014\/06\/consells-per-ser-felic-limperatiu-2.html\">L&#8217;imperatiu<\/a> &#8211; <a href=\"http:\/\/catalaperserfelic.blogspot.com.es\/2014\/04\/si-fossis-limperfet-de-subjuntiu.html\">L&#8217;imperfet de subjuntiu<\/a><\/p>\n<p><strong>9. Les hores i els horaris:<\/strong><\/p>\n<p><a href=\"http:\/\/clic.xtec.cat\/db\/jclicApplet.jsp?project=http:\/\/clic.xtec.cat\/projects\/leshores\/jclic\/leshores.jclic.zip&amp;lang=ca&amp;title=Treballem+les+hores\">Aprendre les hores<\/a> &#8211; <a href=\"http:\/\/www.intercat.cat\/speakcat\/itineraris\/1\/4\/1\/1\">Temps i horaris<\/a> &#8211; <a href=\"http:\/\/en.educaplay.com\/en\/recursosEducativos.php?bus=hores&amp;buscar=+&amp;opbus=Actividades\">Entreteniments sobre les hores<\/a><\/p>\n<p><strong>10. Endevinalles:<\/strong><\/p>\n<p><a href=\"http:\/\/www.edu365.cat\/infantil\/endevinalles\/portada.htm\">Endevinalles (3 nivells)<\/a> &#8211; <a href=\"http:\/\/www.xtec.cat\/crp-alturgell\/endevinalles\/\">M\u00e9s endevinalles<\/a> &#8211; <a href=\"http:\/\/clic.xtec.cat\/db\/jclicApplet.jsp?project=http:\/\/clic.xtec.cat\/projects\/endevina\/jclic\/endevina.jclic.zip\">Endevina endevineta<\/a><\/p>\n<p><strong>11. Per llegir:<\/strong><\/p>\n<p><a href=\"http:\/\/www.curiositats.cat\">Curiositats<\/a> &#8211; <a href=\"http:\/\/llengua.gencat.cat\/ca\/serveis\/informacio_i_difusio\/publicacions_en_linia\/classific_temes\/temes_materials_didactics\/contes_per_parlar\/\">Contes per parlar<\/a> &#8211; <a href=\"http:\/\/aprenem.blog.cat\/2011\/02\/02\/textos-per-als-tallers-de-catal-intermedi\/\">Textos<\/a><\/p>\n<p><a href=\"http:\/\/llengua.gencat.cat\/ca\/serveis\/informacio_i_difusio\/publicacions_en_linia\/llegir_per_parlar\/\">Llegir per parlar, llegir per aprendre<\/a><\/p>\n<p><a href=\"http:\/\/xarxaomnia.gencat.cat\/blocs\/rierabonet\/files\/2015\/07\/Els-sons-dels-animals.pdf\">Els sons dels animals<\/a> &#8211; <a href=\"http:\/\/llengilitcat.blogspot.com.es\/2012\/02\/barbarismes-adrecat-tot-lalumnat.html\">Barbarismes<\/a> &#8211; <a href=\"http:\/\/www.uebersetzung.at\/twister\/ca.htm\">Embarbussaments<\/a><\/p>\n<p><a href=\"http:\/\/blogs.cpnl.cat\/etsiuts\/\">Ets i uts: d&#8217;on provenen les paraules?<\/a><\/p>\n<p><a href=\"https:\/\/xfabrega.wordpress.com\/2007\/12\/19\/dona-corda-al-catala-insulta-en-catala\/\">Insults en catal\u00e0<\/a> &#8211; <a href=\"http:\/\/roseramills.com\/2014\/04\/catalunya-radio-avui-la-tribu-la-meva-llista-de-floretes-catalanes-piropos-per-dir-als-homes.html\">Floretes en catal\u00e0<\/a><\/p>\n<p><strong>12. Entreteniments:<\/strong><\/p>\n<p><a href=\"http:\/\/www.educaplay.com\/es\/recursoseducativos\/tipo\/crucigrama\/idioma_actividad\/ca\/\">Mots encreuats<\/a> &#8211; <a href=\"http:\/\/www.educaplay.com\/es\/recursoseducativos\/tipo\/relacionar\/idioma_actividad\/ca\/\">Relacionar<\/a> &#8211; <a href=\"http:\/\/www.conceptispuzzles.com\/index.aspx?uri=puzzle\/dot-a-pix\">UNIR ELS PUNTS<\/a><\/p>\n<p><a href=\"http:\/\/www.educaplay.com\/es\/recursoseducativos\/tipo\/sopa\/idioma_actividad\/ca\/\">1500 sopes de lletres en catal\u00e0<\/a> &#8211; <a href=\"http:\/\/www.escolamariagali.cat\/act\/sopa.swf\">Sopes de lletres<\/a> &#8211; <a href=\"http:\/\/www.conceptispuzzles.com\/index.aspx?uri=puzzle\/sudoku\">SUDOKUS<\/a><\/p>\n<p><a href=\"http:\/\/www.sudokukingdom.com\/very-easy-sudoku.php\">SUDOKUS 2<\/a> &#8211; <a href=\"http:\/\/www.genmagic.org\/lengua3\/di71c.swf\">BUSCA LES DIFER\u00c8NCIES<\/a> &#8211; <a href=\"http:\/\/www.bgames.com\/puzzle-games\/spot-the-difference-10\/\">M\u00c9S DIFER\u00c8NCIES<\/a> &#8211; <a href=\"http:\/\/www.spotthedifference.com\">DIFER\u00c8NCIES 3<\/a> &#8211; <a href=\"http:\/\/www.differences247.com\/\">DIFER\u00c8NCIES 4<\/a><\/p>\n<p><a href=\"http:\/\/www.hidden247.com\/\">Troba els objectes perduts<\/a> &#8211;<\/p>\n<p><a href=\"https:\/\/www.educima.com\/wordsearch\/spa\/\">Fem la nostra sopa de lletres<\/a> &#8211; <a href=\"http:\/\/www.catamots.com\">Catamots<\/a> &#8211; <a href=\"http:\/\/www.catalatrivial.70bits.com\/\">Trivial<\/a> &#8211; <a href=\"http:\/\/www.conceptispuzzles.com\/index.aspx?uri=puzzle\/battleships\">ELS VAIXELLS<\/a><\/p>\n<p><a href=\"http:\/\/media.diba.cat\/diba\/html\/benestar\/memoria\/data\/empezar.html\">Exercicis entrenament de la mem\u00f2ria<\/a> &#8211; <a href=\"http:\/\/www.gencat.cat\/llengua\/diverllengua\/\">Diverllengua<\/a><\/p>\n<p><a href=\"http:\/\/llengua.gencat.cat\/ca\/serveis\/informacio_i_difusio\/publicacions_en_linia\/classific_temes\/temes_opuscles_divulgatius\/jocs_i_passatemps\/\">Jocs de paraules i passatemps (pdf)<\/a> &#8211; <a href=\"http:\/\/clic.xtec.cat\/db\/jclicApplet.jsp?project=http:\/\/clic.xtec.cat\/projects\/sopaval\/jclic\/sopaval.jclic.zip&amp;lang=ca&amp;title=Sopes+de+lletres\">SOPES DE LLETRES<\/a><\/p>\n<p><a href=\"https:\/\/www.pixton.com\/ct\/\">C\u00f2mic<\/a> &#8211; <a href=\"http:\/\/www.genoom.com\/\">Fes el teu arbre geneal\u00f2gic<\/a><\/p>\n<p><a href=\"http:\/\/www.interdidactica.com\/jugar.php?lan=ca&amp;game=cu\">Jocs de cuina I<\/a> &#8211; <a href=\"http:\/\/www.paisdelosjuegos.es\/juegos\/cocina\">Jocs de cuina II<\/a> &#8211; <a href=\"http:\/\/www.juegos.com\/juegos\/juegos-de-cocina-con-sara\">Jocs de cuina III<\/a><\/p>\n<p><strong>13. Can\u00e7ons<\/strong><\/p>\n<p><a href=\"http:\/\/www.viasona.cat\/\">Viasona: tota la m\u00fasica en catal\u00e0<\/a><\/p>\n<p><a href=\"http:\/\/www.acords.net\/lletres.php\">Lletres de can\u00e7ons<\/a><\/p>\n<p><a href=\"http:\/\/www.viasona.cat\/grup\/joan-manuel-serrat\">Can\u00e7ons de Juan Manuel Serrat<\/a><\/p>\n<p><a href=\"http:\/\/xarxaomnia.gencat.cat\/blocs\/rierabonet\/files\/2015\/07\/A-vegades-una-can\u00e7\u00f3-damor.pdf\">Exercici 1 d&#8217;omplir la lletra: A vegades (Els amics de les arts)<\/a><\/p>\n<p><a href=\"http:\/\/xarxaomnia.gencat.cat\/blocs\/rierabonet\/files\/2015\/07\/Exercici-seixanta.pdf\">Exercici 2 d&#8217;omplir la lletra: Exercici 60 (Els amics de les arts)<\/a><\/p>\n<p><a href=\"http:\/\/xarxaomnia.gencat.cat\/blocs\/rierabonet\/files\/2015\/07\/Com_goses.pdf\">Exercici 3 d&#8217;omplir la lletra: Com goses (Mesclat)<\/a><\/p>\n<p><strong>14. V\u00eddeos<\/strong><\/p>\n<p><a href=\"http:\/\/www.edu3.cat\/Edu3tv\/Fitxa?p_id=23370\">Amb noms i cognoms<\/a> &#8211; <a href=\"http:\/\/www.edu3.cat\/Edu3tv\/Fitxa?p_id=23246\">Amb la llengua fora<\/a> &#8211; <a href=\"http:\/\/www.edu3.cat\/Edu3tv\/Fitxa?p_id=30590\">Casa<\/a><\/p>\n<p><a href=\"http:\/\/www.edu3.cat\/Edu3tv\/Fitxa?p_id=28306\">Catalunya se la juga<\/a> &#8211; <a href=\"http:\/\/www.edu3.cat\/Edu3tv\/Fitxa?p_id=23699\">El vocabulari de l&#8217;ordinador<\/a><\/p>\n<p><a href=\"http:\/\/www.tv3.cat\/searcher\/tvc\/searchingVideos.jsp?idcat=47288&amp;catname=Tinc-un-dubte\">Tinc un dubte<\/a> &#8211; <a href=\"http:\/\/www.ccma.cat\/tv3\/Bocamoll\/fitxa-programa\/5005\/\">Bocamoll (Tv3)<\/a> &#8211; <a href=\"http:\/\/www.ccma.cat\/tv3\/el-gran-dictat\/\">El gran dictat (Tv3)<\/a><\/p>\n<p><a href=\"http:\/\/llengua.gencat.cat\/ca\/serveis\/eines_i_recursos\/accions_sensibilitzacio\/10_cites\/\">10 cites<\/a> &#8211; <a href=\"http:\/\/llengua.gencat.cat\/ca\/serveis\/eines_i_recursos\/accions_sensibilitzacio\/catala_a_latac\">Catal\u00e0 a l&#8217;atac<\/a> &#8211; <a href=\"http:\/\/llengua.gencat.cat\/ca\/serveis\/eines_i_recursos\/accions_sensibilitzacio\/gags_humoristics\">Gags<\/a> &#8211; <a href=\"http:\/\/llengua.gencat.cat\/ca\/serveis\/eines_i_recursos\/accions_sensibilitzacio\/agafaelmicro.cat\/\">AGAFA EL MICRO<\/a><\/p>\n<p><strong>15. Catalunya i el m\u00f3n<br \/>\n<\/strong><\/p>\n<p><a href=\"http:\/\/municat.gencat.cat\/index.php?page=joccomarques\">El joc de les comarques<\/a> &#8211; <a href=\"http:\/\/serbal.pntic.mec.es\/ealg0027\/catcom3.html\">El joc de les comarques 2<\/a> &#8211; <a href=\"http:\/\/serbal.pntic.mec.es\/ealg0027\/catcom1.html\">El joc de les comarques 3<\/a><\/p>\n<p><a href=\"http:\/\/serbal.pntic.mec.es\/ealg0027\/catcom2.html\">El joc de les comarques 4<\/a> &#8211; <a href=\"http:\/\/serbal.pntic.mec.es\/ealg0027\/baixllob1.html\">Municipis del Baix Llobregat<\/a><\/p>\n<p><a href=\"http:\/\/serbal.pntic.mec.es\/ealg0027\/catcom1cap.html\">Joc: les capitals de comarca<\/a> &#8211; <a href=\"http:\/\/serbal.pntic.mec.es\/ealg0027\/catorog2c.html\">Joc: el relleu de Catalunya<\/a><\/p>\n<p><a href=\"http:\/\/www.edu365.cat\/primaria\/muds\/catala\/b_nompropi\/index.htm\">Les comarques<\/a> &#8211; <a href=\"http:\/\/www.gencat.cat\/toponimia\/interactiu\/index.htm\">Els noms dels llocs<\/a> &#8211; <a href=\"http:\/\/mirades.ara.cat\/paisatges\/\">50 paisatges de Catalunya<\/a><\/p>\n<p><a href=\"http:\/\/www.juegos-geograficos.com\/juegos-geografia-Banderas-del-Mundo-_pageid101.html\">Joc de banderes del m\u00f3n<\/a> &#8211; <a href=\"http:\/\/www.jocsweb.cat\/flash\/CERCAMOTS.swf\">CERCAMOTS<\/a> &#8211; <a href=\"http:\/\/www.jocsweb.cat\/flash\/EL%20PENJAT.swf\">EL PENJAT<\/a><\/p>\n<p><a href=\"http:\/\/www.mapmsg.com\/games\/statetris\/europe\/\">Tetris d&#8217;Europa<\/a> &#8211; <a href=\"http:\/\/www.juegos-geograficos.com\/juegos-geografia-Ciudades-de-Europa-Junior-_pageid104.html\">Ciutats d&#8217;Europa<\/a> &#8211; <a href=\"http:\/\/mapasinteractivos.didactalia.net\/comunidad\/mapasflashinteractivos\/recurso\/paises-de-europa-puzzle\/08fe090d-681b-4422-8615-07b8444c9c9c\">Puzle d&#8217;Europa<\/a><\/p>\n<p><a href=\"http:\/\/www.juegos-geograficos.com\/juegos-geografia-Ciudades-de-Espana-Junior-_pageid80.html\">Ciutats d&#8217;Espanya<\/a><\/p>\n<p><a href=\"http:\/\/www.paisdelosjuegos.es\/juegos\/geograf%C3%ADa\">Jocs de geografia<\/a><\/p>\n<p><strong>16. Poesia<\/strong><\/p>\n<p><a href=\"http:\/\/www.rimador.net\/index-ca.php?wlang=ca\">Rimador<\/a><\/p>\n<p><strong>17. Recursos per a nouvinguts<\/strong><\/p>\n<p><a href=\"http:\/\/www.edu365.cat\/eso\/muds\/catala\/vincles\/index.htm\">Vincles<\/a> &#8211; <a href=\"http:\/\/www.edu365.cat\/infantil\/llegir\/paraules.swf\">Paraules<\/a> &#8211; <a href=\"http:\/\/llengua.gencat.cat\/ca\/serveis\/informacio_i_difusio\/publicacions_en_linia\/viure_a_catalunya_col\/viure_a_catalunya_vocabulari_en_imatges\/\">Vocabulari en imatges<\/a><\/p>\n<p><a href=\"http:\/\/www.bibgirona.net\/salt\/autoaprenentage\/\">Recursos d&#8217;autoaprenentatge<\/a><\/p>\n<p><a href=\"http:\/\/llengua.gencat.cat\/ca\/serveis\/informacio_i_difusio\/publicacions_en_linia\/viure_a_catalunya_col\/viure_a_catalunya_comencem_a_parlar\/\">Comencem a parlar<\/a><\/p>\n<p><a href=\"http:\/\/llengua.gencat.cat\/ca\/serveis\/informacio_i_difusio\/publicacions_en_linia\/aprenem_catala_des_de_col\/amazic_aprenem_cat_general\/\">Catal\u00e0 des de l&#8217;amazic<\/a> &#8211; <a href=\"http:\/\/llengua.gencat.cat\/ca\/serveis\/informacio_i_difusio\/publicacions_en_linia\/aprenem_catala_des_de_col\/arab_aprenem_cat_general\/\">Catal\u00e0 des de l&#8217;\u00e0rab<\/a><\/p>\n<p><strong>18. Les variants del catal\u00e0<\/strong><\/p>\n<p><a href=\"http:\/\/catalaperserfelic.blogspot.com.es\/2013\/10\/digues-que-dius-i-et-dire-don-ets-2.html\">Un catal\u00e0, moltes maneres d&#8217;estimar<\/a><\/p>\n<p><a href=\"http:\/\/catalaperserfelic.blogspot.com.es\/search\/label\/Dialectes\">Dialectes<\/a><\/p>\n<p><strong>19. Les festes<\/strong><\/p>\n<p><a href=\"http:\/\/www.cpnl.cat\/nadal\/\">El Nadal<\/a> &#8211; <a href=\"http:\/\/xarxaomnia.gencat.cat\/blocs\/rierabonet\/recursos-per-aprendre-catala\/castells\/\" rel=\"attachment wp-att-1215\">El fet casteller<\/a><\/p>\n","protected":false},"excerpt":{"rendered":"<p>1. General: Activitats JClic &#8211; Activitats I Edu365 &#8211; Activitats II Edu365 &#8211; Llengua catalana Edu365 Activitats Educaplay &#8211; Speakcat &#8211; Gal\u00ed &#8211; FontdelCat Enxaneta &#8211; Parla.cat &#8211; Consorci per la Normalitzaci\u00f3 Ling\u00fc\u00edstica 2. Vocabulari: Muds de mots &#8211; VELOPARAULES &#8211; CA\u00c7A LA S\u00cdLABA Endevina &#8211; Barrina &#8211; En saps &#8230;<\/p>\n","protected":false},"author":157,"featured_media":0,"parent":0,"menu_order":0,"comment_status":"closed","ping_status":"closed","template":"","meta":{"_s2mail":"","footnotes":""},"class_list":["post-818","page","type-page","status-publish","hentry","column","twocol"],"_links":{"self":[{"href":"https:\/\/bloc.xarxa-omnia.org\/rierabonet\/wp-json\/wp\/v2\/pages\/818","targetHints":{"allow":["GET"]}}],"collection":[{"href":"https:\/\/bloc.xarxa-omnia.org\/rierabonet\/wp-json\/wp\/v2\/pages"}],"about":[{"href":"https:\/\/bloc.xarxa-omnia.org\/rierabonet\/wp-json\/wp\/v2\/types\/page"}],"author":[{"embeddable":true,"href":"https:\/\/bloc.xarxa-omnia.org\/rierabonet\/wp-json\/wp\/v2\/users\/157"}],"replies":[{"embeddable":true,"href":"https:\/\/bloc.xarxa-omnia.org\/rierabonet\/wp-json\/wp\/v2\/comments?post=818"}],"version-history":[{"count":94,"href":"https:\/\/bloc.xarxa-omnia.org\/rierabonet\/wp-json\/wp\/v2\/pages\/818\/revisions"}],"predecessor-version":[{"id":1243,"href":"https:\/\/bloc.xarxa-omnia.org\/rierabonet\/wp-json\/wp\/v2\/pages\/818\/revisions\/1243"}],"wp:attachment":[{"href":"https:\/\/bloc.xarxa-omnia.org\/rierabonet\/wp-json\/wp\/v2\/media?parent=818"}],"curies":[{"name":"wp","href":"https:\/\/api.w.org\/{rel}","templated":true}]}}