{"id":958,"date":"2015-07-27T10:36:50","date_gmt":"2015-07-27T08:36:50","guid":{"rendered":"http:\/\/xarxaomnia.gencat.cat\/blocs\/rierabonet\/?page_id=958"},"modified":"2016-07-26T17:34:12","modified_gmt":"2016-07-26T15:34:12","slug":"activitats-casal","status":"publish","type":"page","link":"https:\/\/bloc.xarxa-omnia.org\/rierabonet\/activitats-casal\/","title":{"rendered":"Activitats del Casal"},"content":{"rendered":"<p style=\"text-align: justify\"><a href=\"http:\/\/xarxaomnia.gencat.cat\/blocs\/rierabonet\/activitats-casal\/157cc-molins-de-re-rierabonet3ecicle2016-a3\/\" rel=\"attachment wp-att-1236\">Activitats del casal c\u00edvic Riera Bonet setembre &#8211; desembre 2016<\/a><\/p>\n<p style=\"text-align: justify\">El Casal C\u00edvic Molins de Rei &#8211; Riera Bonet, adscrit a la Direcci\u00f3 General d\u2019Acci\u00f3 C\u00edvica i Comunit\u00e0ria del Departament de Benestar Social i Fam\u00edlia, es va inaugurar l\u2019any 2001.<\/p>\n<p style=\"text-align: justify\">\u00c9s un espai p\u00fablic obert a tothom: joves, grans, infants i entitats, on podeu participar en diferents activitats, com tallers, confer\u00e8ncies, exposicions, etc., que us permeten relacionar-vos, fomentar les vostres aficions, ampliar coneixements i formar part d\u2019un projecte col\u00b7lectiu. Ofereix un seguit de recursos per refor\u00e7ar projectes adre\u00e7ats a la millora de la comunitat, fomentar el desenvolupament integral de la persona, promoure els valors c\u00edvics i donar suport al teixit associatiu en el seu comprom\u00eds amb la societat.<\/p>\n<p style=\"text-align: justify\"><strong>Horari<\/strong>: de dilluns a divendres, de 10 a 13 h i de 15.30 a 22 h; agost tancat.<\/p>\n<p style=\"text-align: justify\">\n","protected":false},"excerpt":{"rendered":"<p>Activitats del casal c\u00edvic Riera Bonet setembre &#8211; desembre 2016 El Casal C\u00edvic Molins de Rei &#8211; Riera Bonet, adscrit a la Direcci\u00f3 General d\u2019Acci\u00f3 C\u00edvica i Comunit\u00e0ria del Departament de Benestar Social i Fam\u00edlia, es va inaugurar l\u2019any 2001. \u00c9s un espai p\u00fablic obert a tothom: joves, grans, infants &#8230;<\/p>\n","protected":false},"author":157,"featured_media":0,"parent":0,"menu_order":0,"comment_status":"closed","ping_status":"closed","template":"","meta":{"_s2mail":"","footnotes":""},"class_list":["post-958","page","type-page","status-publish","hentry","column","twocol"],"_links":{"self":[{"href":"https:\/\/bloc.xarxa-omnia.org\/rierabonet\/wp-json\/wp\/v2\/pages\/958","targetHints":{"allow":["GET"]}}],"collection":[{"href":"https:\/\/bloc.xarxa-omnia.org\/rierabonet\/wp-json\/wp\/v2\/pages"}],"about":[{"href":"https:\/\/bloc.xarxa-omnia.org\/rierabonet\/wp-json\/wp\/v2\/types\/page"}],"author":[{"embeddable":true,"href":"https:\/\/bloc.xarxa-omnia.org\/rierabonet\/wp-json\/wp\/v2\/users\/157"}],"replies":[{"embeddable":true,"href":"https:\/\/bloc.xarxa-omnia.org\/rierabonet\/wp-json\/wp\/v2\/comments?post=958"}],"version-history":[{"count":10,"href":"https:\/\/bloc.xarxa-omnia.org\/rierabonet\/wp-json\/wp\/v2\/pages\/958\/revisions"}],"predecessor-version":[{"id":1237,"href":"https:\/\/bloc.xarxa-omnia.org\/rierabonet\/wp-json\/wp\/v2\/pages\/958\/revisions\/1237"}],"wp:attachment":[{"href":"https:\/\/bloc.xarxa-omnia.org\/rierabonet\/wp-json\/wp\/v2\/media?parent=958"}],"curies":[{"name":"wp","href":"https:\/\/api.w.org\/{rel}","templated":true}]}}