{"id":963,"date":"2015-07-27T10:42:02","date_gmt":"2015-07-27T08:42:02","guid":{"rendered":"http:\/\/xarxaomnia.gencat.cat\/blocs\/rierabonet\/?page_id=963"},"modified":"2015-07-27T10:57:19","modified_gmt":"2015-07-27T08:57:19","slug":"qui-som","status":"publish","type":"page","link":"https:\/\/bloc.xarxa-omnia.org\/rierabonet\/qui-som\/","title":{"rendered":"Qui som?"},"content":{"rendered":"<p><img loading=\"lazy\" decoding=\"async\" class=\"aligncenter size-full wp-image-972\" src=\"http:\/\/xarxaomnia.gencat.cat\/blocs\/rierabonet\/files\/2015\/07\/logotip_omnia_250x83.png\" alt=\"logotip_omnia_250x83\" width=\"250\" height=\"83\" srcset=\"https:\/\/bloc.xarxa-omnia.org\/rierabonet\/files\/2015\/07\/logotip_omnia_250x83.png 250w, https:\/\/bloc.xarxa-omnia.org\/rierabonet\/files\/2015\/07\/logotip_omnia_250x83-150x50.png 150w\" sizes=\"auto, (max-width: 250px) 100vw, 250px\" \/><\/p>\n<p>El punt \u00d2mnia Riera Bonet pertany a la <strong><a href=\"http:\/\/xarxa-omnia.org\/presentacio\" target=\"_blank\">Xarxa \u00d2mnia<\/a><\/strong>. La Xarxa \u00d2mnia, de la Direcci\u00f3 General d\u2019Acci\u00f3 C\u00edvica i Comunit\u00e0ria, \u00e9s un programa preventiu, socioeducatiu, de promoci\u00f3 individual i de suport a col\u00b7lectius amb major risc de vulnerabilitat.<\/p>\n<p>\u00d2mnia \u00e9s un programa d\u2019intervenci\u00f3 social, que utilitzant com a instrument les eines <acronym title=\"Tecnologies de la informaci\u00f3 i la comunicaci\u00f3\">TIC<\/acronym>, cerca millorar i afavorir, tant individual com col\u00b7lectivament, la inclusi\u00f3 i la vinculaci\u00f3 de les persones a la comunitat.<\/p>\n<p>El punt \u00d2mnia Riera Bonet est\u00e0 situat dins el Casal C\u00edvic Riera Bonet, de Molins de Rei.<\/p>\n<p style=\"text-align: justify\">El <strong>Casal C\u00edvic Molins de Rei<\/strong> &#8211; Riera Bonet, adscrit a la Direcci\u00f3 General d\u2019Acci\u00f3 C\u00edvica i Comunit\u00e0ria del Departament de Benestar Social i Fam\u00edlia, es va inaugurar l\u2019any 2001.<\/p>\n<p style=\"text-align: justify\">\u00c9s un espai p\u00fablic obert a tothom: joves, grans, infants i entitats, on podeu participar en diferents activitats, com tallers, confer\u00e8ncies, exposicions, etc., que us permeten relacionar-vos, fomentar les vostres aficions, ampliar coneixements i formar part d\u2019un projecte col\u00b7lectiu. Ofereix un seguit de recursos per refor\u00e7ar projectes adre\u00e7ats a la millora de la comunitat, fomentar el desenvolupament integral de la persona, promoure els valors c\u00edvics i donar suport al teixit associatiu en el seu comprom\u00eds amb la societat.<\/p>\n<p style=\"text-align: justify\">Horari: de dilluns a divendres, de 10 a 13 h i de 15.30 a 22 h; agost tancat.<\/p>\n","protected":false},"excerpt":{"rendered":"<p>El punt \u00d2mnia Riera Bonet pertany a la Xarxa \u00d2mnia. La Xarxa \u00d2mnia, de la Direcci\u00f3 General d\u2019Acci\u00f3 C\u00edvica i Comunit\u00e0ria, \u00e9s un programa preventiu, socioeducatiu, de promoci\u00f3 individual i de suport a col\u00b7lectius amb major risc de vulnerabilitat. \u00d2mnia \u00e9s un programa d\u2019intervenci\u00f3 social, que utilitzant com a instrument &#8230;<\/p>\n","protected":false},"author":157,"featured_media":0,"parent":0,"menu_order":0,"comment_status":"closed","ping_status":"closed","template":"","meta":{"_s2mail":"","footnotes":""},"class_list":["post-963","page","type-page","status-publish","hentry","column","twocol"],"_links":{"self":[{"href":"https:\/\/bloc.xarxa-omnia.org\/rierabonet\/wp-json\/wp\/v2\/pages\/963","targetHints":{"allow":["GET"]}}],"collection":[{"href":"https:\/\/bloc.xarxa-omnia.org\/rierabonet\/wp-json\/wp\/v2\/pages"}],"about":[{"href":"https:\/\/bloc.xarxa-omnia.org\/rierabonet\/wp-json\/wp\/v2\/types\/page"}],"author":[{"embeddable":true,"href":"https:\/\/bloc.xarxa-omnia.org\/rierabonet\/wp-json\/wp\/v2\/users\/157"}],"replies":[{"embeddable":true,"href":"https:\/\/bloc.xarxa-omnia.org\/rierabonet\/wp-json\/wp\/v2\/comments?post=963"}],"version-history":[{"count":4,"href":"https:\/\/bloc.xarxa-omnia.org\/rierabonet\/wp-json\/wp\/v2\/pages\/963\/revisions"}],"predecessor-version":[{"id":974,"href":"https:\/\/bloc.xarxa-omnia.org\/rierabonet\/wp-json\/wp\/v2\/pages\/963\/revisions\/974"}],"wp:attachment":[{"href":"https:\/\/bloc.xarxa-omnia.org\/rierabonet\/wp-json\/wp\/v2\/media?parent=963"}],"curies":[{"name":"wp","href":"https:\/\/api.w.org\/{rel}","templated":true}]}}