{"id":130,"date":"2019-01-17T09:38:00","date_gmt":"2019-01-17T09:38:00","guid":{"rendered":"http:\/\/xarxaomnia.gencat.cat\/blocs\/ripoll\/?page_id=130"},"modified":"2021-09-08T10:58:36","modified_gmt":"2021-09-08T10:58:36","slug":"recursos-infantil","status":"publish","type":"page","link":"https:\/\/bloc.xarxa-omnia.org\/ripoll\/?page_id=130","title":{"rendered":"Activitats infantils"},"content":{"rendered":"<h4>&nbsp;<\/h4>\n<p style=\"text-align: justify\"><a href=\"http:\/\/www.edu365.cat\/\" rel=\"attachment wp-att-332\"><img loading=\"lazy\" decoding=\"async\" class=\"alignleft size-thumbnail wp-image-332\" src=\"http:\/\/xarxaomnia.gencat.cat\/blocs\/ripoll\/files\/2019\/01\/edu365-150x150.png\" alt=\"edu365\" width=\"150\" height=\"150\" srcset=\"https:\/\/bloc.xarxa-omnia.org\/ripoll\/files\/2019\/01\/edu365-150x150.png 150w, https:\/\/bloc.xarxa-omnia.org\/ripoll\/files\/2019\/01\/edu365.png 177w\" sizes=\"auto, (max-width: 150px) 100vw, 150px\" \/><\/a><a href=\"http:\/\/www.edu365.cat\/\" target=\"_blank\" rel=\"noopener noreferrer\">edu365<\/a> L\u2019edu365 \u00e9s el portal del Departament d\u2019Ensenyament de la Generalitat de Catalunya adre\u00e7at a l\u2019alumnat de les escoles i instituts del pa\u00eds i les seves fam\u00edlies, tot i que qualsevol usuari pot fer \u00fas dels recursos que hi apareixen.<\/p>\n<p><a href=\"https:\/\/clic.xtec.cat\/repo\/\" rel=\"attachment wp-att-335\"><img loading=\"lazy\" decoding=\"async\" class=\"alignleft size-thumbnail wp-image-335\" src=\"http:\/\/xarxaomnia.gencat.cat\/blocs\/ripoll\/files\/2019\/01\/JClic-logo-150x140.png\" alt=\"JClic-logo\" width=\"150\" height=\"140\"><\/a><\/p>\n<p>&nbsp;<\/p>\n<p style=\"text-align: justify\"><a href=\"https:\/\/clic.xtec.cat\/legacy\/ca\/act\/index.html\" target=\"_blank\" rel=\"noopener noreferrer\">JClic&nbsp;<\/a> Biblioteca d\u2019activitats creades per educadors i educadores, a trav\u00e9s d&#8217;aplicacions Clic. Activitats per totes les edats.<\/p>\n<p><a href=\"https:\/\/studio.code.org\/s\/course2\/stage\/3\/puzzle\/1\" rel=\"attachment wp-att-337\"><img loading=\"lazy\" decoding=\"async\" class=\"alignleft size-thumbnail wp-image-337\" src=\"http:\/\/xarxaomnia.gencat.cat\/blocs\/ripoll\/files\/2019\/01\/code-org-150x150.jpg\" alt=\"code org\" width=\"150\" height=\"150\"><\/a><\/p>\n<p style=\"text-align: justify\"><a href=\"https:\/\/studio.code.org\/s\/course2\/stage\/3\/puzzle\/1\" target=\"_blank\" rel=\"noopener noreferrer\">CODE.org<\/a>&nbsp; Apr\u00e8n a programar amb l&#8217;Angry Birds. Un joc per a infants, que ajuda a&nbsp; familiaritzar-se amb codis oberts de programaci\u00f3 com \u00e9s l&#8217;Scratch.<\/p>\n<p>&nbsp;<\/p>\n<p><a href=\"http:\/\/www.superjocs.com\/jocs\/educatius\/\" rel=\"attachment wp-att-339\"><img loading=\"lazy\" decoding=\"async\" class=\"alignleft size-thumbnail wp-image-339\" src=\"http:\/\/xarxaomnia.gencat.cat\/blocs\/ripoll\/files\/2019\/01\/superjocs-150x150.jpg\" alt=\"superjocs\" width=\"150\" height=\"150\"><\/a><\/p>\n<p>&nbsp;<\/p>\n<p style=\"text-align: justify\"><a href=\"http:\/\/www.superjocs.com\/jocs\/educatius\/\" target=\"_blank\" rel=\"noopener noreferrer\">SUPER JOCS<\/a> &nbsp; Recull de jocs educatius<\/p>\n<p>&nbsp;<\/p>\n<p>&nbsp;<\/p>\n<p style=\"text-align: justify\"><a href=\"http:\/\/www.cristic.com\/juegos-educativos\/?lang=ca\" rel=\"attachment wp-att-341\"><img loading=\"lazy\" decoding=\"async\" class=\"alignleft size-thumbnail wp-image-341\" src=\"http:\/\/xarxaomnia.gencat.cat\/blocs\/ripoll\/files\/2019\/01\/cristic-150x150.jpg\" alt=\"cristic\" width=\"150\" height=\"150\" srcset=\"https:\/\/bloc.xarxa-omnia.org\/ripoll\/files\/2019\/01\/cristic-150x150.jpg 150w, https:\/\/bloc.xarxa-omnia.org\/ripoll\/files\/2019\/01\/cristic-300x300.jpg 300w, https:\/\/bloc.xarxa-omnia.org\/ripoll\/files\/2019\/01\/cristic-768x768.jpg 768w, https:\/\/bloc.xarxa-omnia.org\/ripoll\/files\/2019\/01\/cristic.jpg 900w\" sizes=\"auto, (max-width: 150px) 100vw, 150px\" \/><\/a><a href=\"http:\/\/www.cristic.com\/juegos-educativos\/?lang=ca\" target=\"_blank\" rel=\"noopener noreferrer\">CRISTIC<\/a>&nbsp; Jocs educatius per infantil i prim\u00e0ria. M\u00e9s de 500 <strong>jocs educatius online<\/strong> per a que puguis aprendre a la vegada que et diverteixes. Els jocs estan organitzats per <strong>cursos<\/strong> i per <strong>assignatures.<\/strong><\/p>\n<p>&nbsp;<\/p>\n<p><a href=\"https:\/\/juegosinfantiles.bosquedefantasias.com\/\" rel=\"attachment wp-att-344\"><img loading=\"lazy\" decoding=\"async\" class=\"alignleft size-thumbnail wp-image-344\" src=\"http:\/\/xarxaomnia.gencat.cat\/blocs\/ripoll\/files\/2019\/01\/juegos-para-ni\u00f1os4-150x150.jpg\" alt=\"juegos-para-ni\u00f1os4\" width=\"150\" height=\"150\"><\/a><\/p>\n<p>&nbsp;<\/p>\n<p style=\"text-align: justify\"><a href=\"https:\/\/juegosinfantiles.bosquedefantasias.com\/\" target=\"_blank\" rel=\"noopener noreferrer\">JUEGOS INFANTILES&nbsp;<\/a> Jocs infantils per a Prim\u00e0ria (en castell\u00e0). Puzles, trobar difer\u00e8ncies, jocs classificats per \u00e0rees tem\u00e0tiques, papiroflexia, etc.<\/p>\n<p><a href=\"http:\/\/www.diariwin.cat\/mes\/\" rel=\"attachment wp-att-346\"><img loading=\"lazy\" decoding=\"async\" class=\"alignleft size-thumbnail wp-image-346\" src=\"http:\/\/xarxaomnia.gencat.cat\/blocs\/ripoll\/files\/2019\/01\/diariwin2013-150x150.jpg\" alt=\"diariwin2013\" width=\"150\" height=\"150\"><\/a><\/p>\n<p style=\"text-align: justify\"><a href=\"http:\/\/www.diariwin.cat\/mes\/jocs\/\" target=\"_blank\" rel=\"noopener noreferrer\">DIARI WIN&nbsp;<\/a> \u00c9s un<strong> diari digital familiar<\/strong> dirigit a alumnes d\u2019una edat entre els 8 i els 12 anys&nbsp;amb<strong> informaci\u00f3 en format not\u00edcies i videojocs.<\/strong> (Cal registrar-se)<\/p>\n<p>&nbsp;<\/p>\n<p style=\"text-align: justify\"><a href=\"https:\/\/www.trencaclosques.cat\/\" rel=\"attachment wp-att-349\"><img loading=\"lazy\" decoding=\"async\" class=\"alignleft size-thumbnail wp-image-349\" src=\"http:\/\/xarxaomnia.gencat.cat\/blocs\/ripoll\/files\/2019\/01\/trencaclosques-150x150.jpg\" alt=\"trencaclosques\" width=\"150\" height=\"150\"><\/a><a href=\"https:\/\/www.trencaclosques.cat\/\" target=\"_blank\" rel=\"noopener noreferrer\">TRENCACLOSQUES<span style=\"color: #003000\">&nbsp; <\/span><\/a>Trencaclosques.cat \u00e9s un web on pots fer molts trencaclosques online.&nbsp; Hi ha milers d&#8217;imatges de diferents tem\u00e0tiques ordenades per categories i podr\u00e0s seleccionar el nombre de peces i el seu estil, aconseguint aix\u00ed diferents nivells de dificultat.<\/p>\n<p><a href=\"http:\/\/www.unirpuntos.com\/\" rel=\"attachment wp-att-352\"><img loading=\"lazy\" decoding=\"async\" class=\"alignleft size-thumbnail wp-image-352\" src=\"http:\/\/xarxaomnia.gencat.cat\/blocs\/ripoll\/files\/2019\/01\/unir-punts-150x150.jpg\" alt=\"unir punts\" width=\"150\" height=\"150\"><\/a><\/p>\n<p>&nbsp;<\/p>\n<p style=\"text-align: justify\"><a href=\"http:\/\/www.unirpuntos.com\/\" target=\"_blank\" rel=\"noopener noreferrer\">UNIR PUNTS&nbsp;<\/a> Divertit oc d\u2019unir punts, \u00e9s molt f\u00e0cil ja que nom\u00e9s passat el ratol\u00ed per sobre dels nombres, ja es van unint uns amb els altres.<\/p>\n<p><a href=\"https:\/\/www.solitaireparadise.com\/es\/juego\/simon.html\" target=\"_blank\" rel=\"attachment noopener wp-att-354 noreferrer\"><img loading=\"lazy\" decoding=\"async\" class=\"alignleft wp-image-354 size-thumbnail\" src=\"http:\/\/bloc.xarxa-omnia.org\/ripoll\/files\/2019\/01\/simon-150x150.jpg\" alt=\"simon\" width=\"150\" height=\"150\" srcset=\"https:\/\/bloc.xarxa-omnia.org\/ripoll\/files\/2019\/01\/simon-150x150.jpg 150w, https:\/\/bloc.xarxa-omnia.org\/ripoll\/files\/2019\/01\/simon-300x300.jpg 300w, https:\/\/bloc.xarxa-omnia.org\/ripoll\/files\/2019\/01\/simon.jpg 640w\" sizes=\"auto, (max-width: 150px) 100vw, 150px\" \/><\/a><\/p>\n<p>&nbsp;<\/p>\n<p style=\"text-align: justify\"><a href=\"https:\/\/www.solitaireparadise.com\/es\/juego\/simon.html\" target=\"_blank\" rel=\"noopener noreferrer\" data-wplink-edit=\"true\">SIMON<\/a>&nbsp; Versi\u00f3&nbsp; online del cl\u00e0ssic joc de mem\u00f2ria. Es tracta de memoritzar la sequ\u00e8ncia de colors i repetir-la. La dificultat \u00e9s&nbsp; progressiva.<\/p>\n<p><a href=\"http:\/\/www.petitaxarxa.cat\/\" rel=\"attachment wp-att-357\"><img loading=\"lazy\" decoding=\"async\" class=\"alignleft size-thumbnail wp-image-357\" src=\"http:\/\/xarxaomnia.gencat.cat\/blocs\/ripoll\/files\/2019\/01\/petitaxarxa-150x150.jpg\" alt=\"petitaxarxa\" width=\"150\" height=\"150\"><\/a><\/p>\n<p><a href=\"http:\/\/www.petitaxarxa.cat\/\" target=\"_blank\" rel=\"noopener noreferrer\">PETITA XARXA<\/a>&nbsp; Petitaxarxa.cat \u00e9s el portal infantil de lamalla.cat i de la Xarxa de Televisions Locals. Aqu\u00ed hi trobareu not\u00edcies, jocs, activitats, concursos, v\u00eddeos i molt m\u00e9s.<\/p>\n<p>&nbsp;<\/p>\n<p><a href=\"http:\/\/www.aprendiendomates.com\/index.php\" rel=\"attachment wp-att-359\"><img loading=\"lazy\" decoding=\"async\" class=\"alignleft size-thumbnail wp-image-359\" src=\"http:\/\/xarxaomnia.gencat.cat\/blocs\/ripoll\/files\/2019\/01\/aprendiendo-mates-150x150.jpg\" alt=\"aprendiendo mates\" width=\"150\" height=\"150\"><\/a><\/p>\n<p>&nbsp;<\/p>\n<p><a href=\"http:\/\/aprendiendomates.com\/index.php\" target=\"_blank\" rel=\"noopener noreferrer\">APRENENT MATES<\/a>&nbsp; Exercicis online de matem\u00e0tiques. Tots els nivells (Castell\u00e0)<\/p>\n<p>&nbsp;<\/p>\n<p>&nbsp;<\/p>\n<p><a href=\"http:\/\/teranyina.weebly.com\/\" rel=\"attachment wp-att-374\"><img loading=\"lazy\" decoding=\"async\" class=\"alignleft size-thumbnail wp-image-374\" src=\"http:\/\/xarxaomnia.gencat.cat\/blocs\/ripoll\/files\/2019\/01\/teranyina-150x150.jpg\" alt=\"teranyina\" width=\"150\" height=\"150\"><\/a><\/p>\n<p>&nbsp;<\/p>\n<p><a href=\"http:\/\/teranyina.weebly.com\/\" target=\"_blank\" rel=\"noopener noreferrer\">LA TERANYINA<\/a>&nbsp; En aquesta p\u00e0gina podreu fer exercicis o jocs en l\u00ednia,&nbsp; pensats per millorar el vostre nivell de matem\u00e0tiques, catal\u00e0, inform\u00e0tica&#8230; i molt m\u00e9s!<\/p>\n<p>&nbsp;<\/p>\n<p><a href=\"https:\/\/www.jigsawplanet.com\/?rc=explore&amp;tp=5\" target=\"_blank\" rel=\"noopener noreferrer\"><img loading=\"lazy\" decoding=\"async\" class=\"wp-image-560 alignleft\" src=\"http:\/\/bloc.xarxa-omnia.org\/ripoll\/files\/2019\/01\/puzles-1024x511.jpg\" alt=\"puzles\" width=\"168\" height=\"84\" srcset=\"https:\/\/bloc.xarxa-omnia.org\/ripoll\/files\/2019\/01\/puzles-1024x511.jpg 1024w, https:\/\/bloc.xarxa-omnia.org\/ripoll\/files\/2019\/01\/puzles-300x150.jpg 300w, https:\/\/bloc.xarxa-omnia.org\/ripoll\/files\/2019\/01\/puzles-768x383.jpg 768w, https:\/\/bloc.xarxa-omnia.org\/ripoll\/files\/2019\/01\/puzles.jpg 1248w\" sizes=\"auto, (max-width: 168px) 100vw, 168px\" \/><\/a><\/p>\n<p><a href=\"https:\/\/www.jigsawplanet.com\/?rc=explore&amp;tp=5\" target=\"_blank\" rel=\"noopener noreferrer\">PUZLES\/TRENCACLOSQUES<\/a>.<\/p>\n<p>&nbsp;<\/p>\n<p>&nbsp;<\/p>\n<p>&nbsp;<\/p>\n<p><a href=\"http:\/\/www.genmagic.net\/repositorio\/index.php?lang=catalan\" rel=\"attachment wp-att-361\"><img loading=\"lazy\" decoding=\"async\" class=\"alignleft size-thumbnail wp-image-361\" src=\"http:\/\/xarxaomnia.gencat.cat\/blocs\/ripoll\/files\/2019\/01\/genmagic-150x150.jpg\" alt=\"genmagic\" width=\"150\" height=\"150\" srcset=\"https:\/\/bloc.xarxa-omnia.org\/ripoll\/files\/2019\/01\/genmagic-150x150.jpg 150w, https:\/\/bloc.xarxa-omnia.org\/ripoll\/files\/2019\/01\/genmagic-298x300.jpg 298w, https:\/\/bloc.xarxa-omnia.org\/ripoll\/files\/2019\/01\/genmagic.jpg 395w\" sizes=\"auto, (max-width: 150px) 100vw, 150px\" \/><\/a><\/p>\n<p><a href=\"http:\/\/www.genmagic.net\/repositorio\/index.php?lang=catalan\" target=\"_blank\" rel=\"noopener noreferrer\">GENM\u00c0GIC.ES <\/a> Banc d&#8217;exercicis interactius. Ideals com a refor\u00e7 escolar<\/p>\n<p><a href=\"http:\/\/genmagic.ning.com\/\" target=\"_blank\" rel=\"noopener noreferrer\">GENM\u00c0GIC.COM<\/a>&nbsp; Activitats&nbsp; interactives. Per \u00e0rees tem\u00e0tiques.<\/p>\n<p>&nbsp;<\/p>\n<p><a href=\"https:\/\/www.mundoprimaria.com\/\" rel=\"attachment wp-att-363\"><img loading=\"lazy\" decoding=\"async\" class=\"alignleft size-thumbnail wp-image-363\" src=\"http:\/\/xarxaomnia.gencat.cat\/blocs\/ripoll\/files\/2019\/01\/mundo-primaria-150x150.jpg\" alt=\"mundo primaria\" width=\"150\" height=\"150\"><\/a><\/p>\n<p>&nbsp;<\/p>\n<p style=\"text-align: justify\"><span style=\"color: #99cc00\"><a href=\"https:\/\/www.mundoprimaria.com\/\" target=\"_blank\" rel=\"noopener noreferrer\">MUNDO PRIMARIA<\/a><a style=\"color: #99cc00\" href=\"https:\/\/www.mundoprimaria.com\/\" target=\"_blank\" rel=\"noopener noreferrer\">&nbsp;<\/a><\/span> Recursos did\u00e0ctics gratu\u00efts per a infants. En castell\u00e0.<\/p>\n<p>&nbsp;<\/p>\n","protected":false},"excerpt":{"rendered":"<p>&nbsp; edu365 L\u2019edu365 \u00e9s el portal del Departament d\u2019Ensenyament de la Generalitat de Catalunya adre\u00e7at a l\u2019alumnat de les escoles i instituts del pa\u00eds i les seves fam\u00edlies, tot i que qualsevol usuari pot fer \u00fas dels recursos que hi apareixen. &nbsp; JClic&nbsp; Biblioteca d\u2019activitats creades per educadors i educadores, a trav\u00e9s d&#8217;aplicacions Clic. Activitats &hellip; <a href=\"https:\/\/bloc.xarxa-omnia.org\/ripoll\/?page_id=130\" class=\"more-link\">Continua la lectura de <span class=\"screen-reader-text\">Activitats infantils<\/span> <span class=\"meta-nav\">&rarr;<\/span><\/a><\/p>\n","protected":false},"author":195,"featured_media":0,"parent":106,"menu_order":0,"comment_status":"closed","ping_status":"closed","template":"","meta":{"_s2mail":"","ngg_post_thumbnail":0,"footnotes":""},"class_list":["post-130","page","type-page","status-publish","hentry"],"_links":{"self":[{"href":"https:\/\/bloc.xarxa-omnia.org\/ripoll\/index.php?rest_route=\/wp\/v2\/pages\/130","targetHints":{"allow":["GET"]}}],"collection":[{"href":"https:\/\/bloc.xarxa-omnia.org\/ripoll\/index.php?rest_route=\/wp\/v2\/pages"}],"about":[{"href":"https:\/\/bloc.xarxa-omnia.org\/ripoll\/index.php?rest_route=\/wp\/v2\/types\/page"}],"author":[{"embeddable":true,"href":"https:\/\/bloc.xarxa-omnia.org\/ripoll\/index.php?rest_route=\/wp\/v2\/users\/195"}],"replies":[{"embeddable":true,"href":"https:\/\/bloc.xarxa-omnia.org\/ripoll\/index.php?rest_route=%2Fwp%2Fv2%2Fcomments&post=130"}],"version-history":[{"count":46,"href":"https:\/\/bloc.xarxa-omnia.org\/ripoll\/index.php?rest_route=\/wp\/v2\/pages\/130\/revisions"}],"predecessor-version":[{"id":794,"href":"https:\/\/bloc.xarxa-omnia.org\/ripoll\/index.php?rest_route=\/wp\/v2\/pages\/130\/revisions\/794"}],"up":[{"embeddable":true,"href":"https:\/\/bloc.xarxa-omnia.org\/ripoll\/index.php?rest_route=\/wp\/v2\/pages\/106"}],"wp:attachment":[{"href":"https:\/\/bloc.xarxa-omnia.org\/ripoll\/index.php?rest_route=%2Fwp%2Fv2%2Fmedia&parent=130"}],"curies":[{"name":"wp","href":"https:\/\/api.w.org\/{rel}","templated":true}]}}