{"id":144,"date":"2019-01-17T10:21:22","date_gmt":"2019-01-17T10:21:22","guid":{"rendered":"http:\/\/xarxaomnia.gencat.cat\/blocs\/ripoll\/?page_id=144"},"modified":"2020-03-19T10:44:04","modified_gmt":"2020-03-19T10:44:04","slug":"recursos-taller-memoritzat","status":"publish","type":"page","link":"https:\/\/bloc.xarxa-omnia.org\/ripoll\/?page_id=144","title":{"rendered":"Recursos taller Memoritza&#8217;t"},"content":{"rendered":"<p style=\"text-align: justify\">Exercitar la nostra mem\u00f2ria, hauria de ser una obligaci\u00f3 per a tots nosaltres, sobretot un cop passats els 50 anys.<\/p>\n<p style=\"text-align: justify\">Mantenir actiu el nostre cervell i desperta la nostra mem\u00f2ria, pot ser-nos de molta ajuda, especialment per a reduir el risc de patir malalties degeneratives relacionades amb la mem\u00f2ria.<\/p>\n<p style=\"text-align: justify\">ACTIVITATS online<\/p>\n<p style=\"text-align: justify\"><a href=\"https:\/\/familiados.com\/blog\/las-12-mejores-apps-para-ejercitar-la-mente-de-nuestros-mayores\/?fbclid=IwAR1pavY0SxuoIrbndXDN6w9n4r8n4CNFXXoesXPBy71CGz_SuhrCVW-vZvQ\" target=\"_blank\">Las 12 mejores apps para ejercitar la mente de nuestros mayores<\/a>.<\/p>\n<p><a href=\"https:\/\/www.juegosdememoriagratis.com\/index.html\" target=\"_blank\">MEMORY<\/a> Joc de fer parelles. Diferents dificultats<\/p>\n<p><a href=\"https:\/\/www.minijuegos.com\/juego\/philips-lady\" target=\"_blank\">JOC DE PARELLES<\/a> Divertit joc de fer parelles amb rapidesa. La dificultat augmenta a cada pantalla que superes.<\/p>\n<p><a href=\"https:\/\/www.juegos-mentales.com\/juego\/Brain+Trainer#\" target=\"_blank\">ENTRENAMENT MENTAL\u00a0<\/a> Brain Trainer. Minijocs d\u2019entrenament diari.<\/p>\n<p><a href=\"http:\/\/media.diba.cat\/diba\/html\/benestar\/memoria\/inici.html\" target=\"_blank\">EXERCICIS D\u2019ENTRENAMENT DE LA MEM\u00d2RIA <\/a>Petits exercicis de mem\u00f2ria, llenguatge, atenci\u00f3, c\u00e0lcul i estrat\u00e8gia.<\/p>\n<p><a href=\"http:\/\/neutralx0.net\/home\/mini04.html\" target=\"_blank\">MEMORITZA IMATGES<\/a> Nivell de dificultat progressiu.<\/p>\n<p><a href=\"http:\/\/www.sopasletras.com\/\" target=\"_blank\">PASSATEMPS<\/a>\u00a0 Sopes de lletres, crucigrames, endevinalles, jocs de preguntes\u2026<\/p>\n<p><a href=\"https:\/\/solitariosonline.es\/\" target=\"_blank\">SOLITARIS ONLINE<\/a> Diferents propostes\u00a0 per jugar de forma individual<\/p>\n<p><a href=\"https:\/\/www.epasatiempos.es\/\" target=\"_blank\">PASATIEMPOS<\/a> Crucigrames, sopes de lletres, puzles\u2026(en castell\u00e0)<\/p>\n<p>&nbsp;<\/p>\n<p><strong>RECURSOS EN PAPER per imprimir<\/strong><\/p>\n<p><a href=\"http:\/\/envejeceractivos.com\/tag\/material-estimulacion-cognitiva\/\" target=\"_blank\">ENVELLIMENT ACTIU<\/a> Material d\u2019estimulaci\u00f3 cognitiva.<\/p>\n<p style=\"text-align: left\"><a href=\"https:\/\/www.plusesmas.com\/ocio\/ejercicios-de-memoria\/juegos-y-ejercicios-de-memoria\/\" target=\"_blank\">JOCS I EXERCICIS DE MEM\u00d2RIA<\/a> \u00a0 27 jocs de mem\u00f2ria, amb dificultat progressiva.<\/p>\n","protected":false},"excerpt":{"rendered":"<p>Exercitar la nostra mem\u00f2ria, hauria de ser una obligaci\u00f3 per a tots nosaltres, sobretot un cop passats els 50 anys. Mantenir actiu el nostre cervell i desperta la nostra mem\u00f2ria, pot ser-nos de molta ajuda, especialment per a reduir el risc de patir malalties degeneratives relacionades amb la mem\u00f2ria. ACTIVITATS online Las 12 mejores apps &hellip; <a href=\"https:\/\/bloc.xarxa-omnia.org\/ripoll\/?page_id=144\" class=\"more-link\">Continua la lectura de <span class=\"screen-reader-text\">Recursos taller Memoritza&#8217;t<\/span> <span class=\"meta-nav\">&rarr;<\/span><\/a><\/p>\n","protected":false},"author":195,"featured_media":0,"parent":106,"menu_order":0,"comment_status":"closed","ping_status":"closed","template":"","meta":{"_s2mail":"","ngg_post_thumbnail":0,"footnotes":""},"class_list":["post-144","page","type-page","status-publish","hentry"],"_links":{"self":[{"href":"https:\/\/bloc.xarxa-omnia.org\/ripoll\/index.php?rest_route=\/wp\/v2\/pages\/144","targetHints":{"allow":["GET"]}}],"collection":[{"href":"https:\/\/bloc.xarxa-omnia.org\/ripoll\/index.php?rest_route=\/wp\/v2\/pages"}],"about":[{"href":"https:\/\/bloc.xarxa-omnia.org\/ripoll\/index.php?rest_route=\/wp\/v2\/types\/page"}],"author":[{"embeddable":true,"href":"https:\/\/bloc.xarxa-omnia.org\/ripoll\/index.php?rest_route=\/wp\/v2\/users\/195"}],"replies":[{"embeddable":true,"href":"https:\/\/bloc.xarxa-omnia.org\/ripoll\/index.php?rest_route=%2Fwp%2Fv2%2Fcomments&post=144"}],"version-history":[{"count":8,"href":"https:\/\/bloc.xarxa-omnia.org\/ripoll\/index.php?rest_route=\/wp\/v2\/pages\/144\/revisions"}],"predecessor-version":[{"id":575,"href":"https:\/\/bloc.xarxa-omnia.org\/ripoll\/index.php?rest_route=\/wp\/v2\/pages\/144\/revisions\/575"}],"up":[{"embeddable":true,"href":"https:\/\/bloc.xarxa-omnia.org\/ripoll\/index.php?rest_route=\/wp\/v2\/pages\/106"}],"wp:attachment":[{"href":"https:\/\/bloc.xarxa-omnia.org\/ripoll\/index.php?rest_route=%2Fwp%2Fv2%2Fmedia&parent=144"}],"curies":[{"name":"wp","href":"https:\/\/api.w.org\/{rel}","templated":true}]}}