{"id":306,"date":"2019-01-27T18:30:24","date_gmt":"2019-01-27T18:30:24","guid":{"rendered":"http:\/\/xarxaomnia.gencat.cat\/blocs\/ripoll\/?page_id=306"},"modified":"2019-01-27T18:30:40","modified_gmt":"2019-01-27T18:30:40","slug":"scratch-un-llenguatge-de-programacio","status":"publish","type":"page","link":"https:\/\/bloc.xarxa-omnia.org\/ripoll\/?page_id=306","title":{"rendered":"Scratch, un llenguatge de programaci\u00f3"},"content":{"rendered":"<p>Scratch, \u00e9s un llenguatge de programaci\u00f3 creat per\u00a0 <a href=\"http:\/\/web.mit.edu\/\">MIT<\/a> i especialment dissenyat perqu\u00e8 tothom pugui iniciar-se\u00a0 en la programaci\u00f3. Serveix per crear hist\u00f2ries interactives, jocs i animacions. Permet el desenvolupament dels processos de pensament i habilitats mentals en els alumnes, i \u00e9s perfecte per introduir-los en el m\u00f3n de la programaci\u00f3.<\/p>\n<p><a href=\"https:\/\/scratch.uptodown.com\/windows\" rel=\"attachment wp-att-307\"><img loading=\"lazy\" decoding=\"async\" class=\"aligncenter size-full wp-image-307\" src=\"http:\/\/xarxaomnia.gencat.cat\/blocs\/ripoll\/files\/2019\/01\/scratch.png\" alt=\"sctatch\" width=\"1248\" height=\"819\" srcset=\"https:\/\/bloc.xarxa-omnia.org\/ripoll\/files\/2019\/01\/scratch.png 1248w, https:\/\/bloc.xarxa-omnia.org\/ripoll\/files\/2019\/01\/scratch-300x197.png 300w, https:\/\/bloc.xarxa-omnia.org\/ripoll\/files\/2019\/01\/scratch-768x504.png 768w, https:\/\/bloc.xarxa-omnia.org\/ripoll\/files\/2019\/01\/scratch-1024x672.png 1024w\" sizes=\"auto, (max-width: 1248px) 100vw, 1248px\" \/><\/a><\/p>\n<p><a href=\"https:\/\/scratch.uptodown.com\/windows\" target=\"_blank\">Desc\u00e0rregues:<\/a> Aqu\u00ed et pots descarregar l&#8217;aplicaci\u00f3. \u00c9s gratu\u00efta.<\/p>\n<p><a href=\"https:\/\/www.areatecnologia.com\/informatica\/scratch-2-tutorial-online.html\" target=\"_blank\">Tutorials<\/a>: Aqu\u00ed hi tens uns s\u00e8rie de tutorials per aprendre a programar i a fer jocs amb l&#8217;editor de programaci\u00f3 Scratch 2.0<\/p>\n<p>&nbsp;<\/p>\n","protected":false},"excerpt":{"rendered":"<p>Scratch, \u00e9s un llenguatge de programaci\u00f3 creat per\u00a0 MIT i especialment dissenyat perqu\u00e8 tothom pugui iniciar-se\u00a0 en la programaci\u00f3. Serveix per crear hist\u00f2ries interactives, jocs i animacions. Permet el desenvolupament dels processos de pensament i habilitats mentals en els alumnes, i \u00e9s perfecte per introduir-los en el m\u00f3n de la programaci\u00f3. Desc\u00e0rregues: Aqu\u00ed et pots &hellip; <a href=\"https:\/\/bloc.xarxa-omnia.org\/ripoll\/?page_id=306\" class=\"more-link\">Continua la lectura de <span class=\"screen-reader-text\">Scratch, un llenguatge de programaci\u00f3<\/span> <span class=\"meta-nav\">&rarr;<\/span><\/a><\/p>\n","protected":false},"author":195,"featured_media":0,"parent":0,"menu_order":0,"comment_status":"closed","ping_status":"closed","template":"","meta":{"_s2mail":"","ngg_post_thumbnail":0,"footnotes":""},"class_list":["post-306","page","type-page","status-publish","hentry"],"_links":{"self":[{"href":"https:\/\/bloc.xarxa-omnia.org\/ripoll\/index.php?rest_route=\/wp\/v2\/pages\/306","targetHints":{"allow":["GET"]}}],"collection":[{"href":"https:\/\/bloc.xarxa-omnia.org\/ripoll\/index.php?rest_route=\/wp\/v2\/pages"}],"about":[{"href":"https:\/\/bloc.xarxa-omnia.org\/ripoll\/index.php?rest_route=\/wp\/v2\/types\/page"}],"author":[{"embeddable":true,"href":"https:\/\/bloc.xarxa-omnia.org\/ripoll\/index.php?rest_route=\/wp\/v2\/users\/195"}],"replies":[{"embeddable":true,"href":"https:\/\/bloc.xarxa-omnia.org\/ripoll\/index.php?rest_route=%2Fwp%2Fv2%2Fcomments&post=306"}],"version-history":[{"count":1,"href":"https:\/\/bloc.xarxa-omnia.org\/ripoll\/index.php?rest_route=\/wp\/v2\/pages\/306\/revisions"}],"predecessor-version":[{"id":308,"href":"https:\/\/bloc.xarxa-omnia.org\/ripoll\/index.php?rest_route=\/wp\/v2\/pages\/306\/revisions\/308"}],"wp:attachment":[{"href":"https:\/\/bloc.xarxa-omnia.org\/ripoll\/index.php?rest_route=%2Fwp%2Fv2%2Fmedia&parent=306"}],"curies":[{"name":"wp","href":"https:\/\/api.w.org\/{rel}","templated":true}]}}