{"id":496,"date":"2019-10-16T14:21:33","date_gmt":"2019-10-16T14:21:33","guid":{"rendered":"http:\/\/bloc.xarxa-omnia.org\/ripoll\/?page_id=496"},"modified":"2019-10-16T14:50:13","modified_gmt":"2019-10-16T14:50:13","slug":"eix-accio-comunitaria","status":"publish","type":"page","link":"https:\/\/bloc.xarxa-omnia.org\/ripoll\/?page_id=496","title":{"rendered":"Eix Acci\u00f3 Comunit\u00e0ria"},"content":{"rendered":"<p style=\"text-align: justify\">Al Punt \u00d2mnia facilitem el lliure acc\u00e9s a persones, entitats, grups i col\u00b7lectius perqu\u00e8 es generin din\u00e0miques de cohesi\u00f3 social i d\u2019intercanvi dins dels territoris. En aquest espai busquem potenciar el treball en xarxa, tant presencial com virtual, i entre tots els agents del territori, aix\u00ed com les xarxes personals dels usuaris i usu\u00e0ries.<\/p>\n","protected":false},"excerpt":{"rendered":"<p>Al Punt \u00d2mnia facilitem el lliure acc\u00e9s a persones, entitats, grups i col\u00b7lectius perqu\u00e8 es generin din\u00e0miques de cohesi\u00f3 social i d\u2019intercanvi dins dels territoris. En aquest espai busquem potenciar el treball en xarxa, tant presencial com virtual, i entre tots els agents del territori, aix\u00ed com les xarxes personals dels usuaris i usu\u00e0ries.<\/p>\n","protected":false},"author":195,"featured_media":0,"parent":0,"menu_order":0,"comment_status":"closed","ping_status":"closed","template":"","meta":{"_s2mail":"","ngg_post_thumbnail":0,"footnotes":""},"class_list":["post-496","page","type-page","status-publish","hentry"],"_links":{"self":[{"href":"https:\/\/bloc.xarxa-omnia.org\/ripoll\/index.php?rest_route=\/wp\/v2\/pages\/496","targetHints":{"allow":["GET"]}}],"collection":[{"href":"https:\/\/bloc.xarxa-omnia.org\/ripoll\/index.php?rest_route=\/wp\/v2\/pages"}],"about":[{"href":"https:\/\/bloc.xarxa-omnia.org\/ripoll\/index.php?rest_route=\/wp\/v2\/types\/page"}],"author":[{"embeddable":true,"href":"https:\/\/bloc.xarxa-omnia.org\/ripoll\/index.php?rest_route=\/wp\/v2\/users\/195"}],"replies":[{"embeddable":true,"href":"https:\/\/bloc.xarxa-omnia.org\/ripoll\/index.php?rest_route=%2Fwp%2Fv2%2Fcomments&post=496"}],"version-history":[{"count":2,"href":"https:\/\/bloc.xarxa-omnia.org\/ripoll\/index.php?rest_route=\/wp\/v2\/pages\/496\/revisions"}],"predecessor-version":[{"id":506,"href":"https:\/\/bloc.xarxa-omnia.org\/ripoll\/index.php?rest_route=\/wp\/v2\/pages\/496\/revisions\/506"}],"wp:attachment":[{"href":"https:\/\/bloc.xarxa-omnia.org\/ripoll\/index.php?rest_route=%2Fwp%2Fv2%2Fmedia&parent=496"}],"curies":[{"name":"wp","href":"https:\/\/api.w.org\/{rel}","templated":true}]}}