{"id":639,"date":"2021-02-02T17:20:01","date_gmt":"2021-02-02T17:20:01","guid":{"rendered":"http:\/\/bloc.xarxa-omnia.org\/ripoll\/?page_id=639"},"modified":"2021-05-04T15:04:27","modified_gmt":"2021-05-04T15:04:27","slug":"%e2%80%8b-llistat-de-tramits-online","status":"publish","type":"page","link":"https:\/\/bloc.xarxa-omnia.org\/ripoll\/?page_id=639","title":{"rendered":"\u200b Llistat de tr\u00e0mits online"},"content":{"rendered":"\n<p><\/p>\n\n\n\n<p class=\"has-text-color has-normal-font-size has-green-color\"><\/p>\n\n\n<h3 class=\"western\"><a href=\"https:\/\/imv.seg-social.es\/\"><span style=\"font-family: Liberation Sans Narrow, sans-serif\">Ingr\u00e9s M\u00ednim Vital<\/span><\/a><\/h3>\n<h3 class=\"western\"><a href=\"https:\/\/lamevasalut.gencat.cat\/web\/cps\/registra-t\"><span style=\"font-family: Liberation Sans Narrow, sans-serif\">Acc\u00e9s a la meva salut<\/span><\/a><\/h3>\n<h3 class=\"western\"><a href=\"https:\/\/ecap.ics.gencat.cat\/VisitesIServeis\/programacio_visites\/Visites.aspx\"><span style=\"font-family: Liberation Sans Narrow, sans-serif\">Cita pr\u00e8via al CAP<\/span><\/a><\/h3>\n<h3 class=\"western\"><a href=\"https:\/\/www.oficinadetreball.gencat.cat\/socfuncions\/LoginNifCodi.do?urlDesti=Renovacio.do\"><span style=\"font-family: Liberation Sans Narrow, sans-serif\">Renovaci\u00f3 Dardo (Demanda d\u2019ocupaci\u00f3)<\/span><\/a><\/h3>\n<h3 class=\"western\"><span style=\"font-family: Liberation Sans Narrow, sans-serif\"><a href=\"https:\/\/www.citapreviadnie.es\/citaPreviaDniExp\/Inicio.action\">Renovaci\u00f3 DNI\/NIE<\/a><!-- la renovaci\u00f3 del NIE (renovaci\u00f3 de resid\u00e8ncia temporal o autorizaci\u00f3 de residencia de llarga duraci\u00f3) juraria que es fa a les Oficines de estrangeria i no a la Policia Nacional com el DNI --><!-- Hi ha difer\u00e8ncia entre comunitaris i extracomuntaris pot ser? aqui parlen explicitament de NIE https:\/\/sede.administracionespublicas.gob.es\/pagina\/index\/directorio\/renova2012 --><\/span><\/h3>\n<h3 class=\"western\"><a href=\"https:\/\/sede.sepe.gob.es\/portalSede\/procedimientos-y-servicios\/personas\/proteccion-por-desempleo\/cita-Previa.html\"><span style=\"font-family: Liberation Sans Narrow, sans-serif\">Cita pr\u00e8via atur<\/span><\/a><\/h3>\n<h3 class=\"western\"><a href=\"https:\/\/tramits.seu.cat\/ABSIS\/EAD\/webspublicacion\/eMiservicio\/catala\/VisorITs\/C2FFC14F6BA849C28517F9729353E7D8.asp?codent=133&amp;FIL_WTXIDTRAM=06C1841D3A944532B529D6BAE4B1BC0B&amp;INF_WTXNOMTAB=F00000000&amp;INF_WTXCHKTEL=S&amp;INF_WTXIDSERT=F00000000&amp;INF_WTXNOMTRA=Inst%E0ncia%20gen%E8rica\"><span style=\"font-family: Liberation Sans Narrow, sans-serif\">Inst\u00e0ncia gen\u00e8rica &#8211; Ajuntament de Ripoll<\/span><\/a><\/h3>\n<h3 class=\"western\"><a href=\"https:\/\/idcatmobil.seu.cat\/\"><span style=\"font-family: Liberation Sans Narrow, sans-serif\">Idcat m\u00f2bil<\/span><\/a><\/h3>\n<h3 class=\"western\"><a href=\"https:\/\/www.idcat.cat\/idcat\/ciutada\/menu.do\"><span style=\"font-family: Liberation Sans Narrow, sans-serif\">idCAT, sol\u00b7licitar, descarregar i emmagatzemar el fitxer<\/span><\/a><\/h3>\n<h3 class=\"western\"><a href=\"https:\/\/www.agenciatributaria.gob.es\/AEAT.sede\/procedimientoini\/GC27.shtml\"><span style=\"font-family: Liberation Sans Narrow, sans-serif\">Sol\u00b7licitar carta invitaci\u00f3 <\/span><span style=\"color: #000080\"><span style=\"font-family: Liberation Sans Narrow, sans-serif\"><u>Cl@ve<\/u><\/span><\/span><\/a><\/h3>\n<h3 class=\"western\"><a href=\"http:\/\/web.gencat.cat\/ca\/tramits\/tramits-temes\/22066_Ajuts_lloguer_Covid?category=74aba454-a82c-11e3-a972-000c29052e2c\"><span style=\"font-family: Liberation Sans Narrow, sans-serif\">Tramitar ajuda de lloguer<\/span><\/a><\/h3>\n<h3 class=\"western\"><a href=\"http:\/\/web.gencat.cat\/ca\/tramits\/tramits-temes\/Avalloguer?category=74aba454-a82c-11e3-a972-000c29052e2c\"><span style=\"font-family: Liberation Sans Narrow, sans-serif\">Avalloguer. Cobertura propietaris<\/span><\/a><\/h3>\n<h3 class=\"western\"><a href=\"http:\/\/web.gencat.cat\/ca\/tramits\/tramits-temes\/20246_Subvencions-per-al-pagament-del-lloguer?category=74aba454-a82c-11e3-a972-000c29052e2c\"><span style=\"font-family: Liberation Sans Narrow, sans-serif\">Subvenci\u00f3 pagament lloguer<\/span><\/a><\/h3>\n<h3 class=\"western\"><a href=\"http:\/\/web.gencat.cat\/ca\/tramits\/tramits-temes\/22020_Subvencions-lloguer-gent-gran?category=74aba454-a82c-11e3-a972-000c29052e2c\"><span style=\"font-family: Liberation Sans Narrow, sans-serif\">Persones grans. Ajut pagament lloguer<\/span><\/a><\/h3>\n<h3 class=\"western\"><a href=\"https:\/\/tramits.pdacloud02a.gencat.cat\/tramit\/tre#\/modalitat\/OCU087SOLC?idioma=ca_ES&amp;modalitat=OCU087SOLC&amp;urlRetorn=OVT&amp;uuid=d285d5b2-5778-4fba-a876-a52b9a7a0bb5\"><span style=\"font-family: Liberation Sans Narrow, sans-serif\">Formulari &#8211; Alta com a demandant d&#8217;ocupaci\u00f3<\/span><\/a><\/h3>\n<h3 class=\"western\"><span style=\"font-family: Liberation Sans Narrow, sans-serif\"><a href=\"https:\/\/www.sede.fnmt.gob.es\/certificados\/persona-fisica\">Sol\u00b7licitar certificat digital FMNT<\/a><!-- Cal tenir en compte que el certificat digital s'instal\u00b7la en el dispositiu, de manera que des dels Punts no se si t\u00e9 massa sentit fer-ho (a nose que les persones participants vinguin amb el seu port\u00e0til?) --><\/span><\/h3>\n<h3 class=\"western\"><a href=\"https:\/\/feinaactiva.gencat.cat\/web\/guest\/candidateregistration\"><span style=\"font-family: Liberation Sans Narrow, sans-serif\">Alta portal Feina Activa<\/span><\/a><\/h3>\n<h3 class=\"western\"><a href=\"https:\/\/www.gestionvidalaboral.com\/\"><span style=\"font-family: Liberation Sans Narrow, sans-serif\">Sol\u00b7licitar l\u2019informe de la vida laboral<\/span><\/a><\/h3>\n<h3 class=\"western\"><a href=\"https:\/\/web.gencat.cat\/es\/tramits\/tramits-temes\/Titol-de-familia-nombrosa\"><span style=\"font-family: Liberation Sans Narrow, sans-serif\">Sol\u00b7licitud carnet fam\u00edlia nombrosa<\/span><\/a><\/h3>\n<h3 class=\"western\"><a href=\"https:\/\/sede.sepe.gob.es\/citaprevia\/solicitudCitaPrevia.do\"><span style=\"font-family: Liberation Sans Narrow, sans-serif\">Cita pr\u00e8via SEPE<\/span><\/a><\/h3>\n<h3 class=\"western\"><a href=\"https:\/\/ovt.gencat.cat\/gsitfc\/AppJava\/citpre\/citpre.do?reqCode=simpleSearch&amp;origenCC=CC\"><span style=\"font-family: Liberation Sans Narrow, sans-serif\">Cita pr\u00e8via OTG Renda Garantida<\/span><\/a><\/h3>\n<h3 class=\"western\"><a href=\"https:\/\/sede.seg-social.gob.es\/wps\/portal\/sede\/sede\/Ciudadanos\/cita%20previa%20para%20pensiones%20y%20otras%20prestaciones\/13cita%20previa%20para%20pensiones%20y%20otras%20prestaciones\/!ut\/p\/z1\/zVNNU8IwEP0reODYyaYp_TgWx6kghUGmQHNx0jaRqKSljSj-elNkxoNjHYaLOSSTl933dndeEEVrRBXby0emZanYi7mn1H0g2HVwAHgSwegGwiS-SwIyJ5HtotUxAH5ZISD6ez4E-JTfEUC79ZeIIporXekNShte8Ie8VJorWZRNH1qgD7l8LVjBVIvkUrNeVfO9NAerzcZVY3rlTe_QK3XNmva10Sw_gn3A5MyUtqAqlwVKg8wVduY5ViZAWI5HuMWcAbFczoQQmS14HnQPoO2Qds931ep1jRBOAR0cqanB-2YAiAycDGGxBBtDRNBqL_kbSlRZb40pFme2ePtDIcLzQasw80f3cwy-d6HCF_1g5gMegz0BN_YhDOaLZDLFBDznQvrxXy4030Q-7XY0NF5s7feu0fp_mNFUZtfxdfxoGmZ6Y0klSrQ-m-V84WqbJFufHKxnEd8QJx3vP4ZTi2aHt_DqE5SeNQk!\/dz\/d5\/L2dBISEvZ0FBIS9nQSEh\/\"><span style=\"font-family: Liberation Sans Narrow, sans-serif\">Cita pr\u00e8via Seguretat Social (Prestaci\u00f3 Jubilaci\u00f3)<\/span><\/a><\/h3>\n<h3 class=\"western\"><a href=\"https:\/\/actic.gencat.cat\/ca\/actic_serveis_actic\/actic_inscripcio_d_aspirant\/\"><span style=\"font-family: Liberation Sans Narrow, sans-serif\">Inscripci\u00f3 a la prova d\u2019ACTIC<\/span><\/a><\/h3>\n<h3 class=\"western\"><a href=\"https:\/\/ovt.gencat.cat\/gsitfc\/AppJava\/citpre\/citpre.do\"><span style=\"font-family: Liberation Sans Narrow, sans-serif\">Sol\u00b7licitar cita pr\u00e8via Generalitat de Catalunya &#8211; Dif. departaments<\/span><\/a><\/h3>\n<h3 class=\"western\"><a href=\"https:\/\/cita.citaprevia.cat\/\"><span style=\"font-family: Liberation Sans Narrow, sans-serif\">Cita pr\u00e8via ITV<\/span><\/a><\/h3>\n<h3 class=\"western\"><a href=\"https:\/\/atc.gencat.cat\/ca\/gestions\/certificats\/certificats-tributaris\/\"><span style=\"font-family: Liberation Sans Narrow, sans-serif\">Certificat corrent obligacions tribut\u00e0ries<\/span><\/a><\/h3>\n<h3 class=\"western\"><a href=\"https:\/\/sede.dgt.gob.es\/es\/otros-tramites\/cita-previa-jefaturas\/\"><span style=\"font-family: Liberation Sans Narrow, sans-serif\">Cita Diracci\u00f3 General de Tr\u00e0fic<\/span><\/a><\/h3>\n<h3 class=\"western\"><a href=\"https:\/\/www.sindic.cat\/ca\/page.asp?id=65#\"><span style=\"font-family: Liberation Sans Narrow, sans-serif\">Reclamacions S\u00edndic de Greuges<\/span><\/a><\/h3>\n<h3 class=\"western\"><a href=\"https:\/\/sede.mjusticia.gob.es\/ca\/tramites\/certificado-registro-central\"><span style=\"font-family: Liberation Sans Narrow, sans-serif\">Obtenci\u00f3 certificat delictes de naturalesa sexual <\/span><\/a><\/h3>\n<h3 class=\"western\"><a href=\"https:\/\/sede.mjusticia.gob.es\/ca\/tramites\/certificado-registro-central\"><span style=\"font-family: Liberation Sans Narrow, sans-serif\">Formulari pre-solicitud prestaci\u00f3 ind. desocupaci\u00f3 durant mesures covid-19<\/span><\/a><\/h3>\n<h3 class=\"western\"><a href=\"https:\/\/sede.mjusticia.gob.es\/es\/tramites\/certificado-nacimiento\"><span style=\"font-family: Liberation Sans Narrow, sans-serif\">Sol\u00b7licitud partida naixement &#8211; Gratu\u00eft<\/span><\/a><\/h3>\n<p>&nbsp;<\/p>\n<h3 class=\"western\">&nbsp;<\/h3>\n<h1 class=\"western\">&nbsp;<\/h1>\n<p>&nbsp;<\/p>\n<p>&nbsp;<\/p>\n<p>&nbsp;<\/p>\n<p>&nbsp;<\/p>","protected":false},"excerpt":{"rendered":"<p>Ingr\u00e9s M\u00ednim Vital Acc\u00e9s a la meva salut Cita pr\u00e8via al CAP Renovaci\u00f3 Dardo (Demanda d\u2019ocupaci\u00f3) Renovaci\u00f3 DNI\/NIE Cita pr\u00e8via atur Inst\u00e0ncia gen\u00e8rica &#8211; Ajuntament de Ripoll Idcat m\u00f2bil idCAT, sol\u00b7licitar, descarregar i emmagatzemar el fitxer Sol\u00b7licitar carta invitaci\u00f3 Cl@ve Tramitar ajuda de lloguer Avalloguer. Cobertura propietaris Subvenci\u00f3 pagament lloguer Persones grans. Ajut pagament lloguer &hellip; <a href=\"https:\/\/bloc.xarxa-omnia.org\/ripoll\/?page_id=639\" class=\"more-link\">Continua la lectura de <span class=\"screen-reader-text\">\u200b Llistat de tr\u00e0mits online<\/span> <span class=\"meta-nav\">&rarr;<\/span><\/a><\/p>\n","protected":false},"author":195,"featured_media":0,"parent":0,"menu_order":0,"comment_status":"closed","ping_status":"closed","template":"","meta":{"_s2mail":"","ngg_post_thumbnail":0,"footnotes":""},"class_list":["post-639","page","type-page","status-publish","hentry"],"_links":{"self":[{"href":"https:\/\/bloc.xarxa-omnia.org\/ripoll\/index.php?rest_route=\/wp\/v2\/pages\/639","targetHints":{"allow":["GET"]}}],"collection":[{"href":"https:\/\/bloc.xarxa-omnia.org\/ripoll\/index.php?rest_route=\/wp\/v2\/pages"}],"about":[{"href":"https:\/\/bloc.xarxa-omnia.org\/ripoll\/index.php?rest_route=\/wp\/v2\/types\/page"}],"author":[{"embeddable":true,"href":"https:\/\/bloc.xarxa-omnia.org\/ripoll\/index.php?rest_route=\/wp\/v2\/users\/195"}],"replies":[{"embeddable":true,"href":"https:\/\/bloc.xarxa-omnia.org\/ripoll\/index.php?rest_route=%2Fwp%2Fv2%2Fcomments&post=639"}],"version-history":[{"count":47,"href":"https:\/\/bloc.xarxa-omnia.org\/ripoll\/index.php?rest_route=\/wp\/v2\/pages\/639\/revisions"}],"predecessor-version":[{"id":768,"href":"https:\/\/bloc.xarxa-omnia.org\/ripoll\/index.php?rest_route=\/wp\/v2\/pages\/639\/revisions\/768"}],"wp:attachment":[{"href":"https:\/\/bloc.xarxa-omnia.org\/ripoll\/index.php?rest_route=%2Fwp%2Fv2%2Fmedia&parent=639"}],"curies":[{"name":"wp","href":"https:\/\/api.w.org\/{rel}","templated":true}]}}