{"id":709,"date":"2021-02-04T16:55:44","date_gmt":"2021-02-04T16:55:44","guid":{"rendered":"http:\/\/bloc.xarxa-omnia.org\/ripoll\/?page_id=709"},"modified":"2021-02-22T16:28:03","modified_gmt":"2021-02-22T16:28:03","slug":"estudis","status":"publish","type":"page","link":"https:\/\/bloc.xarxa-omnia.org\/ripoll\/?page_id=709","title":{"rendered":"Estudis"},"content":{"rendered":"<h4><a href=\"https:\/\/bibliotecavirtual.diba.cat\/tramits-en-linia\">Biblioteca virtual &#8211; Tr\u00e0mits en l\u00ednia <\/a><\/h4>\n<h4><a href=\"https:\/\/www.becaseducacion.gob.es\/becas-y-ayudas.html\">Beques educaci\u00f3 <\/a><\/h4>\n<h4><a href=\"http:\/\/www.educacionyfp.gob.es\/servicios-al-ciudadano\/catalogo\/estudiantes\/becas-ayudas\/para-estudiar.html\">Beques, ajudes i subvencions per estudiar<\/a><\/h4>\n<h4><a href=\"http:\/\/queestudiar.gencat.cat\/ca\/preinscripcio\/\">Preinscripcions escolars<\/a><\/h4>\n<h4><a href=\"https:\/\/ripolles.cat\/ensenyament\/\">Consell Comarcal Ripoll\u00e8s &#8211; Ensenyament<\/a><\/h4>\n<h4><a href=\"http:\/\/educacio.gencat.cat\/ca\/serveis-tramits\/proves\/proves-acces\/\">Proves d&#8217;acc\u00e9s (Formaci\u00f3 Professional)<\/a><\/h4>\n<h4 class=\"NG-menu__title\"><a href=\"http:\/\/educacio.gencat.cat\/ca\/serveis-tramits\/proves\/proves-lliures-obtencio-titols\/\">Proves lliures per a l&#8217;obtenci\u00f3 de t\u00edtols i certificats<\/a><\/h4>\n<h4><a href=\"http:\/\/queestudiar.gencat.cat\/ca\/homologacio\/\">Homologar els t\u00edtols i els estudis fets a l&#8217;estranger amb els t\u00edtols equivalents espanyols (no universitaris)<\/a><\/h4>\n<h4>&nbsp;<\/h4>\n<div class=\"NG-menu__wrapper_title\">\n<h4 class=\"NG-menu__title\">&nbsp;<\/h4>\n<\/div>\n<h4>&nbsp;<\/h4>\n\n\n<p><\/p>\n","protected":false},"excerpt":{"rendered":"<p>Biblioteca virtual &#8211; Tr\u00e0mits en l\u00ednia Beques educaci\u00f3 Beques, ajudes i subvencions per estudiar Preinscripcions escolars Consell Comarcal Ripoll\u00e8s &#8211; Ensenyament Proves d&#8217;acc\u00e9s (Formaci\u00f3 Professional) Proves lliures per a l&#8217;obtenci\u00f3 de t\u00edtols i certificats Homologar els t\u00edtols i els estudis fets a l&#8217;estranger amb els t\u00edtols equivalents espanyols (no universitaris) &nbsp; &nbsp; &nbsp;<\/p>\n","protected":false},"author":195,"featured_media":0,"parent":0,"menu_order":0,"comment_status":"closed","ping_status":"closed","template":"","meta":{"_s2mail":"","ngg_post_thumbnail":0,"footnotes":""},"class_list":["post-709","page","type-page","status-publish","hentry"],"_links":{"self":[{"href":"https:\/\/bloc.xarxa-omnia.org\/ripoll\/index.php?rest_route=\/wp\/v2\/pages\/709","targetHints":{"allow":["GET"]}}],"collection":[{"href":"https:\/\/bloc.xarxa-omnia.org\/ripoll\/index.php?rest_route=\/wp\/v2\/pages"}],"about":[{"href":"https:\/\/bloc.xarxa-omnia.org\/ripoll\/index.php?rest_route=\/wp\/v2\/types\/page"}],"author":[{"embeddable":true,"href":"https:\/\/bloc.xarxa-omnia.org\/ripoll\/index.php?rest_route=\/wp\/v2\/users\/195"}],"replies":[{"embeddable":true,"href":"https:\/\/bloc.xarxa-omnia.org\/ripoll\/index.php?rest_route=%2Fwp%2Fv2%2Fcomments&post=709"}],"version-history":[{"count":10,"href":"https:\/\/bloc.xarxa-omnia.org\/ripoll\/index.php?rest_route=\/wp\/v2\/pages\/709\/revisions"}],"predecessor-version":[{"id":766,"href":"https:\/\/bloc.xarxa-omnia.org\/ripoll\/index.php?rest_route=\/wp\/v2\/pages\/709\/revisions\/766"}],"wp:attachment":[{"href":"https:\/\/bloc.xarxa-omnia.org\/ripoll\/index.php?rest_route=%2Fwp%2Fv2%2Fmedia&parent=709"}],"curies":[{"name":"wp","href":"https:\/\/api.w.org\/{rel}","templated":true}]}}