{"id":104,"date":"2011-06-29T16:51:39","date_gmt":"2011-06-29T14:51:39","guid":{"rendered":"http:\/\/xarxaomnia.gencat.cat\/blocs\/robots\/?page_id=104"},"modified":"2011-07-29T10:43:35","modified_gmt":"2011-07-29T08:43:35","slug":"robots-omnia","status":"publish","type":"page","link":"https:\/\/bloc.xarxa-omnia.org\/robots\/robots-omnia\/","title":{"rendered":"Robots \u00d2mnia"},"content":{"rendered":"<p><big>Ja tens muntat <strong>el teu robot<\/strong> i li has fet una foto? Has trobat <strong>noves plantilles<\/strong>?<\/p>\n<p><strong>Deixa un comentari<\/strong> en aquesta p\u00e0gina per compartir-ho amb la resta de participants de la Xarxa \u00d2mnia!<\/big><\/p>\n<p><a href=\"http:\/\/xarxaomnia.gencat.cat\/blocs\/robots\/files\/2011\/06\/molts_robots_en_teclat.jpg\"><img loading=\"lazy\" decoding=\"async\" class=\"aligncenter size-full wp-image-109\" title=\"Robots de paper a sobre d'un teclat\" src=\"http:\/\/xarxaomnia.gencat.cat\/blocs\/robots\/files\/2011\/06\/molts_robots_en_teclat.jpg\" alt=\"Robots de paper a sobre d'un teclat\" width=\"300\" height=\"220\" \/><\/a><\/p>\n<p>Aqu\u00ed podeu veure uns exemples que ens han arribat des del Punt \u00d2mnia CPS &#8220;Francesc Palau&#8221;:<\/p>\n<p><a href=\"http:\/\/xarxaomnia.gencat.cat\/blocs\/robots\/files\/2011\/06\/SANY0010.jpg\"><img loading=\"lazy\" decoding=\"async\" class=\"aligncenter size-medium wp-image-171\" title=\"Punt \u00d2mnia CPS &quot;Francesc Palau&quot; \" src=\"http:\/\/xarxaomnia.gencat.cat\/blocs\/robots\/files\/2011\/06\/SANY0010-300x225.jpg\" alt=\"Punt \u00d2mnia CPS &quot;Francesc Palau&quot; \" width=\"300\" height=\"225\" srcset=\"https:\/\/bloc.xarxa-omnia.org\/robots\/files\/2011\/06\/SANY0010-300x225.jpg 300w, https:\/\/bloc.xarxa-omnia.org\/robots\/files\/2011\/06\/SANY0010.jpg 1600w\" sizes=\"auto, (max-width: 300px) 100vw, 300px\" \/><\/a><br \/>\n<a href=\"http:\/\/xarxaomnia.gencat.cat\/blocs\/robots\/files\/2011\/06\/SANY0017.jpg\"><img loading=\"lazy\" decoding=\"async\" class=\"aligncenter size-medium wp-image-172\" title=\"Punt \u00d2mnia CPS &quot;Francesc Palau&quot; robots\" src=\"http:\/\/xarxaomnia.gencat.cat\/blocs\/robots\/files\/2011\/06\/SANY0017-300x225.jpg\" alt=\"Punt \u00d2mnia CPS &quot;Francesc Palau&quot; - Robots\" width=\"300\" height=\"225\" srcset=\"https:\/\/bloc.xarxa-omnia.org\/robots\/files\/2011\/06\/SANY0017-300x225.jpg 300w, https:\/\/bloc.xarxa-omnia.org\/robots\/files\/2011\/06\/SANY0017.jpg 1600w\" sizes=\"auto, (max-width: 300px) 100vw, 300px\" \/><\/a><br \/>\nI vosaltres? us animeu a enviar-nos les vostres?<\/p>\n","protected":false},"excerpt":{"rendered":"<p>Ja tens muntat el teu robot i li has fet una foto? Has trobat noves plantilles? Deixa un comentari en aquesta p\u00e0gina per compartir-ho amb la resta de participants de la Xarxa \u00d2mnia! Aqu\u00ed podeu veure uns exemples que ens han arribat des del Punt \u00d2mnia CPS &#8220;Francesc Palau&#8221;: I vosaltres? us animeu a enviar-nos [&hellip;]<\/p>\n","protected":false},"author":61,"featured_media":0,"parent":0,"menu_order":2,"comment_status":"open","ping_status":"closed","template":"","meta":{"footnotes":""},"class_list":["post-104","page","type-page","status-publish","hentry"],"_links":{"self":[{"href":"https:\/\/bloc.xarxa-omnia.org\/robots\/wp-json\/wp\/v2\/pages\/104","targetHints":{"allow":["GET"]}}],"collection":[{"href":"https:\/\/bloc.xarxa-omnia.org\/robots\/wp-json\/wp\/v2\/pages"}],"about":[{"href":"https:\/\/bloc.xarxa-omnia.org\/robots\/wp-json\/wp\/v2\/types\/page"}],"author":[{"embeddable":true,"href":"https:\/\/bloc.xarxa-omnia.org\/robots\/wp-json\/wp\/v2\/users\/61"}],"replies":[{"embeddable":true,"href":"https:\/\/bloc.xarxa-omnia.org\/robots\/wp-json\/wp\/v2\/comments?post=104"}],"version-history":[{"count":11,"href":"https:\/\/bloc.xarxa-omnia.org\/robots\/wp-json\/wp\/v2\/pages\/104\/revisions"}],"predecessor-version":[{"id":118,"href":"https:\/\/bloc.xarxa-omnia.org\/robots\/wp-json\/wp\/v2\/pages\/104\/revisions\/118"}],"wp:attachment":[{"href":"https:\/\/bloc.xarxa-omnia.org\/robots\/wp-json\/wp\/v2\/media?parent=104"}],"curies":[{"name":"wp","href":"https:\/\/api.w.org\/{rel}","templated":true}]}}