{"id":3,"date":"2011-06-23T14:35:43","date_gmt":"2011-06-23T12:35:43","guid":{"rendered":"http:\/\/xarxaomnia.gencat.cat\/blocs\/robots\/?page_id=3"},"modified":"2012-10-16T13:57:56","modified_gmt":"2012-10-16T11:57:56","slug":"muntat-un-robot-de-paper","status":"publish","type":"page","link":"https:\/\/bloc.xarxa-omnia.org\/robots\/","title":{"rendered":"Inici"},"content":{"rendered":"<p><a href=\"http:\/\/xarxaomnia.gencat.cat\/blocs\/robots\/files\/2011\/06\/dosninos_marshall_alexander_i_eborg.jpg\"><img loading=\"lazy\" decoding=\"async\" class=\"alignleft size-full wp-image-60\" style=\"margin: 20px; float: left;\" title=\"Retallables de Marshall Alexander i Eborg3\" src=\"http:\/\/xarxaomnia.gencat.cat\/blocs\/robots\/files\/2011\/06\/dosninos_marshall_alexander_i_eborg.jpg\" alt=\"Retallables de Marshall Alexander i Eborg3\" width=\"150\" height=\"200\" \/><\/a><br \/>\n<big>La xarxa ens aporta un m\u00e0 de recursos per fer lluny de l&#8217;ordinador!<\/big><\/p>\n<p><big>Ja ho s\u00e9, per\u00f2&#8230; <\/big><\/p>\n<h2>Per a qu\u00e8 vull muntar un robot?<\/h2>\n<ul>\n<li><big>Per fer una mica de <strong>cerca per Internet<\/strong> i triar el que m\u00e9s t&#8217;agradi.<\/big><\/li>\n<li><big>Per deixar una estona l&#8217;ordinador i fer <strong>una manualitat<\/strong>.<\/big><\/li>\n<li><big>Per <strong>decorar<\/strong> el teu escriptori o per regalar-lo a alg\u00fa. Per tenir un autoretrat.<\/big><\/li>\n<li><big>Per posar-lo junt amb altres robots i fer un <a title=\"Activitat per fer stop motion\" href=\"http:\/\/xarxaomnia.gencat.cat\/blocs\/animat\/\">v\u00eddeo en stop motion<\/a>.<\/big><\/li>\n<\/ul>\n<p>\n<a href=\"http:\/\/xarxaomnia.gencat.cat\/blocs\/robots\/files\/2011\/06\/totoro_cubeecraft_ataronjat.jpg\"><img loading=\"lazy\" decoding=\"async\" class=\"alignleft size-full wp-image-64\" style=\"margin: 20px; float: left;\" title=\"Personatge Totoro del web Cubeecraft\" src=\"http:\/\/xarxaomnia.gencat.cat\/blocs\/robots\/files\/2011\/06\/totoro_cubeecraft_ataronjat.jpg\" alt=\"Personatge Totoro del web Cubeecraft\" width=\"150\" height=\"200\" \/><\/a><\/p>\n<h2>Qu\u00e8 necessito?<\/h2>\n<ul>\n<li><big>Un ordinador amb connexi\u00f3 a Internet i un programa visualitzador de documents <acronym title=\"Portable Document Format\" lang=\"en\">Pdf<\/acronym>.<\/big><\/li>\n<li><big>Una impressora, tinta i paper.<\/big><\/li>\n<li><big>Tisores, pega, i molta paci\u00e8ncia, de vegades no surt a la primera&#8230;<\/big><\/li>\n<\/ul>\n<p><\/p>\n<h2>Qu\u00e8 t\u00e9 aquest bloc?<\/h2>\n<p><big>En aquest bloc trobar\u00e0s <a title=\"Enlla\u00e7os a altres web des d'on baixar plantilles retallables\" lang=\"ca\" href=\"http:\/\/xarxaomnia.gencat.cat\/blocs\/robots\/descarregat-una-plantilla\/\">enlla\u00e7os a p\u00e0gines web<\/a> des d&#8217;on podr\u00e0s descarregar-te plantilles de robots retallables i altres personatges. Esperem les teves propostes!<\/big><\/p>\n<p><a href=\"http:\/\/xarxaomnia.gencat.cat\/blocs\/robots\/files\/2011\/06\/totoro_cubeecraft.jpg\"><\/a><a href=\"http:\/\/xarxaomnia.gencat.cat\/blocs\/robots\/files\/2011\/06\/mashall_alexander_i_eborg.jpg\"><img loading=\"lazy\" decoding=\"async\" class=\"alignleft size-full wp-image-62\" style=\"margin: 20px; float: left;\" title=\"Dos retallables: webs de Mashall Alexander i Eborg\" src=\"http:\/\/xarxaomnia.gencat.cat\/blocs\/robots\/files\/2011\/06\/mashall_alexander_i_eborg.jpg\" alt=\"Dos retallables: webs de Mashall Alexander i Eborg\" width=\"150\" height=\"200\" \/><\/a><\/p>\n<h2><a title=\"V\u00e9s a la p\u00e0gina dels comentaris\" lang=\"ca\" href=\"http:\/\/xarxaomnia.gencat.cat\/blocs\/robots\/robots-omnia\/\">Deixa el teu comentari amb<\/a>:<\/h2>\n<ul>\n<li><big>l&#8217;enlla\u00e7 a les plantilles que m\u00e9s t&#8217;agradin<\/big><\/li>\n<li><big>l&#8217;enlla\u00e7 a una foto del teu nino de paper!<\/big><\/li>\n<\/ul>\n<p><big><\/big><\/p>\n","protected":false},"excerpt":{"rendered":"<p>La xarxa ens aporta un m\u00e0 de recursos per fer lluny de l&#8217;ordinador! Ja ho s\u00e9, per\u00f2&#8230; Per a qu\u00e8 vull muntar un robot? Per fer una mica de cerca per Internet i triar el que m\u00e9s t&#8217;agradi. Per deixar una estona l&#8217;ordinador i fer una manualitat. Per decorar el teu escriptori o per regalar-lo [&hellip;]<\/p>\n","protected":false},"author":61,"featured_media":0,"parent":0,"menu_order":0,"comment_status":"closed","ping_status":"open","template":"","meta":{"footnotes":""},"class_list":["post-3","page","type-page","status-publish","hentry"],"_links":{"self":[{"href":"https:\/\/bloc.xarxa-omnia.org\/robots\/wp-json\/wp\/v2\/pages\/3","targetHints":{"allow":["GET"]}}],"collection":[{"href":"https:\/\/bloc.xarxa-omnia.org\/robots\/wp-json\/wp\/v2\/pages"}],"about":[{"href":"https:\/\/bloc.xarxa-omnia.org\/robots\/wp-json\/wp\/v2\/types\/page"}],"author":[{"embeddable":true,"href":"https:\/\/bloc.xarxa-omnia.org\/robots\/wp-json\/wp\/v2\/users\/61"}],"replies":[{"embeddable":true,"href":"https:\/\/bloc.xarxa-omnia.org\/robots\/wp-json\/wp\/v2\/comments?post=3"}],"version-history":[{"count":66,"href":"https:\/\/bloc.xarxa-omnia.org\/robots\/wp-json\/wp\/v2\/pages\/3\/revisions"}],"predecessor-version":[{"id":187,"href":"https:\/\/bloc.xarxa-omnia.org\/robots\/wp-json\/wp\/v2\/pages\/3\/revisions\/187"}],"wp:attachment":[{"href":"https:\/\/bloc.xarxa-omnia.org\/robots\/wp-json\/wp\/v2\/media?parent=3"}],"curies":[{"name":"wp","href":"https:\/\/api.w.org\/{rel}","templated":true}]}}