{"id":10,"date":"2013-03-19T15:09:08","date_gmt":"2013-03-19T13:09:08","guid":{"rendered":"http:\/\/blog.xarxa-omnia.org\/rosaillibre\/?page_id=10"},"modified":"2013-04-04T13:26:20","modified_gmt":"2013-04-04T11:26:20","slug":"ajuda","status":"publish","type":"page","link":"https:\/\/bloc.xarxa-omnia.org\/rosaillibre\/ajuda\/","title":{"rendered":"Miniguia"},"content":{"rendered":"<p>Abans de posar-nos amb Urturn&#8230;<\/p>\n<ul>\n<li>\u00c9s molt important que tinguem el <strong>navegador actualitzat<\/strong>.<\/li>\n<li>Pensem qu\u00e8 volem expressar i amb quin mitj\u00e0 (escrit, fotografia, v\u00eddeo, \u00e0udio) per triar la <strong>plantilla m\u00e9s adient<\/strong>. Visiteu la <a href=\"http:\/\/blog.xarxa-omnia.org\/rosaillibre\/idees\">p\u00e0gina d&#8217;idees<\/a> per trobar la inspiraci\u00f3.<\/li>\n<li>Per utilitzar el <strong>compte de la Xarxa \u00d2mnia<\/strong>, demanarem l&#8217;acc\u00e9s a la persona dinamitzadora del nostre punt.<\/li>\n<li>Etiquetarem les composicions amb <strong>#xarxaomnia<\/strong> i  <strong>#santjordi2013<\/strong>.<\/li>\n<li>L&#8217;eina \u00e9s prou intu\u00eftiva, tot i que si necessitem <strong>ajuda<\/strong>, preguntarem a seguiment(arrova)xarxa-omnia.org.<\/li>\n<\/ul>\n<p><\/big><br \/>\nConsulta la guia en <a href=\"http:\/\/urturn.com\/documents\/C5A0EC26-6DD0-0001-8456-4BEEC4F01667\">aquesta adre\u00e7a<\/a>. Descarrega <a href=\"http:\/\/blog.xarxa-omnia.org\/rosaillibre\/ajuda\/petita_guia_urturn\/\">aquesta miniguia en format tex<\/a>t.<\/p>\n<p><center><\/p>\n<div class=\"wdPostContainer\" data-document-id=\"C5A0EC26-6DD0-0001-8456-4BEEC4F01667\"  style=\"width: 75%\" data-height=\"1529\"><\/div>\n<p><script type=\"text\/javascript\" src=\"\/\/www.urturn.com\/embed.js\"><\/script><\/center>\n<\/td>\n<\/tr>\n","protected":false},"excerpt":{"rendered":"<p>Abans de posar-nos amb Urturn&#8230; \u00c9s molt important que tinguem el navegador actualitzat. Pensem qu\u00e8 volem expressar i amb quin mitj\u00e0 (escrit, fotografia, v\u00eddeo, \u00e0udio) per triar la plantilla m\u00e9s adient. Visiteu la p\u00e0gina d&#8217;idees per trobar la inspiraci\u00f3. Per utilitzar el compte de la Xarxa \u00d2mnia, demanarem l&#8217;acc\u00e9s a <a href=\"https:\/\/bloc.xarxa-omnia.org\/rosaillibre\/ajuda\/#more-'\" class=\"more-link\">continua \u00bb<\/a><\/p>\n","protected":false},"author":61,"featured_media":0,"parent":0,"menu_order":4,"comment_status":"closed","ping_status":"open","template":"","meta":{"footnotes":""},"class_list":["post-10","page","type-page","status-publish","hentry","column","twocol"],"_links":{"self":[{"href":"https:\/\/bloc.xarxa-omnia.org\/rosaillibre\/wp-json\/wp\/v2\/pages\/10","targetHints":{"allow":["GET"]}}],"collection":[{"href":"https:\/\/bloc.xarxa-omnia.org\/rosaillibre\/wp-json\/wp\/v2\/pages"}],"about":[{"href":"https:\/\/bloc.xarxa-omnia.org\/rosaillibre\/wp-json\/wp\/v2\/types\/page"}],"author":[{"embeddable":true,"href":"https:\/\/bloc.xarxa-omnia.org\/rosaillibre\/wp-json\/wp\/v2\/users\/61"}],"replies":[{"embeddable":true,"href":"https:\/\/bloc.xarxa-omnia.org\/rosaillibre\/wp-json\/wp\/v2\/comments?post=10"}],"version-history":[{"count":40,"href":"https:\/\/bloc.xarxa-omnia.org\/rosaillibre\/wp-json\/wp\/v2\/pages\/10\/revisions"}],"predecessor-version":[{"id":319,"href":"https:\/\/bloc.xarxa-omnia.org\/rosaillibre\/wp-json\/wp\/v2\/pages\/10\/revisions\/319"}],"wp:attachment":[{"href":"https:\/\/bloc.xarxa-omnia.org\/rosaillibre\/wp-json\/wp\/v2\/media?parent=10"}],"curies":[{"name":"wp","href":"https:\/\/api.w.org\/{rel}","templated":true}]}}