{"id":113,"date":"2013-03-26T14:27:48","date_gmt":"2013-03-26T12:27:48","guid":{"rendered":"http:\/\/blog.xarxa-omnia.org\/rosaillibre\/?page_id=113"},"modified":"2013-04-04T12:55:35","modified_gmt":"2013-04-04T10:55:35","slug":"apren","status":"publish","type":"page","link":"https:\/\/bloc.xarxa-omnia.org\/rosaillibre\/apren\/","title":{"rendered":"Apr\u00e8n"},"content":{"rendered":"<h2>Fer una composici\u00f3 multim\u00e8dia 2.0 \u00e9s molt f\u00e0cil i, alhora, ens permet proposar-nos petits reptes! <\/h2>\n<p>\n<center><\/p>\n<div class=\"wdPostContainer\" data-document-id=\"C5A0DC53-5290-0001-4C11-10A018911779\" style=\"width: 350px\"><\/div>\n<p><script type=\"text\/javascript\" src=\"\/\/www.urturn.com\/embed.js\"><\/script><\/center><\/p>\n<h2>Qu\u00e8 aprendrem amb tot aix\u00f2?<\/h2>\n<ul>\n<li>Si no coneix\u00edem Urturn, \u00e9s l&#8217;ocasi\u00f3 d&#8217;<strong>aprendre a utilitzar-lo<\/strong>: ens permetr\u00e0 enviar una felicitaci\u00f3, fer un treball a l&#8217;escola, una postal de Nadal etc.<\/li>\n<li>Com que es tracta d&#8217;una eina molt visual, podem repassar el que ja sabem o aprendre m\u00e9s sobre <strong>fotografia<\/strong> (enquadraments, colors, llum i l\u00ednies) i <strong>retoc d&#8217;imatge digital<\/strong>.<\/li>\n<li>Amb Urturn podem cercar imatges i v\u00eddeos a trav\u00e9s dels motors de cerca d&#8217;eines com ara Google Images, Flickr, Picasa o Instagram. Tamb\u00e9 podem <strong>afinar les recerques<\/strong> a Internet.<\/li>\n<li>Tot i aix\u00ed, no podem utilitzar qualsevol imatge, ja que cal respectar els drets d&#8217;autoria. Cal que coneguem millor les <strong><a href=\"http:\/\/creativecommons.org\/\">llic\u00e8ncies Creative Commons<\/a><\/strong>, el <a href=\"http:\/\/ca.wikipedia.org\/wiki\/Domini_p%C3%BAblic\">domini p\u00fablic<\/a> i com es pot filtrar la cerca de fotografies aptes per a la seva reutilitzaci\u00f3.<\/li>\n<li>Tamb\u00e9 podem <strong>treballar amb <em>hashtags<\/em><\/strong>, etiquetes que permeten marcar el contingut i crear tem\u00e0tiques. Amb aquestes etiquetes podem aglutinar les publicacions i recuperar-les f\u00e0cilment, per exemple: <strong>#xarxaomnia<\/strong> i <strong>#santjordi2013<\/strong><\/li>\n<li>A m\u00e9s, podem utilitzar Urturn com a marcador social. Amb el nostre compte, podem afegir-hi el bot\u00f3 Turn it al nostre navegador per crear expressions a partir d&#8217;imatges que trobem en les nostres cerques i desar-les aix\u00ed al nostre compte.<\/li>\n<li>Podem <strong>aprendre una mica m\u00e9s sobre nosaltres mateixos<\/strong>. El bodeg\u00f3 2.0 \u00e9s una manera m\u00e9s d&#8217;expressar-nos, aix\u00ed que pensem b\u00e9 qu\u00e8 volem dir al m\u00f3n!<\/li>\n<li>Tamb\u00e9 podem mostrar els nostres gustos. Un cop h\u00e0gim compartit la nostra creaci\u00f3, donarem una ullada al que han fet altres persones, <strong>direm si ens agrada<\/strong> i <strong>compartirem les expressions<\/strong> amb altres xarxes socials, o llocs web (est\u00e0 integrada amb Twitter, Facebook i Pinterest).<\/li>\n<\/ul>\n","protected":false},"excerpt":{"rendered":"<p>Fer una composici\u00f3 multim\u00e8dia 2.0 \u00e9s molt f\u00e0cil i, alhora, ens permet proposar-nos petits reptes! Qu\u00e8 aprendrem amb tot aix\u00f2? Si no coneix\u00edem Urturn, \u00e9s l&#8217;ocasi\u00f3 d&#8217;aprendre a utilitzar-lo: ens permetr\u00e0 enviar una felicitaci\u00f3, fer un treball a l&#8217;escola, una postal de Nadal etc. Com que es tracta d&#8217;una eina <a href=\"https:\/\/bloc.xarxa-omnia.org\/rosaillibre\/apren\/#more-'\" class=\"more-link\">continua \u00bb<\/a><\/p>\n","protected":false},"author":61,"featured_media":0,"parent":0,"menu_order":3,"comment_status":"open","ping_status":"open","template":"","meta":{"footnotes":""},"class_list":["post-113","page","type-page","status-publish","hentry","column","twocol"],"_links":{"self":[{"href":"https:\/\/bloc.xarxa-omnia.org\/rosaillibre\/wp-json\/wp\/v2\/pages\/113","targetHints":{"allow":["GET"]}}],"collection":[{"href":"https:\/\/bloc.xarxa-omnia.org\/rosaillibre\/wp-json\/wp\/v2\/pages"}],"about":[{"href":"https:\/\/bloc.xarxa-omnia.org\/rosaillibre\/wp-json\/wp\/v2\/types\/page"}],"author":[{"embeddable":true,"href":"https:\/\/bloc.xarxa-omnia.org\/rosaillibre\/wp-json\/wp\/v2\/users\/61"}],"replies":[{"embeddable":true,"href":"https:\/\/bloc.xarxa-omnia.org\/rosaillibre\/wp-json\/wp\/v2\/comments?post=113"}],"version-history":[{"count":27,"href":"https:\/\/bloc.xarxa-omnia.org\/rosaillibre\/wp-json\/wp\/v2\/pages\/113\/revisions"}],"predecessor-version":[{"id":315,"href":"https:\/\/bloc.xarxa-omnia.org\/rosaillibre\/wp-json\/wp\/v2\/pages\/113\/revisions\/315"}],"wp:attachment":[{"href":"https:\/\/bloc.xarxa-omnia.org\/rosaillibre\/wp-json\/wp\/v2\/media?parent=113"}],"curies":[{"name":"wp","href":"https:\/\/api.w.org\/{rel}","templated":true}]}}