{"id":13,"date":"2013-03-19T15:17:00","date_gmt":"2013-03-19T13:17:00","guid":{"rendered":"http:\/\/blog.xarxa-omnia.org\/rosaillibre\/?page_id=13"},"modified":"2013-04-08T09:20:27","modified_gmt":"2013-04-08T07:20:27","slug":"omnia","status":"publish","type":"page","link":"https:\/\/bloc.xarxa-omnia.org\/rosaillibre\/omnia\/","title":{"rendered":"Roses i llibres d&#8217;\u00d2mnia"},"content":{"rendered":"<p>En aquest apartat publicarem les composicions que publiqueu a Urturn. Recordeu posar les etiquetes <big><strong>#xarxaomnia<\/strong><\/big> i <big><strong>#santjordi2013<\/strong><\/big> perqu\u00e8 les puguem recuperar o b\u00e9escriviu a seguiment(arrova)xarxa-omnia.org per explicar-nos qu\u00e8 feu per Sant Jordi. Visiteu el mur de #xarxaomnia #santjordi2013 <a href=\"http:\/\/www.urturn.com\/search?q=%23SantJordi2013%20%23xarxaomnia\"><strong>tamb\u00e9 a Urturn<\/strong><\/a>. En aquest any 2013 <strong>la Xarxa \u00d2mnia celebra Sant Jordi amb roses i llibres<\/strong>!<br \/>\n<br \/>\n<p><strong>ERROR:<\/strong> Blog-in-Blog shortcodes can only be used in pages, not posts.<\/p>\n<\/p>\n","protected":false},"excerpt":{"rendered":"<p>En aquest apartat publicarem les composicions que publiqueu a Urturn. Recordeu posar les etiquetes #xarxaomnia i #santjordi2013 perqu\u00e8 les puguem recuperar o b\u00e9escriviu a seguiment(arrova)xarxa-omnia.org per explicar-nos qu\u00e8 feu per Sant Jordi. Visiteu el mur de #xarxaomnia #santjordi2013 tamb\u00e9 a Urturn. En aquest any 2013 la Xarxa \u00d2mnia celebra Sant <a href=\"https:\/\/bloc.xarxa-omnia.org\/rosaillibre\/omnia\/#more-'\" class=\"more-link\">continua \u00bb<\/a><\/p>\n","protected":false},"author":61,"featured_media":0,"parent":0,"menu_order":5,"comment_status":"closed","ping_status":"open","template":"","meta":{"footnotes":""},"class_list":["post-13","page","type-page","status-publish","hentry","column","twocol"],"_links":{"self":[{"href":"https:\/\/bloc.xarxa-omnia.org\/rosaillibre\/wp-json\/wp\/v2\/pages\/13","targetHints":{"allow":["GET"]}}],"collection":[{"href":"https:\/\/bloc.xarxa-omnia.org\/rosaillibre\/wp-json\/wp\/v2\/pages"}],"about":[{"href":"https:\/\/bloc.xarxa-omnia.org\/rosaillibre\/wp-json\/wp\/v2\/types\/page"}],"author":[{"embeddable":true,"href":"https:\/\/bloc.xarxa-omnia.org\/rosaillibre\/wp-json\/wp\/v2\/users\/61"}],"replies":[{"embeddable":true,"href":"https:\/\/bloc.xarxa-omnia.org\/rosaillibre\/wp-json\/wp\/v2\/comments?post=13"}],"version-history":[{"count":29,"href":"https:\/\/bloc.xarxa-omnia.org\/rosaillibre\/wp-json\/wp\/v2\/pages\/13\/revisions"}],"predecessor-version":[{"id":321,"href":"https:\/\/bloc.xarxa-omnia.org\/rosaillibre\/wp-json\/wp\/v2\/pages\/13\/revisions\/321"}],"wp:attachment":[{"href":"https:\/\/bloc.xarxa-omnia.org\/rosaillibre\/wp-json\/wp\/v2\/media?parent=13"}],"curies":[{"name":"wp","href":"https:\/\/api.w.org\/{rel}","templated":true}]}}