{"id":4,"date":"2013-03-19T15:06:11","date_gmt":"2013-03-19T13:06:11","guid":{"rendered":"http:\/\/blog.xarxa-omnia.org\/rosaillibre\/?page_id=4"},"modified":"2013-04-04T11:32:37","modified_gmt":"2013-04-04T09:32:37","slug":"inici","status":"publish","type":"page","link":"https:\/\/bloc.xarxa-omnia.org\/rosaillibre\/","title":{"rendered":"Inici"},"content":{"rendered":"<p>Un any m\u00e9s, celebrem <strong>Sant Jordi<\/strong> amb roses i llibres.<\/p>\n<p>En aquesta activitat crearem <strong>composicions multim\u00e8dia<\/strong> per celebrar el 23 d&#8217;abril, amb el t\u00edtol Rosa i llibre. La proposta \u00e9s crear el nostre propi <strong>bodeg\u00f3 2.0<\/strong> o <strong>collage de Sant Jordi<\/strong> i compartir-lo amb la xarxa mitjan\u00e7ant l&#8217;eina en l\u00ednia Urturn.<\/p>\n<p>Feu clic en els enlla\u00e7os per trobar la <a title=\"Idees per al nostre collage\" href=\"http:\/\/blog.xarxa-omnia.org\/rosaillibre\/idees\">inspiraci\u00f3<\/a>, con\u00e8ixer el <a title=\"Urtun\" href=\"http:\/\/blog.xarxa-omnia.org\/rosaillibre\/ajuda\">funcionament d&#8217;Urturn<\/a> i <a title=\"Comparteix!\" href=\"http:\/\/blog.xarxa-omnia.org\/rosaillibre\/omni\/\">compartir<\/a> les vostres creacions amb tota la xarxa.<\/p>\n<table cellspacing=\"10\" cellpadding=\"5\" width=\"90%\" align=\"center\">\n<tbody>\n<tr>\n<td rowspan=\"3\"><center><\/p>\n<div class=\"wdPostContainer\" data-document-id=\"C5A0F5D8-4710-0001-8516-13AB137C1736\" style=\"width: 300px\"><\/div>\n<p><script type=\"text\/javascript\" src=\"\/\/www.urturn.com\/embed.js\"><\/script><\/center><\/td>\n<td width=\"33%\" bgcolor=\"#D72A09\">\n<p style=\"text-align: center; color: white; font-size: 24px;\"><strong>INSPIRA&#8217;T<\/strong><\/p>\n<p><strong> <\/strong><\/p>\n<p style=\"text-align: center; color: white; font-size: 16px;\"><strong>Amb <a title=\"Inspira't!\" href=\"http:\/\/blog.xarxa-omnia.org\/rosaillibre\/idees\">idees<\/a> per fer la teva composici\u00f3.<\/strong><\/p>\n<\/td>\n<\/tr>\n<tr>\n<td width=\"33%\" valign=\"center\" bgcolor=\"#848484\">\n<p style=\"text-align: center; color: white; font-size: 24px;\"><strong>APR\u00c8N<\/strong><\/p>\n<p><strong> <\/strong><\/p>\n<p><strong> <\/strong><strong> <\/strong><\/p>\n<p style=\"text-align: center; color: white; font-size: 16px;\"><strong><a title=\"apr\u00e8n\" href=\"http:\/\/blog.xarxa-omnia.org\/rosaillibre\/apren\">Apr\u00e8n<\/a> i consulta l&#8217;<a title=\"apr\u00e8n\" href=\"http:\/\/blog.xarxa-omnia.org\/rosaillibre\/ajuda\">ajuda<\/a> per utilitzar l&#8217;Urturn.<\/strong><\/p>\n<\/td>\n<\/tr>\n<tr>\n<td width=\"33%\" valign=\"center\" bgcolor=\"#D6D6D6\">\n<p style=\"text-align: center; color: black; font-size: 24px;\"><strong>PARTICIPA-HI<\/strong><\/p>\n<p><strong> <\/strong><\/p>\n<p style=\"text-align: center; color: black; font-size: 16px;\"><strong>Comparteix amb la Xarxa \u00d2mnia <a title=\"Comparteix la teva creaci\u00f3\" href=\"http:\/\/blog.xarxa-omnia.org\/rosaillibre\/omni\/\">la teva composici\u00f3.<\/a><\/strong><\/p>\n<\/td>\n<\/tr>\n<\/tbody>\n<\/table>\n","protected":false},"excerpt":{"rendered":"<p>Un any m\u00e9s, celebrem Sant Jordi amb roses i llibres. En aquesta activitat crearem composicions multim\u00e8dia per celebrar el 23 d&#8217;abril, amb el t\u00edtol Rosa i llibre. La proposta \u00e9s crear el nostre propi bodeg\u00f3 2.0 o collage de Sant Jordi i compartir-lo amb la xarxa mitjan\u00e7ant l&#8217;eina en l\u00ednia <a href=\"https:\/\/bloc.xarxa-omnia.org\/rosaillibre\/#more-'\" class=\"more-link\">continua \u00bb<\/a><\/p>\n","protected":false},"author":61,"featured_media":0,"parent":0,"menu_order":1,"comment_status":"closed","ping_status":"open","template":"","meta":{"footnotes":""},"class_list":["post-4","page","type-page","status-publish","hentry","column","twocol"],"_links":{"self":[{"href":"https:\/\/bloc.xarxa-omnia.org\/rosaillibre\/wp-json\/wp\/v2\/pages\/4","targetHints":{"allow":["GET"]}}],"collection":[{"href":"https:\/\/bloc.xarxa-omnia.org\/rosaillibre\/wp-json\/wp\/v2\/pages"}],"about":[{"href":"https:\/\/bloc.xarxa-omnia.org\/rosaillibre\/wp-json\/wp\/v2\/types\/page"}],"author":[{"embeddable":true,"href":"https:\/\/bloc.xarxa-omnia.org\/rosaillibre\/wp-json\/wp\/v2\/users\/61"}],"replies":[{"embeddable":true,"href":"https:\/\/bloc.xarxa-omnia.org\/rosaillibre\/wp-json\/wp\/v2\/comments?post=4"}],"version-history":[{"count":123,"href":"https:\/\/bloc.xarxa-omnia.org\/rosaillibre\/wp-json\/wp\/v2\/pages\/4\/revisions"}],"predecessor-version":[{"id":303,"href":"https:\/\/bloc.xarxa-omnia.org\/rosaillibre\/wp-json\/wp\/v2\/pages\/4\/revisions\/303"}],"wp:attachment":[{"href":"https:\/\/bloc.xarxa-omnia.org\/rosaillibre\/wp-json\/wp\/v2\/media?parent=4"}],"curies":[{"name":"wp","href":"https:\/\/api.w.org\/{rel}","templated":true}]}}