{"id":8,"date":"2013-03-19T15:08:51","date_gmt":"2013-03-19T13:08:51","guid":{"rendered":"http:\/\/blog.xarxa-omnia.org\/rosaillibre\/?page_id=8"},"modified":"2013-04-04T12:16:02","modified_gmt":"2013-04-04T10:16:02","slug":"idees","status":"publish","type":"page","link":"https:\/\/bloc.xarxa-omnia.org\/rosaillibre\/idees\/","title":{"rendered":"Idees"},"content":{"rendered":"<h2>Vull inspiraci\u00f3&#8230; Qu\u00e8 puc posar a la meva composici\u00f3?<\/h2>\n<p>L&#8217;eina d&#8217;aquesta activitat, l&#8217;Urturn, disposa de diferents plantilles segons el que vulguis expressar. Recorda que el lema \u00e9s &#8220;Rosa i llibre&#8221;, aqu\u00ed trobar\u00e0s algunes idees:<br \/>\n<br \/>\n<center><iframe loading=\"lazy\" src=\"http:\/\/prezi.com\/embed\/5va0kqj5hfmk\/?bgcolor=ffffff&amp;lock_to_path=0&amp;autoplay=no&amp;autohide_ctrls=0&amp;features=undefined&amp;disabled_features=undefined\" width=\"550\" height=\"400\" frameBorder=\"0\"><\/iframe><\/center><\/p>\n<p>\nDescarrega la <a href=\"http:\/\/blog.xarxa-omnia.org\/rosaillibre\/idees\/rosaillibre_prezi_comprimit\/\">presentaci\u00f3 en PDF<\/a> i el <a href=\"http:\/\/blog.xarxa-omnia.org\/rosaillibre\/idees\/presentacio_rosa_i_llibre_prezi\/\">text de la presentaci\u00f3<\/a>.<\/p>\n<table>\n<tbody>\n<tr cellpadding=\"10px\">\n<td>\n<h3>A banda d&#8217;aquest Sant Jordi&#8230; Per a qu\u00e8 m\u00e9s puc utilitzar Urturn?<\/h3>\n<ul>\n<li>Fent clic a &#8220;<strong>Explorar<\/strong>&#8220;, hi trobar\u00e0s moltes idees. Desperta la teva curiositat! Com s&#8217;expressa l&#8217;altra gent?<\/li>\n<li>Crea un <strong>collage d&#8217;imatges<\/strong> d&#8217;un viatge que hagis fet, o d&#8217;alguna activitat que h\u00e0giu portat a terme al vostre Punt \u00d2mnia.<\/li>\n<li>Crea un p\u00f2ster amb la teva <strong>biografia<\/strong>, o les coses que t&#8217;agraden. Mira aquests exemples de &#8220;<a href=\"http:\/\/www.urturn.com\/search?q=tecnoautobiografia\">tecnoautobiografia<\/a>&#8220;.<\/li>\n<li><strong>Proposa votacions<\/strong> als teus amics per saber si els agrada una foto, o fes-los triar entre dos elements.<\/li>\n<li>Diverteix-te donant-li <strong>una altra perspectiva<\/strong> a les fotos que has penjat a Flickr o a l&#8217;Instagram i comparteix-les a les xarxes socials.<\/li>\n<\/ul>\n<\/td>\n<td>\n<div class=\"wdPostContainer\" data-document-id=\"C5A12BD4-29A0-0001-4E7E-FFC01C001D4C\" style=\"300px\"><\/div>\n<p><script type=\"text\/javascript\" src=\"\/\/www.urturn.com\/embed.js\"><\/script>\n<\/td>\n<\/tr>\n<\/tbody>\n<\/table>\n","protected":false},"excerpt":{"rendered":"<p>Vull inspiraci\u00f3&#8230; Qu\u00e8 puc posar a la meva composici\u00f3? L&#8217;eina d&#8217;aquesta activitat, l&#8217;Urturn, disposa de diferents plantilles segons el que vulguis expressar. Recorda que el lema \u00e9s &#8220;Rosa i llibre&#8221;, aqu\u00ed trobar\u00e0s algunes idees: Descarrega la presentaci\u00f3 en PDF i el text de la presentaci\u00f3. A banda d&#8217;aquest Sant Jordi&#8230; <a href=\"https:\/\/bloc.xarxa-omnia.org\/rosaillibre\/idees\/#more-'\" class=\"more-link\">continua \u00bb<\/a><\/p>\n","protected":false},"author":61,"featured_media":0,"parent":0,"menu_order":2,"comment_status":"closed","ping_status":"open","template":"","meta":{"footnotes":""},"class_list":["post-8","page","type-page","status-publish","hentry","column","twocol"],"_links":{"self":[{"href":"https:\/\/bloc.xarxa-omnia.org\/rosaillibre\/wp-json\/wp\/v2\/pages\/8","targetHints":{"allow":["GET"]}}],"collection":[{"href":"https:\/\/bloc.xarxa-omnia.org\/rosaillibre\/wp-json\/wp\/v2\/pages"}],"about":[{"href":"https:\/\/bloc.xarxa-omnia.org\/rosaillibre\/wp-json\/wp\/v2\/types\/page"}],"author":[{"embeddable":true,"href":"https:\/\/bloc.xarxa-omnia.org\/rosaillibre\/wp-json\/wp\/v2\/users\/61"}],"replies":[{"embeddable":true,"href":"https:\/\/bloc.xarxa-omnia.org\/rosaillibre\/wp-json\/wp\/v2\/comments?post=8"}],"version-history":[{"count":50,"href":"https:\/\/bloc.xarxa-omnia.org\/rosaillibre\/wp-json\/wp\/v2\/pages\/8\/revisions"}],"predecessor-version":[{"id":310,"href":"https:\/\/bloc.xarxa-omnia.org\/rosaillibre\/wp-json\/wp\/v2\/pages\/8\/revisions\/310"}],"wp:attachment":[{"href":"https:\/\/bloc.xarxa-omnia.org\/rosaillibre\/wp-json\/wp\/v2\/media?parent=8"}],"curies":[{"name":"wp","href":"https:\/\/api.w.org\/{rel}","templated":true}]}}