{"id":216,"date":"2015-03-11T12:32:38","date_gmt":"2015-03-11T12:32:38","guid":{"rendered":"http:\/\/xarxaomnia.gencat.cat\/blocs\/santllorenc\/?page_id=216"},"modified":"2015-09-17T08:39:18","modified_gmt":"2015-09-17T08:39:18","slug":"inici","status":"publish","type":"page","link":"https:\/\/bloc.xarxa-omnia.org\/santllorenc\/inici\/","title":{"rendered":"OMNIA"},"content":{"rendered":"<p>Benvinguts i benvingudes al nou bloc del Punt Omnia Sant Lloren\u00e7. En aquest bloc les vostres aportacions s\u00f3n el m\u00e9s important ja que fent xarxa aprenem tots i totes i fem que les TIC (Tecnologies de la Informaci\u00f3 i Comunicaci\u00f3) siguin una ajuda pel nostre fer diari.<\/p>\n<p><a href=\"http:\/\/xarxaomnia.gencat.cat\/blocs\/santllorenc\/files\/2014\/05\/xarxa-omnia4.jpg\"><img loading=\"lazy\" decoding=\"async\" class=\"alignnone size-medium wp-image-210\" src=\"http:\/\/xarxaomnia.gencat.cat\/blocs\/santllorenc\/files\/2014\/05\/xarxa-omnia4-300x141.jpg\" alt=\"xarxa-omnia4\" width=\"300\" height=\"141\" srcset=\"https:\/\/bloc.xarxa-omnia.org\/santllorenc\/files\/2014\/05\/xarxa-omnia4-300x141.jpg 300w, https:\/\/bloc.xarxa-omnia.org\/santllorenc\/files\/2014\/05\/xarxa-omnia4.jpg 762w\" sizes=\"auto, (max-width: 300px) 100vw, 300px\" \/><\/a><\/p>\n<p>Podreu comentar les entrades que vaig publicant i fer propostes de futures activitats al Punt.<\/p>\n<p>Podeu visualitzar l&#8217;horari a una de les pestanyes de la part superior dreta del bloc perqu\u00e8 tothom estigui assabentat dels cursos que es fan actualment.<\/p>\n<p>&nbsp;<\/p>\n<p>&nbsp;<\/p>\n","protected":false},"excerpt":{"rendered":"<p>Benvinguts i benvingudes al nou bloc del Punt Omnia Sant Lloren\u00e7. En aquest bloc les vostres aportacions s\u00f3n el m\u00e9s important ja que fent xarxa aprenem tots i totes i fem que les TIC (Tecnologies de la Informaci\u00f3 i Comunicaci\u00f3) siguin una ajuda pel nostre fer diari. Podreu comentar les entrades que vaig publicant i [&hellip;]<\/p>\n","protected":false},"author":1,"featured_media":0,"parent":0,"menu_order":0,"comment_status":"open","ping_status":"closed","template":"","meta":{"ngg_post_thumbnail":0,"footnotes":""},"class_list":["post-216","page","type-page","status-publish","hentry"],"_links":{"self":[{"href":"https:\/\/bloc.xarxa-omnia.org\/santllorenc\/wp-json\/wp\/v2\/pages\/216","targetHints":{"allow":["GET"]}}],"collection":[{"href":"https:\/\/bloc.xarxa-omnia.org\/santllorenc\/wp-json\/wp\/v2\/pages"}],"about":[{"href":"https:\/\/bloc.xarxa-omnia.org\/santllorenc\/wp-json\/wp\/v2\/types\/page"}],"author":[{"embeddable":true,"href":"https:\/\/bloc.xarxa-omnia.org\/santllorenc\/wp-json\/wp\/v2\/users\/1"}],"replies":[{"embeddable":true,"href":"https:\/\/bloc.xarxa-omnia.org\/santllorenc\/wp-json\/wp\/v2\/comments?post=216"}],"version-history":[{"count":16,"href":"https:\/\/bloc.xarxa-omnia.org\/santllorenc\/wp-json\/wp\/v2\/pages\/216\/revisions"}],"predecessor-version":[{"id":357,"href":"https:\/\/bloc.xarxa-omnia.org\/santllorenc\/wp-json\/wp\/v2\/pages\/216\/revisions\/357"}],"wp:attachment":[{"href":"https:\/\/bloc.xarxa-omnia.org\/santllorenc\/wp-json\/wp\/v2\/media?parent=216"}],"curies":[{"name":"wp","href":"https:\/\/api.w.org\/{rel}","templated":true}]}}