{"id":10464,"date":"2015-07-24T14:15:34","date_gmt":"2015-07-24T12:15:34","guid":{"rendered":"http:\/\/santroc.xarxa-omnia.org\/?page_id=10464"},"modified":"2015-07-24T14:15:34","modified_gmt":"2015-07-24T12:15:34","slug":"cointegra-bdn-capac","status":"publish","type":"page","link":"https:\/\/bloc.xarxa-omnia.org\/santroc\/entitats\/cointegra-bdn-capac\/","title":{"rendered":"Cointegra &#8211; Bdn Capa\u00e7"},"content":{"rendered":"<p>Cointegra \u00e9s un centre ocupacional de la Fundaci\u00f3 Badalona Capa\u00e7 que at\u00e9n a persones amb discapacitat intel\u2022lectual i vetlla per la seva inclusi\u00f3 i la igualtat d\u2019oportunitats com a ciutadans o ciutadanes de ple dret.<\/p>\n<p><a href=\"http:\/\/www.bdncapac.cat\/cat\/cointegra-artesania-complements-bijuteria#\"><img loading=\"lazy\" decoding=\"async\" class=\"alignleft size-thumbnail wp-image-10473\" title=\"collage-artesania-cointegra1\" src=\"http:\/\/bloc.xarxa-omnia.org\/santroc\/files\/2015\/07\/collage-artesania-cointegra11-150x93.jpg\" alt=\"collage-artesania-cointegra1\" width=\"150\" height=\"93\" \/><\/a>Realitzen productes artesanals (Complements: Bijuteria, Fulars, Fermalls, Ventalls. Llar i decoraci\u00f3: Marcs, miralls, tasses decorades. Regals sostenibles, i de temporada de Nadal i Sant Jordi), serigrafia i cervesa artesanal que es poden trobar a fires socials i al seu centre.<br \/>\nEstan a:<br \/>\nCentre Ocupacional Cointegra<br \/>\nC. Juli Galve Brussons 108-124. 08918 Badalona<br \/>\nWeb Galeria Productes Artesanals: <a href=\"http:\/\/www.bdncapac.cat\/cat\/cointegra-artesania-complements-bijuteria\">http:\/\/www.bdncapac.cat\/cat\/cointegra-artesania-complements-bijuteria<\/a><br \/>\nWeb Cointegra: <a href=\"http:\/\/www.bdncapac.cat\/cat\/cointegra\">http:\/\/www.bdncapac.cat\/cat\/cointegra<\/a><\/p>\n<p>Taller TIC amb el Punt \u00d2mnia Casal C\u00edvic Sant Roc: <a href=\"http:\/\/santroc.xarxa-omnia.org\/?p=10455\">http:\/\/santroc.xarxa-omnia.org\/?p=10455<\/a><\/p>\n","protected":false},"excerpt":{"rendered":"<p>Cointegra \u00e9s un centre ocupacional de la Fundaci\u00f3 Badalona Capa\u00e7 que at\u00e9n a persones amb discapacitat intel\u2022lectual i vetlla per la seva inclusi\u00f3 i la igualtat d\u2019oportunitats com a ciutadans o ciutadanes de ple dret. Realitzen productes artesanals (Complements: Bijuteria, Fulars, Fermalls, Ventalls. Llar i decoraci\u00f3: Marcs, miralls, tasses decorades. Regals sostenibles, i de temporada &#8230; <span class=\"more\"><a class=\"more-link\" href=\"https:\/\/bloc.xarxa-omnia.org\/santroc\/entitats\/cointegra-bdn-capac\/\">[Read more&#8230;]<\/a><\/span><\/p>\n","protected":false},"author":208,"featured_media":0,"parent":99,"menu_order":0,"comment_status":"open","ping_status":"open","template":"","meta":{"footnotes":""},"class_list":["entry","page","publish","author-pascalcj","post-10464"],"_links":{"self":[{"href":"https:\/\/bloc.xarxa-omnia.org\/santroc\/wp-json\/wp\/v2\/pages\/10464","targetHints":{"allow":["GET"]}}],"collection":[{"href":"https:\/\/bloc.xarxa-omnia.org\/santroc\/wp-json\/wp\/v2\/pages"}],"about":[{"href":"https:\/\/bloc.xarxa-omnia.org\/santroc\/wp-json\/wp\/v2\/types\/page"}],"author":[{"embeddable":true,"href":"https:\/\/bloc.xarxa-omnia.org\/santroc\/wp-json\/wp\/v2\/users\/208"}],"replies":[{"embeddable":true,"href":"https:\/\/bloc.xarxa-omnia.org\/santroc\/wp-json\/wp\/v2\/comments?post=10464"}],"version-history":[{"count":0,"href":"https:\/\/bloc.xarxa-omnia.org\/santroc\/wp-json\/wp\/v2\/pages\/10464\/revisions"}],"up":[{"embeddable":true,"href":"https:\/\/bloc.xarxa-omnia.org\/santroc\/wp-json\/wp\/v2\/pages\/99"}],"wp:attachment":[{"href":"https:\/\/bloc.xarxa-omnia.org\/santroc\/wp-json\/wp\/v2\/media?parent=10464"}],"curies":[{"name":"wp","href":"https:\/\/api.w.org\/{rel}","templated":true}]}}