{"id":27,"date":"2009-10-23T20:28:24","date_gmt":"2009-10-23T18:28:24","guid":{"rendered":"http:\/\/santroc.xarxa-omnia.org\/?page_id=27"},"modified":"2009-10-23T20:28:24","modified_gmt":"2009-10-23T18:28:24","slug":"serveis","status":"publish","type":"page","link":"https:\/\/bloc.xarxa-omnia.org\/santroc\/quant-a\/serveis\/","title":{"rendered":"Serveis"},"content":{"rendered":"<p>Estem obert a tot tipus de p\u00fablic i oferim activitats gratu\u00eftes de formaci\u00f3 en la inform\u00e0tica i d\u2019informaci\u00f3 en les TICs:<\/p>\n<p>&#8211; Cursos d\u2019iniciaci\u00f3 i de perfeccionament en inform\u00e0tica per a adults i joves, aix\u00ed com infants.<\/p>\n<p>&#8211; Cursos de m\u00f2bil i Apps.<\/p>\n<p>&#8211; Espais Adults d\u2019acc\u00e9s lliure i activitats tem\u00e0tiques. A m\u00e9s a m\u00e9s donem suport als usuaris en els seus projectes.<\/p>\n<p>&#8211; Tallers de guiatge i d\u2019orientaci\u00f3 socio-laboral mitjan\u00e7ant Internet<br \/>\nEn aquests tallers assessorem en la redacci\u00f3 de curr\u00edculums, en la recerca de treball per Internet, en l\u2019\u00fas de les borses d\u2019ofertes de treball, i de les candidatures per correu electr\u00f2nic@.<\/p>\n<p>&#8211; Assessorament, formaci\u00f3 i cessi\u00f3 d\u2019espais per a les associacions i entitats del territori.<\/p>\n<p><strong>Informaci\u00f3 i Preinscripci\u00f3 cada dilluns 18h30.<\/strong><\/p>\n","protected":false},"excerpt":{"rendered":"<p>Estem obert a tot tipus de p\u00fablic i oferim activitats gratu\u00eftes de formaci\u00f3 en la inform\u00e0tica i d\u2019informaci\u00f3 en les TICs: &#8211; Cursos d\u2019iniciaci\u00f3 i de perfeccionament en inform\u00e0tica per a adults i joves, aix\u00ed com infants. &#8211; Cursos de m\u00f2bil i Apps. &#8211; Espais Adults d\u2019acc\u00e9s lliure i activitats tem\u00e0tiques. A m\u00e9s a m\u00e9s &#8230; <span class=\"more\"><a class=\"more-link\" href=\"https:\/\/bloc.xarxa-omnia.org\/santroc\/quant-a\/serveis\/\">[Read more&#8230;]<\/a><\/span><\/p>\n","protected":false},"author":208,"featured_media":0,"parent":13403,"menu_order":2,"comment_status":"open","ping_status":"open","template":"","meta":{"footnotes":""},"class_list":["entry","page","publish","author-pascalcj","post-27"],"_links":{"self":[{"href":"https:\/\/bloc.xarxa-omnia.org\/santroc\/wp-json\/wp\/v2\/pages\/27","targetHints":{"allow":["GET"]}}],"collection":[{"href":"https:\/\/bloc.xarxa-omnia.org\/santroc\/wp-json\/wp\/v2\/pages"}],"about":[{"href":"https:\/\/bloc.xarxa-omnia.org\/santroc\/wp-json\/wp\/v2\/types\/page"}],"author":[{"embeddable":true,"href":"https:\/\/bloc.xarxa-omnia.org\/santroc\/wp-json\/wp\/v2\/users\/208"}],"replies":[{"embeddable":true,"href":"https:\/\/bloc.xarxa-omnia.org\/santroc\/wp-json\/wp\/v2\/comments?post=27"}],"version-history":[{"count":0,"href":"https:\/\/bloc.xarxa-omnia.org\/santroc\/wp-json\/wp\/v2\/pages\/27\/revisions"}],"up":[{"embeddable":true,"href":"https:\/\/bloc.xarxa-omnia.org\/santroc\/wp-json\/wp\/v2\/pages\/13403"}],"wp:attachment":[{"href":"https:\/\/bloc.xarxa-omnia.org\/santroc\/wp-json\/wp\/v2\/media?parent=27"}],"curies":[{"name":"wp","href":"https:\/\/api.w.org\/{rel}","templated":true}]}}