{"id":299,"date":"2001-10-15T15:40:00","date_gmt":"2001-10-15T13:40:00","guid":{"rendered":"http:\/\/xarxa-omnia.org\/santroc\/?page_id=299"},"modified":"2001-10-15T15:40:00","modified_gmt":"2001-10-15T13:40:00","slug":"treball-insercio-laboral","status":"publish","type":"page","link":"https:\/\/bloc.xarxa-omnia.org\/santroc\/treball-insercio-laboral\/","title":{"rendered":"Empleo"},"content":{"rendered":"<table border=\"0\">\n<tbody>\n<tr>\n<td><\/td>\n<td>\n<h2><strong><span style=\"color: #ff9900\">Continguts | Contenidos:<\/span><\/strong><\/h2>\n<\/td>\n<td><\/td>\n<\/tr>\n<tr>\n<td height=\"30\" align=\"center\" valign=\"top\"><a href=\"http:\/\/bloc.xarxa-omnia.org\/santroc\/files\/2013\/03\/omniasantroc-nube-empleo1.jpg\"><img loading=\"lazy\" decoding=\"async\" class=\"alignnone size-full wp-image-8285\" title=\"omniasantroc-nube-empleo\" src=\"http:\/\/bloc.xarxa-omnia.org\/santroc\/files\/2013\/03\/omniasantroc-nube-empleo1.jpg\" alt=\"omniasantroc-nube-empleo\" width=\"150\" height=\"77\" \/><\/a><\/td>\n<td valign=\"middle\">\n<h3><a href=\"http:\/\/santroc.xarxa-omnia.org\/?cat=62\">Comen\u00e7ar  b\u00e9 | Empezar Bien<\/a><\/h3>\n<\/td>\n<td><\/td>\n<\/tr>\n<tr>\n<td height=\"30\" align=\"center\" valign=\"top\"><a href=\"http:\/\/santroc.xarxa-omnia.org\/?cat=775\"><img loading=\"lazy\" decoding=\"async\" class=\"size-full wp-image-3566 alignnone\" title=\"brujula100\" src=\"http:\/\/bloc.xarxa-omnia.org\/santroc\/files\/2010\/11\/brujula100.jpg\" alt=\"brujula100\" width=\"60\" height=\"58\" \/><\/a><\/td>\n<td valign=\"middle\">\n<h3><a href=\"http:\/\/santroc.xarxa-omnia.org\/?cat=775\">Objectius &#8211; Compet\u00e8ncies | Objetivos Competencias<\/a><\/h3>\n<\/td>\n<td><\/td>\n<\/tr>\n<tr>\n<td height=\"30\" align=\"center\" valign=\"middle\"><a href=\"http:\/\/santroc.xarxa-omnia.org\/?cat=239\"><img loading=\"lazy\" decoding=\"async\" class=\"size-full wp-image-429 alignnone\" title=\"imatge-borsa-treball60x60\" src=\"http:\/\/bloc.xarxa-omnia.org\/santroc\/files\/2009\/11\/imatge-borsa-treball60x60.jpg\" alt=\"borsa treball anuncis bolsa empleo anuncios\" width=\"60\" height=\"60\" \/><\/a><\/td>\n<td valign=\"middle\">\n<h3><a href=\"http:\/\/santroc.xarxa-omnia.org\/?cat=239\">Borses de treball Anuncis | Bolsas de Trabajo Anuncios<\/a><\/h3>\n<\/td>\n<td><\/td>\n<\/tr>\n<tr>\n<td height=\"30\" align=\"center\" valign=\"middle\"><span style=\"text-decoration: none\"><span style=\"font-size: 250%\"><a href=\"http:\/\/santroc.xarxa-omnia.org\/?cat=280\">ETT<\/a><\/span><\/span><\/td>\n<td height=\"30\" align=\"left\" valign=\"middle\">\n<h3><a href=\"http:\/\/santroc.xarxa-omnia.org\/?cat=280\">Webs portals de ETTs | Portales de Empresas de Trabajo Temporal<\/a><\/h3>\n<\/td>\n<td><\/td>\n<\/tr>\n<tr>\n<td height=\"30\" align=\"center\" valign=\"middle\"><a href=\"http:\/\/santroc.xarxa-omnia.org\/?cat=240\"><img loading=\"lazy\" decoding=\"async\" class=\"alignnone\" title=\"@ buscador email directorios cercador email directoris\" src=\"http:\/\/bloc.xarxa-omnia.org\/santroc\/files\/2009\/11\/email-pc60x60.jpg\" alt=\"buscador email directorios cercador email directoris\" width=\"50\" height=\"50\" \/><\/a><\/td>\n<td height=\"30\" align=\"left\" valign=\"middle\">\n<h3><a href=\"http:\/\/santroc.xarxa-omnia.org\/?cat=240\">Directoris, Cercadors, Correu | Directorios, Buscadores, Correo<\/a><\/h3>\n<\/td>\n<\/tr>\n<tr>\n<td height=\"30\" align=\"center\" valign=\"middle\"><a href=\"http:\/\/santroc.xarxa-omnia.org\/?cat=576\"><\/p>\n<h3 style=\"font-size: 400%\">@<\/h3>\n<p><\/a><a href=\"http:\/\/santroc.xarxa-omnia.org\/?cat=576\"><\/a><a href=\"http:\/\/santroc.xarxa-omnia.org\/?cat=576\"><\/a><\/td>\n<td height=\"30\" align=\"left\" valign=\"middle\">\n<h3><a href=\"http:\/\/santroc.xarxa-omnia.org\/?cat=576\">Llistat Canals Webs d&#8217;Empreses  | Listado Canales Empleo Webs de Empresas<\/a><\/h3>\n<\/td>\n<td><\/td>\n<\/tr>\n<tr>\n<td height=\"30\" valign=\"middle\" align=\"center\"><a href=\"http:\/\/santroc.xarxa-omnia.org\/?cat=19\"><\/p>\n<h3 style=\"font-size: 150%\">ANUNCIOS<\/h3>\n<\/td>\n<td height=\"30\" valign=\"middle\">\n<h3><\/h3>\n<h3><a href=\"http:\/\/www.netvibes.com\/omniasantroc#\">Rss Ofertes Treball Borses Treball BCN | Ofertas Bolsas Empleo<\/a><\/h3>\n<\/td>\n<td><\/td>\n<\/tr>\n<tr>\n<td height=\"30\" valign=\"middle\" align=\"center\"><a href=\"http:\/\/santroc.xarxa-omnia.org\/?cat=19\"><\/p>\n<h3 style=\"font-size: 150%\">DIRECCIONES<\/h3>\n<p><\/a>\n<\/td>\n<td>\n<h3><a href=\"http:\/\/santroc.xarxa-omnia.org\/?cat=19\">Adreces \u00fatils Treball BDN BCN | Direcciones \u00fatiles Trabajo BDN BCN<\/h3>\n<p><\/a>\n<\/td>\n<\/tr>\n<tr>\n<td height=\"30\" valign=\"middle\" align=\"center\"><a href=\"http:\/\/santroc.xarxa-omnia.org\/?cat=504\"><\/p>\n<h3 style=\"font-size: 150%\">FORMACI\u00d3N<\/h3>\n<p><\/a><\/td>\n<td>\n<h3><a href=\"http:\/\/santroc.xarxa-omnia.org\/?cat=504\">Cursos subvencionats Formaci\u00f3 Ocupacional | Cursos Subvencionados<\/a><\/h3>\n<\/td>\n<\/tr>\n<tr>\n<td height=\"30\" valign=\"middle\" align=\"center\"><a href=\"http:\/\/santroc.xarxa-omnia.org\/?cat=284\"><\/p>\n<h3 style=\"font-size: 150%\">CV<\/h3>\n<\/td>\n<td height=\"30\" valign=\"middle\">\n<h3><a title=\"Consells elaboraci\u00f3 \u2013 Consejos elaboraci\u00f3n CV\" rel=\"bookmark\" href=\"http:\/\/santroc.xarxa-omnia.org\/?cat=284\">Consells  elaboraci\u00f3 Curr\u00edculum | Consejos elaboraci\u00f3n CV<\/a><\/h3>\n<\/td>\n<td><\/td>\n<\/tr>\n<tr>\n<td height=\"30\" valign=\"middle\"><\/td>\n<td height=\"30\" valign=\"middle\">\n<h3><a title=\"model cv cronologic\" rel=\"bookmark\" href=\"http:\/\/santroc.xarxa-omnia.org\/?cat=251\">Model Curr\u00edculum cronol\u00f2gic<\/a><\/h3>\n<\/td>\n<td><\/td>\n<\/tr>\n<tr>\n<td height=\"30\" valign=\"middle\"><\/td>\n<td height=\"30\" valign=\"middle\">\n<h3><a href=\"http:\/\/santroc.xarxa-omnia.org\/?cat=522\">Model Curr\u00edculum Funcional<\/a><\/h3>\n<\/td>\n<td><\/td>\n<\/tr>\n<tr>\n<td height=\"30\" valign=\"middle\"><\/td>\n<td height=\"30\" valign=\"middle\">\n<h3><a href=\"http:\/\/santroc.xarxa-omnia.org\/?cat=565\">Cartes de candidatura | Cartas de Candidatura Mail<\/a><\/h3>\n<\/td>\n<td><\/td>\n<\/tr>\n<tr>\n<td height=\"30\" align=\"center\" valign=\"middle\"><\/td>\n<td height=\"30\" valign=\"middle\">\n<h3><a href=\"http:\/\/santroc.xarxa-omnia.org\/?p=3871\">Tutorial Enviament Curriculum per Em@il<\/a><\/h3>\n<\/td>\n<td><\/td>\n<\/tr>\n<tr>\n<td height=\"30\" align=\"center\" valign=\"middle\"><\/td>\n<td height=\"30\" valign=\"middle\"><\/td>\n<td><\/td>\n<\/tr>\n<\/tbody>\n<\/table>\n","protected":false},"excerpt":{"rendered":"<p>Continguts | Contenidos: Comen\u00e7ar b\u00e9 | Empezar Bien Objectius &#8211; Compet\u00e8ncies | Objetivos Competencias Borses de treball Anuncis | Bolsas de Trabajo Anuncios ETT Webs portals de ETTs | Portales de Empresas de Trabajo Temporal Directoris, Cercadors, Correu | Directorios, Buscadores, Correo @ Llistat Canals Webs d&#8217;Empreses | Listado Canales Empleo Webs de Empresas ANUNCIOS &#8230; <span class=\"more\"><a class=\"more-link\" href=\"https:\/\/bloc.xarxa-omnia.org\/santroc\/treball-insercio-laboral\/\">[Read more&#8230;]<\/a><\/span><\/p>\n","protected":false},"author":208,"featured_media":0,"parent":0,"menu_order":0,"comment_status":"open","ping_status":"open","template":"","meta":{"footnotes":""},"class_list":["entry","page","publish","author-pascalcj","post-299"],"_links":{"self":[{"href":"https:\/\/bloc.xarxa-omnia.org\/santroc\/wp-json\/wp\/v2\/pages\/299","targetHints":{"allow":["GET"]}}],"collection":[{"href":"https:\/\/bloc.xarxa-omnia.org\/santroc\/wp-json\/wp\/v2\/pages"}],"about":[{"href":"https:\/\/bloc.xarxa-omnia.org\/santroc\/wp-json\/wp\/v2\/types\/page"}],"author":[{"embeddable":true,"href":"https:\/\/bloc.xarxa-omnia.org\/santroc\/wp-json\/wp\/v2\/users\/208"}],"replies":[{"embeddable":true,"href":"https:\/\/bloc.xarxa-omnia.org\/santroc\/wp-json\/wp\/v2\/comments?post=299"}],"version-history":[{"count":0,"href":"https:\/\/bloc.xarxa-omnia.org\/santroc\/wp-json\/wp\/v2\/pages\/299\/revisions"}],"wp:attachment":[{"href":"https:\/\/bloc.xarxa-omnia.org\/santroc\/wp-json\/wp\/v2\/media?parent=299"}],"curies":[{"name":"wp","href":"https:\/\/api.w.org\/{rel}","templated":true}]}}