{"id":2107,"date":"2017-09-21T10:14:52","date_gmt":"2017-09-21T08:14:52","guid":{"rendered":"http:\/\/xarxaomnia.gencat.cat\/blocs\/santvicendelshorts\/?page_id=2107"},"modified":"2017-09-27T12:32:01","modified_gmt":"2017-09-27T10:32:01","slug":"programacio-formativa","status":"publish","type":"page","link":"https:\/\/bloc.xarxa-omnia.org\/santvicendelshorts\/programacio-formativa\/","title":{"rendered":"Programaci\u00f3 formativa"},"content":{"rendered":"<p>El Punt \u00d2mnia de Sant Vicen\u00e7 dels Horts &#8211; Sant Josep compta amb una<strong> oferta d&#8217;activitats i tallers\u00a0permanent<\/strong>, dirigits a infants de 6 a 12 anys, aix\u00ed com a adults a partir dels 18 anys i a persones participants de totes les edats que vulguin un espai lliure d&#8217;acc\u00e9s a eines TIC. El Punt tamb\u00e9 compta amb un <strong>espai social i laboral<\/strong> per a la consulta de recursos TIC relacionats amb la <strong>cerca de feina<\/strong>, i amb horaris\u00a0dedicats a la cessi\u00f3 de l&#8217;espai a entitats i associacions que aix\u00ed ho necessitin.<\/p>\n<p>Les activitats programades des del Punt \u00d2mnia responen a tres eixos d&#8217;acci\u00f3 que s\u00f3n b\u00e0sics per a la tasca individual i col\u00b7lectiva que es duu a terme, un dels quals \u00e9s l&#8217;aprenentatge. Amb <strong>l&#8217;eix aprenentatge<\/strong>, el Punt \u00d2mnia vol garantir que les persones am b pocs coneixements digitals i d&#8217;\u00fas d&#8217;eines TIC puguin obtenir formaci\u00f3 b\u00e0sica en aquest camp, que els permeti no quedar excloses de la societat. En aquest aspecte, el Punt \u00d2mnia de Sant Vicen\u00e7 dels Horts &#8211; Sant Josep ofereix tallers i activitats de curta durada que fomenten l&#8217;aprenentatge i coneixement de recursos TIC.<\/p>\n<p><strong>L&#8217;eix d&#8217;ocupabilitat<\/strong> \u00e9s un altre dels pilars vertebradors de l&#8217;acci\u00f3 que duu a terme el Punt \u00d2mnia. Amb aquest eix el Punt \u00d2mnia vol assegurar que s&#8217;aporten eines formatives perqu\u00e8 els participants s\u00e0piguen buscar recursos a la xarxa internet i es puguin valdre amb autonomia en el seu proc\u00e9s d&#8217;inserci\u00f3 social i laboral. Pel que fa a les persones en situaci\u00f3 d&#8217;atur, el Punt \u00d2mnia de Sant Vicen\u00e7 dels Horts &#8211; Sant Josep posa en contacte aquests participants amb els serveis d&#8217;orientaci\u00f3 laboral i social del territori i els facilita un seguit d&#8217;h\u00e0bits i compet\u00e8ncies perqu\u00e8 arribin a agents d&#8217;inserci\u00f3 laboral amb la m\u00e0xima preparaci\u00f3 per accedir al mercat laboral al m\u00e9s aviat possible.<\/p>\n<p>Finalment, el Punt \u00d2mnia treballa amb <strong>l&#8217;eix de l&#8217;acci\u00f3 comunit\u00e0ria<\/strong> com a guia que facilita eines per a qu\u00e8 persones, entitats, grups i col\u00b7lectius generin din\u00e0miques de cohesi\u00f3 social i d&#8217;intercanvi. En aquest sentit, el Punt treballa aspectes com les tradicioins, la cultura, la hist\u00f2ria, els bancs del temps, etc\u00e8tera. A l&#8217;\u00d2mnia hi poden participar persones de totes les edats: \u00e9s un servei gratu\u00eft.<\/p>\n<p>Podeu consultar el calendari actual d&#8217;activitats:<\/p>\n<p>&nbsp;<\/p>\n<p><a href=\"http:\/\/xarxaomnia.gencat.cat\/blocs\/santvicendelshorts\/files\/2017\/09\/st-vicen\u00e7-horts-II.jpg\" rel=\"attachment wp-att-2083\"><img loading=\"lazy\" decoding=\"async\" class=\"alignnone size-full wp-image-2083\" src=\"http:\/\/xarxaomnia.gencat.cat\/blocs\/santvicendelshorts\/files\/2017\/09\/st-vicen\u00e7-horts-II.jpg\" alt=\"st vicen\u00e7 horts II\" width=\"960\" height=\"720\" srcset=\"https:\/\/bloc.xarxa-omnia.org\/santvicendelshorts\/files\/2017\/09\/st-vicen\u00e7-horts-II.jpg 960w, https:\/\/bloc.xarxa-omnia.org\/santvicendelshorts\/files\/2017\/09\/st-vicen\u00e7-horts-II-300x225.jpg 300w, https:\/\/bloc.xarxa-omnia.org\/santvicendelshorts\/files\/2017\/09\/st-vicen\u00e7-horts-II-768x576.jpg 768w\" sizes=\"auto, (max-width: 960px) 100vw, 960px\" \/><\/a><\/p>\n<p>&nbsp;<\/p>\n<!-- AddThis Advanced Settings generic via filter on the_content --><!-- AddThis Share Buttons generic via filter on the_content -->","protected":false},"excerpt":{"rendered":"<p>El Punt \u00d2mnia de Sant Vicen\u00e7 dels Horts &#8211; Sant Josep compta amb una oferta d&#8217;activitats i tallers\u00a0permanent, dirigits a infants de 6 a 12 anys, aix\u00ed com a adults a partir dels 18 anys i a persones participants de totes les edats que vulguin un espai lliure d&#8217;acc\u00e9s a eines TIC. El Punt tamb\u00e9 [&hellip;]<!-- AddThis Advanced Settings generic via filter on get_the_excerpt --><!-- AddThis Share Buttons generic via filter on get_the_excerpt --><\/p>\n","protected":false},"author":1,"featured_media":2169,"parent":0,"menu_order":0,"comment_status":"closed","ping_status":"closed","template":"","meta":{"ngg_post_thumbnail":0,"footnotes":""},"class_list":["post-2107","page","type-page","status-publish","has-post-thumbnail","czr-hentry"],"_links":{"self":[{"href":"https:\/\/bloc.xarxa-omnia.org\/santvicendelshorts\/wp-json\/wp\/v2\/pages\/2107","targetHints":{"allow":["GET"]}}],"collection":[{"href":"https:\/\/bloc.xarxa-omnia.org\/santvicendelshorts\/wp-json\/wp\/v2\/pages"}],"about":[{"href":"https:\/\/bloc.xarxa-omnia.org\/santvicendelshorts\/wp-json\/wp\/v2\/types\/page"}],"author":[{"embeddable":true,"href":"https:\/\/bloc.xarxa-omnia.org\/santvicendelshorts\/wp-json\/wp\/v2\/users\/1"}],"replies":[{"embeddable":true,"href":"https:\/\/bloc.xarxa-omnia.org\/santvicendelshorts\/wp-json\/wp\/v2\/comments?post=2107"}],"version-history":[{"count":9,"href":"https:\/\/bloc.xarxa-omnia.org\/santvicendelshorts\/wp-json\/wp\/v2\/pages\/2107\/revisions"}],"predecessor-version":[{"id":2201,"href":"https:\/\/bloc.xarxa-omnia.org\/santvicendelshorts\/wp-json\/wp\/v2\/pages\/2107\/revisions\/2201"}],"wp:featuredmedia":[{"embeddable":true,"href":"https:\/\/bloc.xarxa-omnia.org\/santvicendelshorts\/wp-json\/wp\/v2\/media\/2169"}],"wp:attachment":[{"href":"https:\/\/bloc.xarxa-omnia.org\/santvicendelshorts\/wp-json\/wp\/v2\/media?parent=2107"}],"curies":[{"name":"wp","href":"https:\/\/api.w.org\/{rel}","templated":true}]}}