{"id":2109,"date":"2017-09-21T10:15:20","date_gmt":"2017-09-21T08:15:20","guid":{"rendered":"http:\/\/xarxaomnia.gencat.cat\/blocs\/santvicendelshorts\/?page_id=2109"},"modified":"2017-10-17T16:33:07","modified_gmt":"2017-10-17T14:33:07","slug":"comunitat-i-participacio","status":"publish","type":"page","link":"https:\/\/bloc.xarxa-omnia.org\/santvicendelshorts\/comunitat-i-participacio\/","title":{"rendered":"Comunitat i participaci\u00f3"},"content":{"rendered":"<p>L&#8217;acci\u00f3 comunit\u00e0ria, aquella acci\u00f3 destinada a tenir efectes de cohesi\u00f3 en comunitats concretes, \u00e9s un dels l\u2019eixos de l\u2019acci\u00f3 del Punt \u00d2mnia de Sant Vicen\u00e7 dels Horts &#8211; Sant Josep. El Punt \u00d2mnia treballa en aquesta direcci\u00f3 per a facilitar eines que generin din\u00e0miques de cohesi\u00f3 social i d\u2019intercanvi entre persones, entitats i altres agents socials que es trobin al territori. En aquest sentit, el Punt treballa aspectes com les tradicioins, la cultura, la hist\u00f2ria, els bancs del temps, etc\u00e8tera.<\/p>\n<p><iframe loading=\"lazy\" width=\"1170\" height=\"658\" src=\"https:\/\/www.youtube.com\/embed\/5CD79pjxps0?feature=oembed\" frameborder=\"0\" allowfullscreen><\/iframe><br \/>\n<iframe loading=\"lazy\" width=\"1170\" height=\"658\" src=\"https:\/\/www.youtube.com\/embed\/uDBBnqfQ6wo?feature=oembed\" frameborder=\"0\" allowfullscreen><\/iframe><br \/>\n<iframe loading=\"lazy\" width=\"1170\" height=\"658\" src=\"https:\/\/www.youtube.com\/embed\/vl6YbXGwCtU?feature=oembed\" frameborder=\"0\" allowfullscreen><\/iframe><\/p>\n<!-- AddThis Advanced Settings generic via filter on the_content --><!-- AddThis Share Buttons generic via filter on the_content -->","protected":false},"excerpt":{"rendered":"<p>L&#8217;acci\u00f3 comunit\u00e0ria, aquella acci\u00f3 destinada a tenir efectes de cohesi\u00f3 en comunitats concretes, \u00e9s un dels l\u2019eixos de l\u2019acci\u00f3 del Punt \u00d2mnia de Sant Vicen\u00e7 dels Horts &#8211; Sant Josep. El Punt \u00d2mnia treballa en aquesta direcci\u00f3 per a facilitar eines que generin din\u00e0miques de cohesi\u00f3 social i d\u2019intercanvi entre persones, entitats i altres agents [&hellip;]<!-- AddThis Advanced Settings generic via filter on get_the_excerpt --><!-- AddThis Share Buttons generic via filter on get_the_excerpt --><\/p>\n","protected":false},"author":1,"featured_media":2167,"parent":0,"menu_order":0,"comment_status":"closed","ping_status":"closed","template":"","meta":{"ngg_post_thumbnail":0,"footnotes":""},"class_list":["post-2109","page","type-page","status-publish","has-post-thumbnail","czr-hentry"],"_links":{"self":[{"href":"https:\/\/bloc.xarxa-omnia.org\/santvicendelshorts\/wp-json\/wp\/v2\/pages\/2109","targetHints":{"allow":["GET"]}}],"collection":[{"href":"https:\/\/bloc.xarxa-omnia.org\/santvicendelshorts\/wp-json\/wp\/v2\/pages"}],"about":[{"href":"https:\/\/bloc.xarxa-omnia.org\/santvicendelshorts\/wp-json\/wp\/v2\/types\/page"}],"author":[{"embeddable":true,"href":"https:\/\/bloc.xarxa-omnia.org\/santvicendelshorts\/wp-json\/wp\/v2\/users\/1"}],"replies":[{"embeddable":true,"href":"https:\/\/bloc.xarxa-omnia.org\/santvicendelshorts\/wp-json\/wp\/v2\/comments?post=2109"}],"version-history":[{"count":20,"href":"https:\/\/bloc.xarxa-omnia.org\/santvicendelshorts\/wp-json\/wp\/v2\/pages\/2109\/revisions"}],"predecessor-version":[{"id":2282,"href":"https:\/\/bloc.xarxa-omnia.org\/santvicendelshorts\/wp-json\/wp\/v2\/pages\/2109\/revisions\/2282"}],"wp:featuredmedia":[{"embeddable":true,"href":"https:\/\/bloc.xarxa-omnia.org\/santvicendelshorts\/wp-json\/wp\/v2\/media\/2167"}],"wp:attachment":[{"href":"https:\/\/bloc.xarxa-omnia.org\/santvicendelshorts\/wp-json\/wp\/v2\/media?parent=2109"}],"curies":[{"name":"wp","href":"https:\/\/api.w.org\/{rel}","templated":true}]}}