{"id":2149,"date":"2017-09-21T14:11:36","date_gmt":"2017-09-21T12:11:36","guid":{"rendered":"http:\/\/xarxaomnia.gencat.cat\/blocs\/santvicendelshorts\/?page_id=2149"},"modified":"2017-09-28T13:07:56","modified_gmt":"2017-09-28T11:07:56","slug":"ens-trobaras-a-2","status":"publish","type":"page","link":"https:\/\/bloc.xarxa-omnia.org\/santvicendelshorts\/ens-trobaras-a-2\/","title":{"rendered":"Ens trobar\u00e0s a&#8230;"},"content":{"rendered":"<p>El Punt \u00d2mnia Sant Vicen\u00e7 dels Horts es troba al carrer d&#8217;Albacete n\u00famero 12-18 del mateix municipi de Sant Vicen\u00e7 dels Horts.<\/p>\n<p><iframe loading=\"lazy\" style=\"border: 0;\" src=\"https:\/\/www.google.com\/maps\/embed?pb=!1m18!1m12!1m3!1d2992.7695909549593!2d1.9996107511430372!3d41.40080990302391!2m3!1f0!2f0!3f0!3m2!1i1024!2i768!4f13.1!3m3!1m2!1s0x12a49ac6dcf3e999%3A0xe5bbcf3e812d66f1!2sCarrer+Albacete%2C+12%2C+08620+Sant+Vicen%C3%A7+dels+Horts%2C+Barcelona!5e0!3m2!1ses!2ses!4v1505995876959\" width=\"1000\" height=\"480\" frameborder=\"0\" allowfullscreen=\"allowfullscreen\"><\/iframe><\/p>\n<p>Pots contactar amb nosaltres al tel\u00e8fon 936723132 o als correus electr\u00f2nics: <a href=\"mailto:ccsantvicenc@xarxaomnia.gencat.cat\">ccsantvicenc@xarxaomnia.gencat.cat<\/a>,\u00a0<a href=\"mailto:ccsantvicenc2@xarxaomnia.gencat.cat\">ccsantvicenc2@xarxaomnia.gencat.cat<\/a>.<\/p>\n<!-- AddThis Advanced Settings generic via filter on the_content --><!-- AddThis Share Buttons generic via filter on the_content -->","protected":false},"excerpt":{"rendered":"<p>El Punt \u00d2mnia Sant Vicen\u00e7 dels Horts es troba al carrer d&#8217;Albacete n\u00famero 12-18 del mateix municipi de Sant Vicen\u00e7 dels Horts. Pots contactar amb nosaltres al tel\u00e8fon 936723132 o als correus electr\u00f2nics: ccsantvicenc@xarxaomnia.gencat.cat,\u00a0ccsantvicenc2@xarxaomnia.gencat.cat.<!-- AddThis Advanced Settings generic via filter on get_the_excerpt --><!-- AddThis Share Buttons generic via filter on get_the_excerpt --><\/p>\n","protected":false},"author":1,"featured_media":0,"parent":0,"menu_order":0,"comment_status":"closed","ping_status":"closed","template":"","meta":{"ngg_post_thumbnail":0,"footnotes":""},"class_list":["post-2149","page","type-page","status-publish","czr-hentry"],"_links":{"self":[{"href":"https:\/\/bloc.xarxa-omnia.org\/santvicendelshorts\/wp-json\/wp\/v2\/pages\/2149","targetHints":{"allow":["GET"]}}],"collection":[{"href":"https:\/\/bloc.xarxa-omnia.org\/santvicendelshorts\/wp-json\/wp\/v2\/pages"}],"about":[{"href":"https:\/\/bloc.xarxa-omnia.org\/santvicendelshorts\/wp-json\/wp\/v2\/types\/page"}],"author":[{"embeddable":true,"href":"https:\/\/bloc.xarxa-omnia.org\/santvicendelshorts\/wp-json\/wp\/v2\/users\/1"}],"replies":[{"embeddable":true,"href":"https:\/\/bloc.xarxa-omnia.org\/santvicendelshorts\/wp-json\/wp\/v2\/comments?post=2149"}],"version-history":[{"count":5,"href":"https:\/\/bloc.xarxa-omnia.org\/santvicendelshorts\/wp-json\/wp\/v2\/pages\/2149\/revisions"}],"predecessor-version":[{"id":2211,"href":"https:\/\/bloc.xarxa-omnia.org\/santvicendelshorts\/wp-json\/wp\/v2\/pages\/2149\/revisions\/2211"}],"wp:attachment":[{"href":"https:\/\/bloc.xarxa-omnia.org\/santvicendelshorts\/wp-json\/wp\/v2\/media?parent=2149"}],"curies":[{"name":"wp","href":"https:\/\/api.w.org\/{rel}","templated":true}]}}