{"id":2229,"date":"2017-09-29T12:00:30","date_gmt":"2017-09-29T10:00:30","guid":{"rendered":"http:\/\/xarxaomnia.gencat.cat\/blocs\/santvicendelshorts\/?page_id=2229"},"modified":"2017-09-29T12:13:23","modified_gmt":"2017-09-29T10:13:23","slug":"les-dones-del-punt-omnia","status":"publish","type":"page","link":"https:\/\/bloc.xarxa-omnia.org\/santvicendelshorts\/les-dones-del-punt-omnia\/","title":{"rendered":"Les dones del Punt \u00d2mnia"},"content":{"rendered":"<p>Un dels pilars de \u00a0Punt \u00d2mnia de Sant Vicen\u00e7 dels Horts ha estat la seva tasca a favor de la participaci\u00f3, formaci\u00f3 i empoderament de les dones. El Punt \u00d2mnia ha acollit des de la seva creaci\u00f3 grups de dones que han assistit a tallers en els quals s&#8217;hi ha fomentat l&#8217;\u00fas de les TIC i d&#8217;eines multim\u00e8dia, l&#8217;\u00fas d&#8217;eines creatives per a activitats de manualitats, i l&#8217;aprenentatge de les participants des de moltes vessants.<a href=\"http:\/\/xarxaomnia.gencat.cat\/blocs\/santvicendelshorts\/files\/2016\/04\/arpilleres-m\u00aa\u00c0ngels.jpg\" rel=\"attachment wp-att-1198\"><img loading=\"lazy\" decoding=\"async\" class=\"size-full wp-image-1198 alignright\" src=\"http:\/\/xarxaomnia.gencat.cat\/blocs\/santvicendelshorts\/files\/2016\/04\/arpilleres-m\u00aa\u00c0ngels.jpg\" alt=\"arpilleres m\u00aa\u00c0ngels\" width=\"338\" height=\"264\" srcset=\"https:\/\/bloc.xarxa-omnia.org\/santvicendelshorts\/files\/2016\/04\/arpilleres-m\u00aa\u00c0ngels.jpg 338w, https:\/\/bloc.xarxa-omnia.org\/santvicendelshorts\/files\/2016\/04\/arpilleres-m\u00aa\u00c0ngels-300x234.jpg 300w\" sizes=\"auto, (max-width: 338px) 100vw, 338px\" \/><\/a><\/p>\n<p>El Punt \u00d2mnia compta amb un espai per a dones, un taller espec\u00edficament dirigit a aquest col\u00b7lectiu en el qual les usu\u00e0ries es troben, intercanvien aprenentatges i experi\u00e8ncies i col\u00b7laboren entre elles\u00a0per a millorar la seva formaci\u00f3 i autoestima. Les activitats de l&#8217;Espai de dones tenen com a base principal l&#8217;\u00fas de les eines TIC aix\u00ed com els contes i l\u2019escriptura creativa, dues eines que guien l&#8217;activitat i que serveixen per a crear un vincle entre les participants i treballar molts aspectes de les seves capacitats.<\/p>\n<p>Un altre espai igualment destacat \u00e9s el grup de dones arpilleres de Sant Vicen\u00e7 dels Horts, un taller que porta anys en funcionament i que ha servit per a empoderar \u00a0les participants i fer-les per\u00edticeps de les noves tecnologies amb una tasca d\u2019artesania t\u00e8xtil d\u2019inter\u00e8s cultural. Amb el taller de les arpilleres el Punt \u00d2mnia ha acostat aquesta pr\u00e0ctica a les dones de Sant Vicen\u00e7 dels Horts i ha pogut fer visible d\u2019on \u00e9s aquesta pr\u00e0ctica i l\u2019origen de les arpilleres.<\/p>\n<!-- AddThis Advanced Settings generic via filter on the_content --><!-- AddThis Share Buttons generic via filter on the_content -->","protected":false},"excerpt":{"rendered":"<p>Un dels pilars de \u00a0Punt \u00d2mnia de Sant Vicen\u00e7 dels Horts ha estat la seva tasca a favor de la participaci\u00f3, formaci\u00f3 i empoderament de les dones. El Punt \u00d2mnia ha acollit des de la seva creaci\u00f3 grups de dones que han assistit a tallers en els quals s&#8217;hi ha fomentat l&#8217;\u00fas de les TIC [&hellip;]<!-- AddThis Advanced Settings generic via filter on get_the_excerpt --><!-- AddThis Share Buttons generic via filter on get_the_excerpt --><\/p>\n","protected":false},"author":1,"featured_media":0,"parent":0,"menu_order":0,"comment_status":"closed","ping_status":"closed","template":"","meta":{"ngg_post_thumbnail":0,"footnotes":""},"class_list":["post-2229","page","type-page","status-publish","czr-hentry"],"_links":{"self":[{"href":"https:\/\/bloc.xarxa-omnia.org\/santvicendelshorts\/wp-json\/wp\/v2\/pages\/2229","targetHints":{"allow":["GET"]}}],"collection":[{"href":"https:\/\/bloc.xarxa-omnia.org\/santvicendelshorts\/wp-json\/wp\/v2\/pages"}],"about":[{"href":"https:\/\/bloc.xarxa-omnia.org\/santvicendelshorts\/wp-json\/wp\/v2\/types\/page"}],"author":[{"embeddable":true,"href":"https:\/\/bloc.xarxa-omnia.org\/santvicendelshorts\/wp-json\/wp\/v2\/users\/1"}],"replies":[{"embeddable":true,"href":"https:\/\/bloc.xarxa-omnia.org\/santvicendelshorts\/wp-json\/wp\/v2\/comments?post=2229"}],"version-history":[{"count":5,"href":"https:\/\/bloc.xarxa-omnia.org\/santvicendelshorts\/wp-json\/wp\/v2\/pages\/2229\/revisions"}],"predecessor-version":[{"id":2234,"href":"https:\/\/bloc.xarxa-omnia.org\/santvicendelshorts\/wp-json\/wp\/v2\/pages\/2229\/revisions\/2234"}],"wp:attachment":[{"href":"https:\/\/bloc.xarxa-omnia.org\/santvicendelshorts\/wp-json\/wp\/v2\/media?parent=2229"}],"curies":[{"name":"wp","href":"https:\/\/api.w.org\/{rel}","templated":true}]}}