{"id":10,"date":"2011-02-01T19:16:27","date_gmt":"2011-02-01T17:16:27","guid":{"rendered":"http:\/\/xarxaomnia.gencat.cat\/blocs\/seguretatenxarxa\/?page_id=10"},"modified":"2011-02-03T13:33:05","modified_gmt":"2011-02-03T11:33:05","slug":"xarxa","status":"publish","type":"page","link":"https:\/\/bloc.xarxa-omnia.org\/seguretatenxarxa\/xarxa\/","title":{"rendered":"Xarxa"},"content":{"rendered":"<p><a href=\"http:\/\/xarxaomnia.gencat.cat\/blocs\/seguretatenxarxa\/files\/2011\/02\/1296589937_Social-network.png\"><img loading=\"lazy\" decoding=\"async\" class=\"alignright size-full wp-image-25\" style=\"float: right;\" title=\"1296589937_Social network\" src=\"http:\/\/xarxaomnia.gencat.cat\/blocs\/seguretatenxarxa\/files\/2011\/02\/1296589937_Social-network.png\" alt=\"\" width=\"128\" height=\"128\" \/><\/a>Vols que tota la xarxa s&#8217;assabenti de quina activitat fas per promoure la seguretat a Internet?<\/p>\n<p>Vols compartir els teus recursos?<\/p>\n<p>En els seg\u00fcents 3 apartats t&#8217;expliquem com:<\/p>\n<p>&#8211; <a href=\"http:\/\/xarxaomnia.gencat.cat\/blocs\/seguretatenxarxa\/xarxa\/publica-al-bloc\/\" target=\"_self\">Publica-ho en aquest bloc<\/a><\/p>\n<p>&#8211; <a href=\"http:\/\/xarxaomnia.gencat.cat\/blocs\/seguretatenxarxa\/xarxa\/piulau-a-twitter\/\" target=\"_self\">Piula-ho a Twitter<\/a> amb l&#8217;etiqueta <strong>#seguretatenxarxa<\/strong>. A m\u00e9s, trobar\u00e0s tot el que Xarxa \u00d2mnia anir\u00e0 twittejant<\/p>\n<p>&#8211; <a href=\"http:\/\/xarxaomnia.gencat.cat\/blocs\/seguretatenxarxa\/xarxa\/envians-la-teva-proposta\/\" target=\"_self\">Fes-nos arribar les teves propostes<\/a> i les difondrem a trav\u00e9s del bloc i de Twitter.<\/p>\n","protected":false},"excerpt":{"rendered":"<p>Vols que tota la xarxa s&#8217;assabenti de quina activitat fas per promoure la seguretat a Internet? Vols compartir els teus recursos? En els seg\u00fcents 3 apartats t&#8217;expliquem com: &#8211; Publica-ho en aquest bloc &#8211; Piula-ho a Twitter amb l&#8217;etiqueta #seguretatenxarxa. A m\u00e9s, trobar\u00e0s tot el que Xarxa \u00d2mnia anir\u00e0 twittejant &#8211; Fes-nos arribar les teves [&hellip;]<\/p>\n","protected":false},"author":61,"featured_media":0,"parent":0,"menu_order":2,"comment_status":"closed","ping_status":"closed","template":"","meta":{"footnotes":""},"class_list":["post-10","page","type-page","status-publish","hentry"],"_links":{"self":[{"href":"https:\/\/bloc.xarxa-omnia.org\/seguretatenxarxa\/wp-json\/wp\/v2\/pages\/10","targetHints":{"allow":["GET"]}}],"collection":[{"href":"https:\/\/bloc.xarxa-omnia.org\/seguretatenxarxa\/wp-json\/wp\/v2\/pages"}],"about":[{"href":"https:\/\/bloc.xarxa-omnia.org\/seguretatenxarxa\/wp-json\/wp\/v2\/types\/page"}],"author":[{"embeddable":true,"href":"https:\/\/bloc.xarxa-omnia.org\/seguretatenxarxa\/wp-json\/wp\/v2\/users\/61"}],"replies":[{"embeddable":true,"href":"https:\/\/bloc.xarxa-omnia.org\/seguretatenxarxa\/wp-json\/wp\/v2\/comments?post=10"}],"version-history":[{"count":10,"href":"https:\/\/bloc.xarxa-omnia.org\/seguretatenxarxa\/wp-json\/wp\/v2\/pages\/10\/revisions"}],"predecessor-version":[{"id":12,"href":"https:\/\/bloc.xarxa-omnia.org\/seguretatenxarxa\/wp-json\/wp\/v2\/pages\/10\/revisions\/12"}],"wp:attachment":[{"href":"https:\/\/bloc.xarxa-omnia.org\/seguretatenxarxa\/wp-json\/wp\/v2\/media?parent=10"}],"curies":[{"name":"wp","href":"https:\/\/api.w.org\/{rel}","templated":true}]}}