{"id":2,"date":"2011-02-01T13:04:45","date_gmt":"2011-02-01T11:04:45","guid":{"rendered":""},"modified":"2011-02-03T14:24:21","modified_gmt":"2011-02-03T12:24:21","slug":"about","status":"publish","type":"page","link":"https:\/\/bloc.xarxa-omnia.org\/seguretatenxarxa\/","title":{"rendered":"Seguretat"},"content":{"rendered":"<div>\n<p><a href=\"http:\/\/xarxaomnia.gencat.cat\/blocs\/seguretatenxarxa\/files\/2011\/02\/1296588525_float.png\"><img loading=\"lazy\" decoding=\"async\" class=\"size-full wp-image-16  alignright\" style=\"float: right;\" title=\"1296588525_float\" src=\"http:\/\/xarxaomnia.gencat.cat\/blocs\/seguretatenxarxa\/files\/2011\/02\/1296588525_float.png\" alt=\"\" width=\"128\" height=\"128\" \/><\/a>Estem treballant en aquest bloc per a <strong>promoure i difondre<\/strong> les  activitats sobre <strong>seguretat a la Xarxa <\/strong>realitzades en el marc del dia de  la Internet Segura, 8 de febrer.<\/p>\n<p>Es tracta de fer difusi\u00f3 d&#8217;all\u00f2 que es fa i sobretot conscienciar de la  import\u00e0ncia de prendre mesures davant dels possibles atacs a la nostra  seguretat quan naveguem per la xarxa.<\/p>\n<p>El 8 de febrer anirem difonent a trav\u00e9s d\u2019aquest bloc i de  twitter consells, activitats i recursos que us poden ser \u00fatils per a  aquesta finalitat, i esperem que tamb\u00e9 ho siguin durant la resta de l\u2019any, ja que la seguretat sempre l\u2019hem de tenir en compte.<\/p>\n<\/div>\n<p><script src=\"http:\/\/widgets.twimg.com\/j\/2\/widget.js\"><\/script> <script type=\"text\/javascript\">\/\/ <![CDATA[\nnew TWTR.Widget({\n  version: 2,\n  type: 'search',\n  search: '#seguretatenxarxa',\n  interval: 6000,\n  title: 'Xarxa \u00d2mnia',\n  subject: '#seguretatenxarxa',\n  width: 650,\n  height: 250,\n  theme: {\n    shell: {\n      background: '#8ec1da',\n      color: '#ffffff'\n    },\n    tweets: {\n      background: '#ffffff',\n      color: '#444444',\n      links: '#1985b5'\n    }\n  },\n  features: {\n    scrollbar: true,\n    loop: true,\n    live: true,\n    hashtags: true,\n    timestamp: true,\n    avatars: true,\n    toptweets: true,\n    behavior: 'default'\n  }\n}).render().start();\n\/\/ ]]><\/script><\/p>\n","protected":false},"excerpt":{"rendered":"<p>Estem treballant en aquest bloc per a promoure i difondre les activitats sobre seguretat a la Xarxa realitzades en el marc del dia de la Internet Segura, 8 de febrer. Es tracta de fer difusi\u00f3 d&#8217;all\u00f2 que es fa i sobretot conscienciar de la import\u00e0ncia de prendre mesures davant dels possibles atacs a la nostra [&hellip;]<\/p>\n","protected":false},"author":61,"featured_media":0,"parent":0,"menu_order":1,"comment_status":"closed","ping_status":"closed","template":"","meta":{"footnotes":""},"class_list":["post-2","page","type-page","status-publish","hentry"],"_links":{"self":[{"href":"https:\/\/bloc.xarxa-omnia.org\/seguretatenxarxa\/wp-json\/wp\/v2\/pages\/2","targetHints":{"allow":["GET"]}}],"collection":[{"href":"https:\/\/bloc.xarxa-omnia.org\/seguretatenxarxa\/wp-json\/wp\/v2\/pages"}],"about":[{"href":"https:\/\/bloc.xarxa-omnia.org\/seguretatenxarxa\/wp-json\/wp\/v2\/types\/page"}],"author":[{"embeddable":true,"href":"https:\/\/bloc.xarxa-omnia.org\/seguretatenxarxa\/wp-json\/wp\/v2\/users\/61"}],"replies":[{"embeddable":true,"href":"https:\/\/bloc.xarxa-omnia.org\/seguretatenxarxa\/wp-json\/wp\/v2\/comments?post=2"}],"version-history":[{"count":15,"href":"https:\/\/bloc.xarxa-omnia.org\/seguretatenxarxa\/wp-json\/wp\/v2\/pages\/2\/revisions"}],"predecessor-version":[{"id":6,"href":"https:\/\/bloc.xarxa-omnia.org\/seguretatenxarxa\/wp-json\/wp\/v2\/pages\/2\/revisions\/6"}],"wp:attachment":[{"href":"https:\/\/bloc.xarxa-omnia.org\/seguretatenxarxa\/wp-json\/wp\/v2\/media?parent=2"}],"curies":[{"name":"wp","href":"https:\/\/api.w.org\/{rel}","templated":true}]}}