{"id":40,"date":"2011-02-02T15:29:01","date_gmt":"2011-02-02T13:29:01","guid":{"rendered":"http:\/\/xarxaomnia.gencat.cat\/blocs\/seguretatenxarxa\/?page_id=40"},"modified":"2011-02-03T13:43:00","modified_gmt":"2011-02-03T11:43:00","slug":"envians-la-teva-proposta","status":"publish","type":"page","link":"https:\/\/bloc.xarxa-omnia.org\/seguretatenxarxa\/xarxa\/envians-la-teva-proposta\/","title":{"rendered":"Envia&#8217;ns la teva proposta"},"content":{"rendered":"<p><a href=\"http:\/\/xarxaomnia.gencat.cat\/blocs\/seguretatenxarxa\/files\/2011\/02\/1296653584_kontact.png\"><img loading=\"lazy\" decoding=\"async\" class=\"alignright size-full wp-image-44\" style=\"float: right;\" title=\"1296653584_kontact\" src=\"http:\/\/xarxaomnia.gencat.cat\/blocs\/seguretatenxarxa\/files\/2011\/02\/1296653584_kontact.png\" alt=\"\" width=\"128\" height=\"128\" \/><\/a>Si no tens ni vols tenir Twitter, si no vols editar la not\u00edcia, sempre pots enviar-nos la teva proposta per correu electr\u00f2nic amb alguna imatge i des d&#8217;aqu\u00ed en farem difusi\u00f3 per tu.<\/p>\n<p>Envia&#8217;ns la teva proposta per <a href=\"mailto:&quot;oficina.tecnica@xarxa-omnia.org&quot;\">correu electr\u00f2nic.<\/a><\/p>\n","protected":false},"excerpt":{"rendered":"<p>Si no tens ni vols tenir Twitter, si no vols editar la not\u00edcia, sempre pots enviar-nos la teva proposta per correu electr\u00f2nic amb alguna imatge i des d&#8217;aqu\u00ed en farem difusi\u00f3 per tu. Envia&#8217;ns la teva proposta per correu electr\u00f2nic.<\/p>\n","protected":false},"author":61,"featured_media":0,"parent":10,"menu_order":3,"comment_status":"closed","ping_status":"closed","template":"","meta":{"footnotes":""},"class_list":["post-40","page","type-page","status-publish","hentry"],"_links":{"self":[{"href":"https:\/\/bloc.xarxa-omnia.org\/seguretatenxarxa\/wp-json\/wp\/v2\/pages\/40","targetHints":{"allow":["GET"]}}],"collection":[{"href":"https:\/\/bloc.xarxa-omnia.org\/seguretatenxarxa\/wp-json\/wp\/v2\/pages"}],"about":[{"href":"https:\/\/bloc.xarxa-omnia.org\/seguretatenxarxa\/wp-json\/wp\/v2\/types\/page"}],"author":[{"embeddable":true,"href":"https:\/\/bloc.xarxa-omnia.org\/seguretatenxarxa\/wp-json\/wp\/v2\/users\/61"}],"replies":[{"embeddable":true,"href":"https:\/\/bloc.xarxa-omnia.org\/seguretatenxarxa\/wp-json\/wp\/v2\/comments?post=40"}],"version-history":[{"count":9,"href":"https:\/\/bloc.xarxa-omnia.org\/seguretatenxarxa\/wp-json\/wp\/v2\/pages\/40\/revisions"}],"predecessor-version":[{"id":51,"href":"https:\/\/bloc.xarxa-omnia.org\/seguretatenxarxa\/wp-json\/wp\/v2\/pages\/40\/revisions\/51"}],"up":[{"embeddable":true,"href":"https:\/\/bloc.xarxa-omnia.org\/seguretatenxarxa\/wp-json\/wp\/v2\/pages\/10"}],"wp:attachment":[{"href":"https:\/\/bloc.xarxa-omnia.org\/seguretatenxarxa\/wp-json\/wp\/v2\/media?parent=40"}],"curies":[{"name":"wp","href":"https:\/\/api.w.org\/{rel}","templated":true}]}}