{"id":221,"date":"2019-05-22T14:25:58","date_gmt":"2019-05-22T11:25:58","guid":{"rendered":"http:\/\/xarxaomnia.gencat.cat\/blocs\/torrelles\/?page_id=221"},"modified":"2019-05-30T13:11:32","modified_gmt":"2019-05-30T10:11:32","slug":"activitat-tecnoestiu","status":"publish","type":"page","link":"https:\/\/bloc.xarxa-omnia.org\/torrelles\/activitat-tecnoestiu\/","title":{"rendered":"TECNOESTIU"},"content":{"rendered":"<p><a href=\"http:\/\/xarxaomnia.gencat.cat\/blocs\/torrelles\/files\/2019\/05\/TECNOESTIU-1.png\" rel=\"attachment wp-att-233\"><img loading=\"lazy\" decoding=\"async\" class=\"alignnone size-full wp-image-233\" src=\"http:\/\/xarxaomnia.gencat.cat\/blocs\/torrelles\/files\/2019\/05\/TECNOESTIU-1.png\" alt=\"TECNOESTIU (1)\" width=\"820\" height=\"312\" srcset=\"https:\/\/bloc.xarxa-omnia.org\/torrelles\/files\/2019\/05\/TECNOESTIU-1.png 820w, https:\/\/bloc.xarxa-omnia.org\/torrelles\/files\/2019\/05\/TECNOESTIU-1-300x114.png 300w, https:\/\/bloc.xarxa-omnia.org\/torrelles\/files\/2019\/05\/TECNOESTIU-1-768x292.png 768w, https:\/\/bloc.xarxa-omnia.org\/torrelles\/files\/2019\/05\/TECNOESTIU-1-500x190.png 500w\" sizes=\"auto, (max-width: 820px) 100vw, 820px\" \/><\/a><\/p>\n<p>A continuaci\u00f3 trobareu tota la informaci\u00f3 relativa a l&#8217;activitat <strong>TECNOESTIU<\/strong> per aquest <strong>Juliol de 2019<\/strong><\/p>\n<p><a href=\"http:\/\/xarxaomnia.gencat.cat\/blocs\/torrelles\/files\/2019\/05\/Reuni\u00f3-TECNOESTIU.pdf\">Document d&#8217;informaci\u00f3 de la reuni\u00f3 de pares 2019<\/a><\/p>\n<p>El per\u00edode de pre-inscripcions s&#8217;obrir\u00e0 el proper <strong>31 de maig a les 12:00h.<br \/>\n<\/strong>Recordeu que s\u00f3n places limitades i s&#8217;adjudicaran per ordre d&#8217;inscripci\u00f3.<\/p>\n<h2><a href=\"https:\/\/forms.gle\/PybSioSNgm944zZj9\">ENLLA\u00c7 PER FER LA PRE-INSCRIPCI\u00d3<\/a><\/h2>\n","protected":false},"excerpt":{"rendered":"<p>A continuaci\u00f3 trobareu tota la informaci\u00f3 relativa a l&#8217;activitat TECNOESTIU per aquest Juliol de 2019 Document d&#8217;informaci\u00f3 de la reuni\u00f3 de pares 2019 El per\u00edode de pre-inscripcions s&#8217;obrir\u00e0 el proper 31 de maig a les 12:00h. Recordeu que s\u00f3n places &hellip; <a href=\"https:\/\/bloc.xarxa-omnia.org\/torrelles\/activitat-tecnoestiu\/\">Continua llegint <span class=\"meta-nav\">&rarr;<\/span><\/a><\/p>\n","protected":false},"author":175,"featured_media":0,"parent":0,"menu_order":0,"comment_status":"closed","ping_status":"closed","template":"","meta":{"footnotes":""},"class_list":["post-221","page","type-page","status-publish","hentry"],"_links":{"self":[{"href":"https:\/\/bloc.xarxa-omnia.org\/torrelles\/wp-json\/wp\/v2\/pages\/221","targetHints":{"allow":["GET"]}}],"collection":[{"href":"https:\/\/bloc.xarxa-omnia.org\/torrelles\/wp-json\/wp\/v2\/pages"}],"about":[{"href":"https:\/\/bloc.xarxa-omnia.org\/torrelles\/wp-json\/wp\/v2\/types\/page"}],"author":[{"embeddable":true,"href":"https:\/\/bloc.xarxa-omnia.org\/torrelles\/wp-json\/wp\/v2\/users\/175"}],"replies":[{"embeddable":true,"href":"https:\/\/bloc.xarxa-omnia.org\/torrelles\/wp-json\/wp\/v2\/comments?post=221"}],"version-history":[{"count":7,"href":"https:\/\/bloc.xarxa-omnia.org\/torrelles\/wp-json\/wp\/v2\/pages\/221\/revisions"}],"predecessor-version":[{"id":243,"href":"https:\/\/bloc.xarxa-omnia.org\/torrelles\/wp-json\/wp\/v2\/pages\/221\/revisions\/243"}],"wp:attachment":[{"href":"https:\/\/bloc.xarxa-omnia.org\/torrelles\/wp-json\/wp\/v2\/media?parent=221"}],"curies":[{"name":"wp","href":"https:\/\/api.w.org\/{rel}","templated":true}]}}