{"id":447,"date":"2016-02-24T11:02:53","date_gmt":"2016-02-24T11:02:53","guid":{"rendered":"http:\/\/xarxaomnia.gencat.cat\/blocs\/tortosa\/?page_id=447"},"modified":"2020-11-04T15:10:14","modified_gmt":"2020-11-04T15:10:14","slug":"pagina-de-benvinguda","status":"publish","type":"page","link":"https:\/\/bloc.xarxa-omnia.org\/tortosa\/","title":{"rendered":"P\u00e0gina de benvinguda"},"content":{"rendered":"<h3 style=\"text-align: center\"><a href=\"https:\/\/xarxaomnia.gencat.cat\/punt-omnia\/punt-mnia-casal-c-vic-de-tortosa\">El Punt \u00d2mnia Tortosa<\/a> forma part de la Xarxa \u00d2mnia, del Departament de Treball, Afers Socials i Fam\u00edlies, i de la Direcci\u00f3 General d\u2019Acci\u00f3 C\u00edvica Comunit\u00e0ria. Al mateix temps, aquest \u00e9s gestionat per l&#8217;entitat <a href=\"https:\/\/esplaiblanquerna.com\/\">Grup Esplai Blanquerna.<\/a><\/h3>\n<h3 style=\"text-align: center\">El Punt \u00d2mnia \u00e9s un programa comunitari, de car\u00e0cter preventiu, socioeducatiu i d\u2019acci\u00f3 directa, que es regeix pel principi d\u2019universalitat. \u00c9s a dir, est\u00e0 obert a tothom, tot i que de manera espec\u00edfica als col\u00b7lectius m\u00e9s vulnerables i a les persones en risc d\u2019exclusi\u00f3 social. Aquesta lluita sobre l\u2019exclusi\u00f3 social, es fa a trav\u00e9s dels tres eixos d\u2019actuaci\u00f3: <strong>foment de l&#8217;ocupabilitat, acci\u00f3 comunit\u00e0ria i aprenentatge.<\/strong><\/h3>\n<h3 style=\"text-align: center\"><span style=\"color: #008080\">Amb l&#8217;activaci\u00f3 de l&#8217;<em><span style=\"color: #800000\">estat d&#8217;alarma el passat 15 de mar\u00e7,<\/span><\/em> els <strong>Punts \u00d2mnia <\/strong>van tancar les portes. No obstant aix\u00f2,\u00a0 els dinamitzadors i dinamitzadores hem continuat treballant des de casa. De seguida ens vam activar per buscar les millors vies per seguir acompanyant la nostra comunitat. <strong>Hem hagut d&#8217;aprendre a utilitzar noves eines i canals i, per aquest mateix motiu, hem decidit reactivar aquest blog, donar-li un nou \u00fas, per tal de poder oferir recursos i cursos &#8220;en l\u00ednia&#8221; a totes les persones participants.<\/strong><\/span><\/h3>\n<hr \/>\n<p style=\"text-align: center\"><strong>El Punt \u00d2mnia Tortosa est\u00e0 situat al barri de Ferreries, al primer pis del Casal de C\u00edvic de Tortosa, al carrer Alfara de Carles 27-33.<\/strong><\/p>\n<p style=\"text-align: center\"><strong>Podeu contactar-nos al tel\u00e8fon 977502300 i al correu <a href=\"mailto:tortosa@xarxaomnia.gencat.cat\">tortosa@xarxaomnia.gencat.cat<\/a>.<\/strong><\/p>\n","protected":false},"excerpt":{"rendered":"<p>El Punt \u00d2mnia Tortosa forma part de la Xarxa \u00d2mnia, del Departament de Treball, Afers Socials i Fam\u00edlies, i de la Direcci\u00f3 General d\u2019Acci\u00f3 C\u00edvica Comunit\u00e0ria. Al mateix temps, aquest \u00e9s gestionat per l&#8217;entitat Grup Esplai Blanquerna. El Punt \u00d2mnia \u00e9s un programa comunitari, de car\u00e0cter preventiu, socioeducatiu i d\u2019acci\u00f3 directa, que es regeix pel [&hellip;]<\/p>\n","protected":false},"author":179,"featured_media":0,"parent":0,"menu_order":0,"comment_status":"closed","ping_status":"closed","template":"","meta":{"footnotes":""},"class_list":["post-447","page","type-page","status-publish","czr-hentry"],"_links":{"self":[{"href":"https:\/\/bloc.xarxa-omnia.org\/tortosa\/wp-json\/wp\/v2\/pages\/447","targetHints":{"allow":["GET"]}}],"collection":[{"href":"https:\/\/bloc.xarxa-omnia.org\/tortosa\/wp-json\/wp\/v2\/pages"}],"about":[{"href":"https:\/\/bloc.xarxa-omnia.org\/tortosa\/wp-json\/wp\/v2\/types\/page"}],"author":[{"embeddable":true,"href":"https:\/\/bloc.xarxa-omnia.org\/tortosa\/wp-json\/wp\/v2\/users\/179"}],"replies":[{"embeddable":true,"href":"https:\/\/bloc.xarxa-omnia.org\/tortosa\/wp-json\/wp\/v2\/comments?post=447"}],"version-history":[{"count":24,"href":"https:\/\/bloc.xarxa-omnia.org\/tortosa\/wp-json\/wp\/v2\/pages\/447\/revisions"}],"predecessor-version":[{"id":1460,"href":"https:\/\/bloc.xarxa-omnia.org\/tortosa\/wp-json\/wp\/v2\/pages\/447\/revisions\/1460"}],"wp:attachment":[{"href":"https:\/\/bloc.xarxa-omnia.org\/tortosa\/wp-json\/wp\/v2\/media?parent=447"}],"curies":[{"name":"wp","href":"https:\/\/api.w.org\/{rel}","templated":true}]}}