{"id":502,"date":"2016-04-28T18:59:19","date_gmt":"2016-04-28T18:59:19","guid":{"rendered":"http:\/\/xarxaomnia.gencat.cat\/blocs\/tortosa\/?page_id=502"},"modified":"2020-11-03T14:49:57","modified_gmt":"2020-11-03T14:49:57","slug":"horari-2","status":"publish","type":"page","link":"https:\/\/bloc.xarxa-omnia.org\/tortosa\/horari-2\/","title":{"rendered":"Horari"},"content":{"rendered":"<div><\/div>\n<div>\n<div>\n<p>D&#8217;acord amb les ultimes\u00a0 mesures en mat\u00e8ria de salut p\u00fablica per a la contenci\u00f3 del brot epid\u00e8mic de la pand\u00e8mia de COVID-19 al territori de Catalunya, RESOLUCI\u00d3 SLT\/2700\/2020, de 29 d&#8217;octubre, tots els cursos del Punt \u00d2mnia Tortosa es realitzen en format &#8220;en l\u00ednia&#8221;, de dilluns a divendres.<\/p>\n<\/div>\n<\/div>\n<p>Per obtenir m\u00e9s informaci\u00f3:<\/p>\n<ul>\n<li>\n<p lang=\"es-ES\" align=\"justify\">Trucar al 649.99.62.77. Si no us responem al tel\u00e8fon, ja us retornarem la trucada en un m\u00e0xim de 48 hores.<\/p>\n<\/li>\n<li>\n<p lang=\"es-ES\" align=\"justify\">Enviar un correu electr\u00f2nic a <a href=\"mailto:tortosa@xarxaomnia.gencat.cat\">tortosa@xarxaomnia.gencat.cat<\/a> o al Messenger del Facebook (Punt \u00d2mnia Tortosa).<\/p>\n<\/li>\n<li>\n<p lang=\"es-ES\" align=\"justify\">Si \u00e9s urgent, trucar al 977.50.23.00, o anar personalment al Punt \u00d2mnia, deixar les vostres dades a consergeria, i quan puguem us trucarem.<\/p>\n<\/li>\n<\/ul>\n<p align=\"justify\">Us hi esperem!!! ?<\/p>\n<p align=\"justify\">\n","protected":false},"excerpt":{"rendered":"<p>D&#8217;acord amb les ultimes\u00a0 mesures en mat\u00e8ria de salut p\u00fablica per a la contenci\u00f3 del brot epid\u00e8mic de la pand\u00e8mia de COVID-19 al territori de Catalunya, RESOLUCI\u00d3 SLT\/2700\/2020, de 29 d&#8217;octubre, tots els cursos del Punt \u00d2mnia Tortosa es realitzen en format &#8220;en l\u00ednia&#8221;, de dilluns a divendres. Per obtenir m\u00e9s informaci\u00f3: Trucar al 649.99.62.77. [&hellip;]<\/p>\n","protected":false},"author":1,"featured_media":0,"parent":0,"menu_order":0,"comment_status":"closed","ping_status":"closed","template":"","meta":{"footnotes":""},"class_list":["post-502","page","type-page","status-publish","czr-hentry"],"_links":{"self":[{"href":"https:\/\/bloc.xarxa-omnia.org\/tortosa\/wp-json\/wp\/v2\/pages\/502","targetHints":{"allow":["GET"]}}],"collection":[{"href":"https:\/\/bloc.xarxa-omnia.org\/tortosa\/wp-json\/wp\/v2\/pages"}],"about":[{"href":"https:\/\/bloc.xarxa-omnia.org\/tortosa\/wp-json\/wp\/v2\/types\/page"}],"author":[{"embeddable":true,"href":"https:\/\/bloc.xarxa-omnia.org\/tortosa\/wp-json\/wp\/v2\/users\/1"}],"replies":[{"embeddable":true,"href":"https:\/\/bloc.xarxa-omnia.org\/tortosa\/wp-json\/wp\/v2\/comments?post=502"}],"version-history":[{"count":30,"href":"https:\/\/bloc.xarxa-omnia.org\/tortosa\/wp-json\/wp\/v2\/pages\/502\/revisions"}],"predecessor-version":[{"id":1361,"href":"https:\/\/bloc.xarxa-omnia.org\/tortosa\/wp-json\/wp\/v2\/pages\/502\/revisions\/1361"}],"wp:attachment":[{"href":"https:\/\/bloc.xarxa-omnia.org\/tortosa\/wp-json\/wp\/v2\/media?parent=502"}],"curies":[{"name":"wp","href":"https:\/\/api.w.org\/{rel}","templated":true}]}}