{"id":911,"date":"2016-03-16T09:14:43","date_gmt":"2016-03-16T09:14:43","guid":{"rendered":"http:\/\/xarxaomnia.gencat.cat\/blocs\/tortosa\/?page_id=911"},"modified":"2018-07-09T10:51:47","modified_gmt":"2018-07-09T10:51:47","slug":"informacio-general","status":"publish","type":"page","link":"https:\/\/bloc.xarxa-omnia.org\/tortosa\/informacio-general\/","title":{"rendered":"Informaci\u00f3 general"},"content":{"rendered":"<p>Per obtenir informaci\u00f3 dels cursos i tallers:<\/p>\n<ul>\n<li>\n<p lang=\"es-ES\" align=\"justify\">Trucar al 649.99.62.77. Si no us responem al tel\u00e8fon, ja us retornarem la trucada en un m\u00e0xim de 48 hores.<\/p>\n<\/li>\n<li>\n<p lang=\"es-ES\" align=\"justify\">Enviar un correu electr\u00f2nic a <a href=\"mailto:tortosa@xarxaomnia.gencat.cat\">tortosa@xarxaomnia.gencat.cat<\/a> o al Messenger del Facebook (Punt \u00d2mnia Tortosa).<\/p>\n<\/li>\n<li>\n<p lang=\"es-ES\" align=\"justify\">Si \u00e9s urgent, anar personalment al centre on s&#8217;ubica el Punt \u00d2mnia (o trucar al 977.50.23.00), i deixar les vostres dades a consergeria (nom i n\u00famero de tel\u00e8fon). Tan aviat puguem, us trucarem.<\/p>\n<\/li>\n<\/ul>\n<p align=\"justify\">\n<p align=\"justify\">Us hi esperem!!! ?<\/p>\n","protected":false},"excerpt":{"rendered":"<p>Per obtenir informaci\u00f3 dels cursos i tallers: Trucar al 649.99.62.77. Si no us responem al tel\u00e8fon, ja us retornarem la trucada en un m\u00e0xim de 48 hores. Enviar un correu electr\u00f2nic a tortosa@xarxaomnia.gencat.cat o al Messenger del Facebook (Punt \u00d2mnia Tortosa). Si \u00e9s urgent, anar personalment al centre on s&#8217;ubica el Punt \u00d2mnia (o trucar [&hellip;]<\/p>\n","protected":false},"author":1,"featured_media":0,"parent":0,"menu_order":0,"comment_status":"closed","ping_status":"closed","template":"","meta":{"footnotes":""},"class_list":["post-911","page","type-page","status-publish","czr-hentry"],"_links":{"self":[{"href":"https:\/\/bloc.xarxa-omnia.org\/tortosa\/wp-json\/wp\/v2\/pages\/911","targetHints":{"allow":["GET"]}}],"collection":[{"href":"https:\/\/bloc.xarxa-omnia.org\/tortosa\/wp-json\/wp\/v2\/pages"}],"about":[{"href":"https:\/\/bloc.xarxa-omnia.org\/tortosa\/wp-json\/wp\/v2\/types\/page"}],"author":[{"embeddable":true,"href":"https:\/\/bloc.xarxa-omnia.org\/tortosa\/wp-json\/wp\/v2\/users\/1"}],"replies":[{"embeddable":true,"href":"https:\/\/bloc.xarxa-omnia.org\/tortosa\/wp-json\/wp\/v2\/comments?post=911"}],"version-history":[{"count":6,"href":"https:\/\/bloc.xarxa-omnia.org\/tortosa\/wp-json\/wp\/v2\/pages\/911\/revisions"}],"predecessor-version":[{"id":1336,"href":"https:\/\/bloc.xarxa-omnia.org\/tortosa\/wp-json\/wp\/v2\/pages\/911\/revisions\/1336"}],"wp:attachment":[{"href":"https:\/\/bloc.xarxa-omnia.org\/tortosa\/wp-json\/wp\/v2\/media?parent=911"}],"curies":[{"name":"wp","href":"https:\/\/api.w.org\/{rel}","templated":true}]}}