{"id":209,"date":"2010-04-16T12:07:12","date_gmt":"2010-04-16T11:07:12","guid":{"rendered":"http:\/\/www.xarxa-omnia.org\/puntomniavalls\/?page_id=209"},"modified":"2010-04-16T12:07:12","modified_gmt":"2010-04-16T11:07:12","slug":"recursos","status":"publish","type":"page","link":"https:\/\/bloc.xarxa-omnia.org\/valls\/recursos\/","title":{"rendered":"Recursos"},"content":{"rendered":"<ul>\n<li><a href=\"https:\/\/docs.google.com\/forms\/d\/1oabaoo1fjlIFS4ZCQI5sDBUz3DDb43mNkp7NRG3w_Qo\/viewform\" target=\"_blank\" rel=\"noopener noreferrer\">Enquesta interessos formatius emprenedors<\/a><\/li>\n<li><a href=\"https:\/\/spreadsheets.google.com\/spreadsheet\/viewform?hl=ca&amp;pli=1&amp;formkey=dGVqZExsbkFFRC00a1NfdkRLU3QzMnc6MA#gid=0\" target=\"_blank\" rel=\"noopener noreferrer\">Enquesta de coneixements inicials<\/a><\/li>\n<\/ul>\n<p><span style=\"text-decoration: underline\">Col\u00b7lectius<\/span><\/p>\n<ul>\n<li><a href=\"http:\/\/valls.xarxa-omnia.org\/?page_id=2198%20\">Acollida i Immigraci\u00f3<\/a><\/li>\n<li><a href=\"http:\/\/valls.xarxa-omnia.org\/?page_id=2676\">Gent Gran<\/a><\/li>\n<li><a href=\"http:\/\/www.xarxa-omnia.org\/puntomniavalls\/?page_id=794\">Infants i joves<\/a><\/li>\n<li><a href=\"http:\/\/www.xarxa-omnia.org\/puntomniavalls\/?page_id=2190\">Necessitats especials\u00a0<\/a><\/li>\n<li><a href=\"http:\/\/xarxanet.org\/informatic\/recursos\">Entitats<\/a><\/li>\n<li><a href=\"http:\/\/donesenxarxa.cat\/\">Dones<\/a><\/li>\n<\/ul>\n<p><span style=\"text-decoration: underline\">Temes<\/span><\/p>\n<ul>\n<li><a href=\"..\/..\/puntomniavalls\/?page_id=787\">ACTIC<\/a><\/li>\n<li><a href=\"http:\/\/www.xarxa-omnia.org\/puntomniavalls\/?page_id=783\">Alfabetitzaci\u00f3 digital<\/a><\/li>\n<li><a href=\"http:\/\/valls.xarxa-omnia.org\/?page_id=2581\">Full de C\u00e0lcul CALC<\/a><\/li>\n<li><a href=\"http:\/\/www.xarxa-omnia.org\/puntomniavalls\/?p=1893\">Internet<\/a><\/li>\n<li><a href=\"..\/..\/puntomniavalls\/?page_id=797\">Imatge digital<\/a><\/li>\n<li><a href=\"..\/?page_id=2558\">Mecanografia<\/a><\/li>\n<li><a href=\"..\/?cat=1\">Pinzellades Digitals (una mica de tot)<\/a><\/li>\n<li><a href=\"http:\/\/valls.xarxa-omnia.org\/?page_id=4269\" target=\"_blank\" rel=\"noopener noreferrer\">Processador de Textos (Writer)<\/a><\/li>\n<li><a href=\"..\/..\/puntomniavalls\/?page_id=2001\">Recerca de Feina<\/a><\/li>\n<li><a href=\"..\/..\/puntomniavalls\/?page_id=791\">Seguretat<\/a><\/li>\n<li><a href=\"..\/..\/puntomniavalls\/?page_id=2296\">Taller de mem\u00f2ria<\/a><\/li>\n<\/ul>\n<p><span style=\"text-decoration: underline\">General<\/span><\/p>\n<ul>\n<li><a href=\"http:\/\/internet-y-ordenadores.practicopedia.com\/\">Practicopedia<\/a> (v\u00eddeos i informaci\u00f3 \u00fatil de com fer&#8230;)<\/li>\n<li><a href=\"http:\/\/www.consumer.es\/tecnologia\/infografias\/\">Infografies<\/a> (Consumer Eroski)<\/li>\n<li><a href=\"http:\/\/www.consumer.es\/tecnologia\/videos\/?pagina=1\">V\u00eddeos<\/a> (Consumer Eroski)<\/li>\n<li><a href=\"http:\/\/www.consumer.es\/tecnologia\/monograficos\/\">Monogr\u00e0fics <\/a>(Consumer Eroski)<\/li>\n<\/ul>\n<p>&nbsp;<\/p>\n<p>&nbsp;<\/p>\n","protected":false},"excerpt":{"rendered":"<p>Enquesta interessos formatius emprenedors Enquesta de coneixements inicials Col\u00b7lectius Acollida i Immigraci\u00f3 Gent Gran Infants i joves Necessitats especials\u00a0 Entitats Dones Temes ACTIC Alfabetitzaci\u00f3 digital Full de C\u00e0lcul CALC Internet Imatge digital Mecanografia Pinzellades Digitals (una mica de tot) Processador de Textos (Writer) Recerca de Feina Seguretat Taller de mem\u00f2ria General Practicopedia (v\u00eddeos i informaci\u00f3 [&hellip;]<\/p>\n","protected":false},"author":187,"featured_media":0,"parent":0,"menu_order":12,"comment_status":"closed","ping_status":"open","template":"","meta":{"footnotes":""},"class_list":["post-209","page","type-page","status-publish","czr-hentry"],"_links":{"self":[{"href":"https:\/\/bloc.xarxa-omnia.org\/valls\/wp-json\/wp\/v2\/pages\/209","targetHints":{"allow":["GET"]}}],"collection":[{"href":"https:\/\/bloc.xarxa-omnia.org\/valls\/wp-json\/wp\/v2\/pages"}],"about":[{"href":"https:\/\/bloc.xarxa-omnia.org\/valls\/wp-json\/wp\/v2\/types\/page"}],"author":[{"embeddable":true,"href":"https:\/\/bloc.xarxa-omnia.org\/valls\/wp-json\/wp\/v2\/users\/187"}],"replies":[{"embeddable":true,"href":"https:\/\/bloc.xarxa-omnia.org\/valls\/wp-json\/wp\/v2\/comments?post=209"}],"version-history":[{"count":0,"href":"https:\/\/bloc.xarxa-omnia.org\/valls\/wp-json\/wp\/v2\/pages\/209\/revisions"}],"wp:attachment":[{"href":"https:\/\/bloc.xarxa-omnia.org\/valls\/wp-json\/wp\/v2\/media?parent=209"}],"curies":[{"name":"wp","href":"https:\/\/api.w.org\/{rel}","templated":true}]}}