{"id":3927,"date":"2014-02-20T14:38:43","date_gmt":"2014-02-20T13:38:43","guid":{"rendered":"http:\/\/valls.xarxa-omnia.org\/?page_id=3927"},"modified":"2014-02-20T14:38:43","modified_gmt":"2014-02-20T13:38:43","slug":"jornades-2-0-2","status":"publish","type":"page","link":"https:\/\/bloc.xarxa-omnia.org\/valls\/jornades-2-0-2\/","title":{"rendered":"Jornades 2.0"},"content":{"rendered":"<h2><span style=\"color: #000000\">Jornades 2016<\/span><\/h2>\n<p><img loading=\"lazy\" decoding=\"async\" class=\"alignleft wp-image-4909 size-medium\" src=\"http:\/\/valls.xarxa-omnia.org\/wp-content\/uploads\/2014\/02\/Programa1-200x300.jpg\" alt=\"programa1\" width=\"200\" height=\"300\" \/><img loading=\"lazy\" decoding=\"async\" class=\"alignleft size-medium wp-image-4908\" src=\"http:\/\/valls.xarxa-omnia.org\/wp-content\/uploads\/2014\/02\/Programa2-200x300.jpg\" alt=\"programa2\" width=\"200\" height=\"300\" srcset=\"https:\/\/bloc.xarxa-omnia.org\/valls\/files\/2014\/02\/Programa2-200x300.jpg 200w, https:\/\/bloc.xarxa-omnia.org\/valls\/files\/2014\/02\/Programa2-683x1024.jpg 683w, https:\/\/bloc.xarxa-omnia.org\/valls\/files\/2014\/02\/Programa2-768x1151.jpg 768w, https:\/\/bloc.xarxa-omnia.org\/valls\/files\/2014\/02\/Programa2.jpg 833w\" sizes=\"auto, (max-width: 200px) 100vw, 200px\" \/><\/p>\n<p>&nbsp;<\/p>\n<p>&nbsp;<\/p>\n<p>&nbsp;<\/p>\n<p>&nbsp;<\/p>\n<p>&nbsp;<\/p>\n<p>&nbsp;<\/p>\n<p>&nbsp;<\/p>\n<p>&nbsp;<\/p>\n<p>&nbsp;<\/p>\n<p>&nbsp;<\/p>\n<p>El proper dimarts 26 de gener, s\u2019inicia un nou cicle de les jornades 2.0.<\/p>\n<p style=\"text-align: justify\">La\u00a0\u00a0xerrada que iniciar\u00e0 el nou cicle ser\u00e0 Privadesa i seguretat en temps de megadades (big data), a c\u00e0rrec de <a title=\"Josep Domingo Ferrer\" href=\"http:\/\/www.urv.cat\/profesorado\/2\/josep-domingo-ferrer\">Josep Domingo Ferrer<\/a>, catedr\u00e0tic distingit de Ci\u00e8ncia de la Computaci\u00f3 i investigador ICREA Acad\u00e8mia a la Universitat Rovira i Virgili de Tarragona, on dirigeix la c\u00e0tedra UNESCO de Privadesa de Dades.<\/p>\n<p style=\"text-align: justify\">En Josep Domingo Ferrer t\u00e9 una \u00e0mplia experi\u00e8ncia i formaci\u00f3 en seguretat i la privacitat de les dades i una gran quantitat de premis i publicacions sobre el tema.<\/p>\n<div style=\"text-align: justify\">En aquesta 4a edici\u00f3 de les Jornades 2.0 es parlar\u00e0 de temes de la m\u00e0xima actualitat i comptarem amb amb la participaci\u00f3 de diferents experts:<\/div>\n<div style=\"text-align: justify\"><\/div>\n<div style=\"text-align: justify\">\n<ul>\n<li><strong>Seguretat i privadesa en temps de megadades<\/strong>. Josep Domingo Ferrer<\/li>\n<li><strong>Construint una ciutat intel\u00b7ligent<\/strong>. Santiago Castell\u00e0<\/li>\n<li><strong>Gamificaci\u00f3, moda o oportunitat<\/strong>. Oriol Ripoll<\/li>\n<li><strong>Les dades a la Societat del Coneixement<\/strong>. Ignasi Alcalde<\/li>\n<li><strong>L&#8217;auge de l&#8217;economia col\u00b7laborativa: noves formes de fer negocis<\/strong>. Eleni Papaoikonomou.<\/li>\n<\/ul>\n<p>Pots mirar el <a href=\"http:\/\/bloc.xarxa-omnia.org\/valls\/files\/2014\/02\/Programa-sencer.pdf\">programa sencer<\/a><\/p>\n<\/div>\n<h2><span style=\"color: #000000\">Jornades 2015<\/span><\/h2>\n<p><a href=\"http:\/\/bloc.xarxa-omnia.org\/valls\/files\/2014\/02\/Jornades-2.0-2015.jpg\"><img loading=\"lazy\" decoding=\"async\" class=\"alignleft  wp-image-4479\" src=\"http:\/\/valls.xarxa-omnia.org\/wp-content\/uploads\/2014\/02\/Jornades-2.0-2015-200x140.jpg\" alt=\"Jornades 2.0 2015\" width=\"250\" height=\"175\" \/><\/a><\/p>\n<p style=\"text-align: justify\">Enguany\u00a0continuen les Jornades 2.0 \u00a0amb la intenci\u00f3 de fer la m\u00e0xima difusi\u00f3 de temes d&#8217;actualitat i d&#8217; inter\u00e8s \u00a0relacionats amb les TIC.<\/p>\n<p style=\"text-align: justify\">Aquestes jornades estan orientades principalment a professionals, emprenedors, aut\u00f2noms, comer\u00e7os i empresaris per\u00f2 estan obertes al p\u00fablic, en general.<\/p>\n<p style=\"text-align: justify\">Totes les xerrades es realitzaran a\u00a0les 19.30h. a\u00a0l&#8217;<a href=\"http:\/\/www.hotelclassvalls.com\/\">Hotel Class de Valls<\/a>.\u00a0\u00a0L&#8217;entrada \u00e9s lliure i cal confirmaci\u00f3 d&#8217;assist\u00e8ncia per tal de \u00a0preveure l&#8217;aforament de la sala.<\/p>\n<p style=\"text-align: justify\">Les Jornades estan organitzades per l&#8217;I.M.D.L. Vallsgenera i el Punt \u00d2mnia de Valls amb la col\u00b7laboraci\u00f3 de: Hotel Class de Valls, iDigital, l&#8217;Antena del coneixement \u00a0de la URV i Catalunya Empr\u00e8n.<\/p>\n<p>La programaci\u00f3 de les Jornades ha estat:<\/p>\n<ol>\n<li style=\"text-align: justify\">Dimarts 3 de Mar\u00e7: <a href=\"http:\/\/valls.xarxa-omnia.org\/wp-content\/uploads\/2015\/03\/Presentaci%C3%B3-Merc%C3%A8-i-Vanessa.pdf\" target=\"_blank\" rel=\"noopener noreferrer\">El m\u00f3n del 3D: aplicacions i propostes.<\/a> Merc\u00e8 Gisbert, Doctora en Ci\u00e8ncies de l&#8217;Educaci\u00f3 i especialista en Tecnologies aplicades a l&#8217;educaci\u00f3. Vanessa Esteve-Gonz\u00e1lez, Enginyera t\u00e8cnica en Inform\u00e0tica de Gesti\u00f3, actualment realitzant el doctorat de Tecnologia Educativa. Ferran Mas, Professor IES Jaume Huguet. Comunity Manager de l&#8217;estoig Digital.<\/li>\n<li style=\"text-align: justify\">Dijous 26 de Mar\u00e7: <a href=\"http:\/\/es.slideshare.net\/narcisroma\/150326-xerrada-jornades-tic-i-vins-valls\" target=\"_blank\" rel=\"noopener noreferrer\">Comer\u00e7 electr\u00f2nic i m\u00e0rqueting digital: SEO, SEM, i posicionament web.<\/a> Narc\u00eds Rom\u00e0, Idigital. Responsable de projectes Xtrat\u00e8gics i orientador per a Pimes. Josep Guasch i Padr\u00f3, La renovaci\u00f3. Anna Set\u00f3, Licoranna.<\/li>\n<li style=\"text-align: justify\">Dijous 30 d&#8217;Abril: <span style=\"color: #3366ff\"><strong>El blog com a eina de promoci\u00f3 personal i professional.<\/strong><\/span> Txaber Allu\u00e9, El cocinero fiel. Consultor alta direcci\u00f3 i blocaire. Raquel Cantos, Dol\u00e7a Fantasia. Emprenedora.<\/li>\n<li style=\"text-align: justify\">Dijous 28 de Maig: <span style=\"color: #3366ff\"><strong>Estrat\u00e8gia a les xarxes socials per a la promoci\u00f3 de marca.<\/strong><\/span> Gemma Casal\u00e9\/Ivan Rodon, Vilaniu Comunicacions. J\u00falia Secall Roca, Llibreria Roca de Valls.<\/li>\n<li style=\"text-align: justify\">Dijous 18 de Juny: <a href=\"http:\/\/www.slideshare.net\/ruthtroyanopuig\/xarxes-socials-i-comunicaci\" target=\"_blank\" rel=\"noopener noreferrer\">El m\u00f3n del vi a Internet.<\/a> Xavier Dom\u00e8nech, Gerent de la Cooperativa Falset Mar\u00e7\u00e0. Ruth Troyano, Periodista especialitzada en enoturisme i blocaire. Adam Albert, Coordinador enoturisme, imatge i disseny. Vin\u00edcola de Nulles.<\/li>\n<\/ol>\n<h2 style=\"text-align: justify\"><span style=\"color: #000000\">Jornades 2014<\/span><\/h2>\n<p><img loading=\"lazy\" decoding=\"async\" class=\"alignleft size-medium wp-image-4004\" src=\"http:\/\/valls.xarxa-omnia.org\/wp-content\/uploads\/2014\/03\/Jornades-200x151.png\" alt=\"Jornades\" width=\"200\" height=\"151\" \/><\/p>\n<ol style=\"text-align: justify\">\n<li>Dimecres 26 Mar\u00e7: <span style=\"color: #3366ff\"><strong>TIC i noves formes d&#8217;aprendre al segle\u00a0<\/strong><\/span><span style=\"color: #3366ff\"><strong>XXI<\/strong><\/span>. Mar Camacho. Doctora en Tecnologia Educativa. URV.<\/li>\n<li>Dimecres 7 Maig: <a href=\"http:\/\/bloc.xarxa-omnia.org\/valls\/files\/2014\/05\/140507-xerrada-ecomm-Vallsgenera.pdf\" target=\"_blank\" rel=\"noopener noreferrer\">Vols vendre per Internet. Les 10 coses que has de saber sobre el comer\u00e7 electr\u00f2nic.<\/a> Narc\u00eds Rom\u00e0. Responsable de projectes a Xtrategics. Idigital<\/li>\n<li>Dimecres 28 Maig: <span style=\"color: #3366ff\"><strong>TIC i Dones al m\u00f3n de l&#8217;empresa<\/strong>.<\/span> <a href=\"http:\/\/bloc.xarxa-omnia.org\/valls\/files\/2014\/05\/CTAIMA_VALLS.pdf\" target=\"_blank\" rel=\"noopener noreferrer\">Iolanda Gatell<\/a>, \u00a0empres\u00e0ria. \u00a0Directora CTAIMA.\u00a0<a href=\"http:\/\/valls.xarxa-omnia.org\/wp-content\/uploads\/2014\/05\/Dones-i-TIC-al-m%C3%B3n-de-lempresa.pdf\" target=\"_blank\" rel=\"noopener noreferrer\">Teresa Torres<\/a>. Dra. en Administraci\u00f3 i Dir. Empreses i professora Dept. Gesti\u00f3 empreses URV.<\/li>\n<li>18 Juny: Comunicaci\u00f3 digital corporativa. <a href=\"http:\/\/valls.xarxa-omnia.org\/wp-content\/uploads\/2014\/06\/Comunicaci%C3%B3-digital-corporativa.pdf\" target=\"_blank\" rel=\"noopener noreferrer\">Un correcte \u00fas del Social Media per a una comunicaci\u00f3 efectiva.<\/a> Assumpci\u00f3 Huertas. Professora estudis de comunicaci\u00f3 de la URV.<\/li>\n<li>16 Juliol: <a href=\"http:\/\/valls.xarxa-omnia.org\/wp-content\/uploads\/2014\/07\/Presentaci\u00f3-Les-TIC-en-el-sector-Turistic.rar\">Presentaci\u00f3 Les TIC en el sector Turistic.<\/a> Josep M. Gali\u00e0. Consultor Idigital i expert TIC.<\/li>\n<li>24 Setembre: <a href=\"http:\/\/es.slideshare.net\/xsune\/qr-iraomnia-valls-39519780\">Aplicacions pr\u00e0ctiques de la realitat augmentada i dels codis QR.<\/a> Xavier Su\u00f1\u00e9. Assessor en Tecnologies aplicades al Servei Educatiu del Tarragon\u00e8s.<\/li>\n<li>29 Octubre: <span style=\"color: #3366ff\"><strong>Transformacions derivades del desenvolupament del sector m\u00f2bil i\u00a0 oportunitats d&#8217;ocupabilitat.<\/strong> <\/span>Sergi Marc\u00e9n L\u00f3pez. Responsable Desenvolupament sector m\u00f2bil i de les TIC a la Dir. Gral. Telecomunicacions i Societat de la Informaci\u00f3.<\/li>\n<li>26 Novembre: <span style=\"color: #3366ff\"><strong>TIC i noves formes de treballar: coworking, teletreball, ecoxarxes<\/strong>.<\/span> <a href=\"http:\/\/bloc.xarxa-omnia.org\/valls\/files\/2014\/11\/Valls_novembre_2014.pdf\" target=\"_blank\" rel=\"noopener noreferrer\">Ricard Faura<\/a>, Cap de Servei Societat del Coneixement Generalitat de Catalunya. <a href=\"http:\/\/bloc.xarxa-omnia.org\/valls\/files\/2014\/11\/taularodonavalls.pdf\" target=\"_blank\" rel=\"noopener noreferrer\">Laia Benaiges<\/a>, Coworking. Jordi Flores, Ecoxarxes. Cooperativa Integral Catalana. Elisenda S\u00e0nchez, Dissenyadora gr\u00e0fica, teletreballadora.<\/li>\n<li>10 Desembre:<strong>\u00a0<\/strong><a href=\"http:\/\/es.slideshare.net\/agustilopez\/posa-la-teva-botiga-a-internet\" target=\"_blank\" rel=\"noopener noreferrer\">Posa la teva botiga a Internet.<\/a>\u00a0 Agust\u00ed L\u00f3pez. Director General Inspira projectes<\/li>\n<\/ol>\n<p>Programaci\u00f3 de les\u00a0<a href=\"http:\/\/bloc.xarxa-omnia.org\/valls\/files\/2014\/04\/fullet\u00f3-JORNADES-2014_ABRIL.pdf\">JORNADES 2.0 2014<\/a><\/p>\n<h2>Jornades 2012 &#8211; 2013<\/h2>\n<p style=\"text-align: justify\"><span style=\"color: #000000\">Aqu\u00ed pots veure les presentacions realitzades la temporada anterior:<\/span><\/p>\n<ol style=\"text-align: justify\">\n<li><span style=\"color: #3366ff\"><a href=\"http:\/\/valls.xarxa-omnia.org\/?p=3519\" target=\"_blank\" rel=\"noopener noreferrer\"><span style=\"color: #3366ff\">Els avantatges del comer\u00e7 electr\u00f2nic. Inspira Project<\/span><\/a><a href=\"http:\/\/valls.xarxa-omnia.org\/?p=3519\" target=\"_blank\" rel=\"noopener noreferrer\"><span style=\"color: #3366ff\">.<\/span><\/a><\/span> Agust\u00ed L\u00f3pez<\/li>\n<li><span style=\"color: #3366ff\"><a href=\"http:\/\/valls.xarxa-omnia.org\/?p=3565\" target=\"_blank\" rel=\"noopener noreferrer\"><span style=\"color: #3366ff\">Open ERP, programari lliure per a l&#8217;empresa<\/span><\/a>.<\/span> Josep Maria Torruella<\/li>\n<li><span style=\"color: #3366ff\"><a href=\"http:\/\/valls.xarxa-omnia.org\/?p=3590\" target=\"_blank\" rel=\"noopener noreferrer\"><span style=\"color: #3366ff\">Innovar a Internet. Iconalab<\/span><\/a>.<\/span> \u00a0Jes\u00fas Ferr\u00e9<\/li>\n<li><span style=\"color: #3366ff\"><a href=\"http:\/\/valls.xarxa-omnia.org\/?p=3613\" target=\"_blank\" rel=\"noopener noreferrer\"><span style=\"color: #3366ff\">\u00c8tim, la marca de la cooperativa de Falset<\/span><\/a><\/span>. Xavier Dom\u00e8nech<\/li>\n<li><span style=\"color: #3366ff\"><a href=\"http:\/\/valls.xarxa-omnia.org\/?p=3618\" target=\"_blank\" rel=\"noopener noreferrer\"><span style=\"color: #3366ff\">e-Comer\u00e7 en l&#8217;espai del gran consum a trav\u00e9s del cas d&#8217;Ulabox.<\/span><\/a><\/span> Jaume Gom\u00e0<\/li>\n<li><span style=\"color: #3366ff\"><a href=\"http:\/\/valls.xarxa-omnia.org\/?p=3650\" target=\"_blank\" rel=\"noopener noreferrer\"><span style=\"color: #3366ff\">La seguretat TIC per a empreses que migren al n\u00favol<\/span><\/a>.<\/span> CESICAT. Tom\u00e0s Mor\u00e9<\/li>\n<li><span style=\"color: #3366ff\"><a href=\"http:\/\/valls.xarxa-omnia.org\/?p=3673\" target=\"_blank\" rel=\"noopener noreferrer\"><span style=\"color: #3366ff\">Noves tecnologies i comunicaci\u00f3 2.0.<\/span><\/a><\/span> <span style=\"color: #3366ff\">Usos i potencialitats del br\u00e0nding en temps de crisi<\/span>. Assumpci\u00f3 Huertas<\/li>\n<li><span style=\"color: #3366ff\"><a href=\"http:\/\/valls.xarxa-omnia.org\/?p=3715\" target=\"_blank\" rel=\"noopener noreferrer\"><span style=\"color: #3366ff\">TIC lliures a la jornada laboral<\/span><\/a>.<\/span> Iker Bilbao i Jordi Flores<\/li>\n<li><span style=\"color: #3366ff\"><a href=\"http:\/\/valls.xarxa-omnia.org\/?p=3742\" target=\"_blank\" rel=\"noopener noreferrer\"><span style=\"color: #3366ff\">Idigital, l&#8217;estrat\u00e8gia digital de Catalunya<\/span><\/a>.<\/span> Daniel Marco<\/li>\n<\/ol>\n","protected":false},"excerpt":{"rendered":"<p>Jornades 2016 &nbsp; &nbsp; &nbsp; &nbsp; &nbsp; &nbsp; &nbsp; &nbsp; &nbsp; &nbsp; El proper dimarts 26 de gener, s\u2019inicia un nou cicle de les jornades 2.0. La\u00a0\u00a0xerrada que iniciar\u00e0 el nou cicle ser\u00e0 Privadesa i seguretat en temps de megadades (big data), a c\u00e0rrec de Josep Domingo Ferrer, catedr\u00e0tic distingit de Ci\u00e8ncia de la Computaci\u00f3 [&hellip;]<\/p>\n","protected":false},"author":187,"featured_media":0,"parent":0,"menu_order":12,"comment_status":"open","ping_status":"open","template":"","meta":{"footnotes":""},"class_list":["post-3927","page","type-page","status-publish","czr-hentry"],"_links":{"self":[{"href":"https:\/\/bloc.xarxa-omnia.org\/valls\/wp-json\/wp\/v2\/pages\/3927","targetHints":{"allow":["GET"]}}],"collection":[{"href":"https:\/\/bloc.xarxa-omnia.org\/valls\/wp-json\/wp\/v2\/pages"}],"about":[{"href":"https:\/\/bloc.xarxa-omnia.org\/valls\/wp-json\/wp\/v2\/types\/page"}],"author":[{"embeddable":true,"href":"https:\/\/bloc.xarxa-omnia.org\/valls\/wp-json\/wp\/v2\/users\/187"}],"replies":[{"embeddable":true,"href":"https:\/\/bloc.xarxa-omnia.org\/valls\/wp-json\/wp\/v2\/comments?post=3927"}],"version-history":[{"count":0,"href":"https:\/\/bloc.xarxa-omnia.org\/valls\/wp-json\/wp\/v2\/pages\/3927\/revisions"}],"wp:attachment":[{"href":"https:\/\/bloc.xarxa-omnia.org\/valls\/wp-json\/wp\/v2\/media?parent=3927"}],"curies":[{"name":"wp","href":"https:\/\/api.w.org\/{rel}","templated":true}]}}