{"id":5001,"date":"2010-01-05T12:16:59","date_gmt":"2010-01-05T11:16:59","guid":{"rendered":"http:\/\/www.xarxa-omnia.org\/puntomniavalls\/?page_id=3"},"modified":"2010-01-05T12:16:59","modified_gmt":"2010-01-05T11:16:59","slug":"qui-som","status":"publish","type":"page","link":"https:\/\/bloc.xarxa-omnia.org\/valls\/qui-som\/","title":{"rendered":"Sobre nosaltres"},"content":{"rendered":"<p>A Valls tenim 2 Punts \u00d2mnia:<\/p>\n<ul>\n<li>el PO de Vallsgenera<\/li>\n<li>el PO del Centre C\u00edvic de Valls\u00a0<a title=\"Barri Antic\" href=\"http:\/\/www.vallsbarriantic.cat\/\" target=\"_blank\" rel=\"noopener noreferrer\"><br \/>\n<\/a><\/li>\n<\/ul>\n<p>&nbsp;<\/p>\n<h3><strong>Objectius:<\/strong><\/h3>\n<p style=\"text-align: justify\">El nostres objectius s\u00f3n \u00a0donar acc\u00e9s a les noves tecnologies a la poblaci\u00f3 en general i m\u00e9s concretament, \u00a0a tots aquells col\u00b7lectius que tenen m\u00e9s dificultats per accedir-hi.<\/p>\n<p style=\"text-align: justify\">A Vallsgenera es prioritza la formaci\u00f3 d&#8217;aturats i la formaci\u00f3 TIC dels programes de Formaci\u00f3 Ocupacional i al Centre C\u00edvic la formaci\u00f3 comunit\u00e0ria, en general.<\/p>\n<p>&nbsp;<\/p>\n<h3 style=\"text-align: justify\"><strong>Equipament:<\/strong><\/h3>\n<p style=\"text-align: justify\">Tenim dos espais oberts a la ciutadania Vallsgenera i el Centre C\u00edvic de Valls, que disposen de aules dotades amb ordinadors, impressora, esc\u00e0nner\u00a0 i els recursos humans necessaris per a apropar les TIC a totes les persones i entitats que ho sol\u00b7licitin.<\/p>\n<p>&nbsp;<\/p>\n<h3><strong>\u00c0rees d\u2019actuaci\u00f3:<\/strong><\/h3>\n<p><strong>Formaci\u00f3: <\/strong>Tenim 2 l\u00ednies de formaci\u00f3:<\/p>\n<ul>\n<li><strong>Formaci\u00f3 aturats<\/strong>: Tallers d&#8217;iniciaci\u00f3 a la inform\u00e0tica, navegaci\u00f3, \u00a0correu electr\u00f2nic i preparaci\u00f3 prova ACTIC b\u00e0sic i f<span style=\"font-size: 13px\">ormaci\u00f3 TIC de diferents programes d&#8217;inserci\u00f3 laboral i formaci\u00f3 ocupacional de l&#8217;entitat.<\/span><\/li>\n<li><strong style=\"font-size: 13px\">Formaci\u00f3 Comunit\u00e0ria<\/strong><span style=\"font-size: 13px\">: Tallers d&#8217;alfabetitzaci\u00f3 digital per a adults, adre\u00e7ats a tota la ciutadania.<br \/>\n<\/span><\/li>\n<\/ul>\n<p><strong>Cessi\u00f3 d&#8217;espais \u00a0per a \u00fas comunitari: <\/strong>\u00a0a<span style=\"font-size: 13px\">\u00a0entitats i col\u00b7lectius de la ciutat<\/span><br \/>\n<strong>Centre d&#8217;acreditaci\u00f3 de compet\u00e8ncies ACTIC: <\/strong>Centre col\u00b7laborador i d&#8217;acreditacions de la certificacions oficial de l&#8217;ACTIC.<\/p>\n<p><strong>Jornades de divulgaci\u00f3:\u00a0<\/strong><\/p>\n<ul>\n<li>Jornades 2.0<\/li>\n<li>Pinzellades digitals<\/li>\n<\/ul>\n","protected":false},"excerpt":{"rendered":"<p>A Valls tenim 2 Punts \u00d2mnia: el PO de Vallsgenera el PO del Centre C\u00edvic de Valls\u00a0 &nbsp; Objectius: El nostres objectius s\u00f3n \u00a0donar acc\u00e9s a les noves tecnologies a la poblaci\u00f3 en general i m\u00e9s concretament, \u00a0a tots aquells col\u00b7lectius que tenen m\u00e9s dificultats per accedir-hi. A Vallsgenera es prioritza la formaci\u00f3 d&#8217;aturats i [&hellip;]<\/p>\n","protected":false},"author":187,"featured_media":0,"parent":0,"menu_order":4,"comment_status":"open","ping_status":"open","template":"","meta":{"footnotes":""},"class_list":["post-5001","page","type-page","status-publish","czr-hentry"],"_links":{"self":[{"href":"https:\/\/bloc.xarxa-omnia.org\/valls\/wp-json\/wp\/v2\/pages\/5001","targetHints":{"allow":["GET"]}}],"collection":[{"href":"https:\/\/bloc.xarxa-omnia.org\/valls\/wp-json\/wp\/v2\/pages"}],"about":[{"href":"https:\/\/bloc.xarxa-omnia.org\/valls\/wp-json\/wp\/v2\/types\/page"}],"author":[{"embeddable":true,"href":"https:\/\/bloc.xarxa-omnia.org\/valls\/wp-json\/wp\/v2\/users\/187"}],"replies":[{"embeddable":true,"href":"https:\/\/bloc.xarxa-omnia.org\/valls\/wp-json\/wp\/v2\/comments?post=5001"}],"version-history":[{"count":0,"href":"https:\/\/bloc.xarxa-omnia.org\/valls\/wp-json\/wp\/v2\/pages\/5001\/revisions"}],"wp:attachment":[{"href":"https:\/\/bloc.xarxa-omnia.org\/valls\/wp-json\/wp\/v2\/media?parent=5001"}],"curies":[{"name":"wp","href":"https:\/\/api.w.org\/{rel}","templated":true}]}}