{"id":9,"date":"2010-01-05T12:25:41","date_gmt":"2010-01-05T11:25:41","guid":{"rendered":"http:\/\/www.xarxa-omnia.org\/puntomniavalls\/?page_id=9"},"modified":"2025-08-26T09:28:00","modified_gmt":"2025-08-26T09:28:00","slug":"on-estem","status":"publish","type":"page","link":"https:\/\/bloc.xarxa-omnia.org\/valls\/on-estem\/","title":{"rendered":"On som?"},"content":{"rendered":"<p style=\"text-align: center\">\n<br \/><small>Mostra <a href=\"http:\/\/maps.google.com\/maps\/ms?hl=ca&amp;ie=UTF8&amp;oe=UTF8&amp;msa=0&amp;msid=210852200769299106963.0004a6d8a2c1496bb02cf&amp;ll=43.285571,4.250253&amp;spn=0.006869,0.005708&amp;source=embed\" style=\"text-align: left\">Web<\/a> en un mapa m\u00e9s gran<\/small><\/p>\n\n\n<pre class=\"wp-block-code\"><code>&lt;iframe src=\"https:\/\/www.google.com\/maps\/embed?pb=!1m18!1m12!1m3!1d11991.677253722151!2d1.2427244345476398!3d41.288860484791364!2m3!1f0!2f0!3f0!3m2!1i1024!2i768!4f13.1!3m3!1m2!1s0x12a4008b72e6778f%3A0xfabb31b38290fcf0!2s43800%20Valls%2C%20Tarragona!5e0!3m2!1sca!2ses!4v1756199448959!5m2!1sca!2ses\" width=\"600\" height=\"450\" style=\"border:0;\" allowfullscreen=\"\" loading=\"lazy\" referrerpolicy=\"no-referrer-when-downgrade\"&gt;&lt;\/iframe&gt;<\/code><\/pre>\n\n\n\n<p><\/p>\n\n\n\n<h2 class=\"wp-block-heading\">Informaci\u00f3 estad\u00edstica sobre Valls<\/h2>\n\n\n\n<figure class=\"wp-block-image size-full\"><img loading=\"lazy\" decoding=\"async\" width=\"739\" height=\"458\" src=\"https:\/\/bloc.xarxa-omnia.org\/valls\/files\/2025\/08\/dades_origen.png\" alt=\"\" class=\"wp-image-5154\" srcset=\"https:\/\/bloc.xarxa-omnia.org\/valls\/files\/2025\/08\/dades_origen.png 739w, https:\/\/bloc.xarxa-omnia.org\/valls\/files\/2025\/08\/dades_origen-300x186.png 300w\" sizes=\"auto, (max-width: 739px) 100vw, 739px\" \/><\/figure>\n\n\n\n<figure class=\"wp-block-image size-full\"><img loading=\"lazy\" decoding=\"async\" width=\"408\" height=\"300\" src=\"https:\/\/bloc.xarxa-omnia.org\/valls\/files\/2025\/08\/dades_sectors_economics.png\" alt=\"\" class=\"wp-image-5155\" srcset=\"https:\/\/bloc.xarxa-omnia.org\/valls\/files\/2025\/08\/dades_sectors_economics.png 408w, https:\/\/bloc.xarxa-omnia.org\/valls\/files\/2025\/08\/dades_sectors_economics-300x221.png 300w\" sizes=\"auto, (max-width: 408px) 100vw, 408px\" \/><\/figure>\n\n\n\n<figure class=\"wp-block-image size-full\"><img loading=\"lazy\" decoding=\"async\" width=\"787\" height=\"488\" src=\"https:\/\/bloc.xarxa-omnia.org\/valls\/files\/2025\/08\/dades-edat.png\" alt=\"\" class=\"wp-image-5156\" srcset=\"https:\/\/bloc.xarxa-omnia.org\/valls\/files\/2025\/08\/dades-edat.png 787w, https:\/\/bloc.xarxa-omnia.org\/valls\/files\/2025\/08\/dades-edat-300x186.png 300w, https:\/\/bloc.xarxa-omnia.org\/valls\/files\/2025\/08\/dades-edat-768x476.png 768w\" sizes=\"auto, (max-width: 787px) 100vw, 787px\" \/><\/figure>\n\n\n\n<figure class=\"wp-block-image size-large\"><img loading=\"lazy\" decoding=\"async\" width=\"1024\" height=\"285\" src=\"https:\/\/bloc.xarxa-omnia.org\/valls\/files\/2025\/08\/sectors_economics-1024x285.png\" alt=\"\" class=\"wp-image-5157\" srcset=\"https:\/\/bloc.xarxa-omnia.org\/valls\/files\/2025\/08\/sectors_economics-1024x285.png 1024w, https:\/\/bloc.xarxa-omnia.org\/valls\/files\/2025\/08\/sectors_economics-300x83.png 300w, https:\/\/bloc.xarxa-omnia.org\/valls\/files\/2025\/08\/sectors_economics-768x213.png 768w, https:\/\/bloc.xarxa-omnia.org\/valls\/files\/2025\/08\/sectors_economics.png 1490w\" sizes=\"auto, (max-width: 1024px) 100vw, 1024px\" \/><\/figure>\n\n\n\n<figure class=\"wp-block-image size-full is-resized\"><img loading=\"lazy\" decoding=\"async\" width=\"419\" height=\"314\" src=\"https:\/\/bloc.xarxa-omnia.org\/valls\/files\/2025\/08\/segons_ocupacio.png\" alt=\"\" class=\"wp-image-5158\" style=\"width:772px;height:auto\" srcset=\"https:\/\/bloc.xarxa-omnia.org\/valls\/files\/2025\/08\/segons_ocupacio.png 419w, https:\/\/bloc.xarxa-omnia.org\/valls\/files\/2025\/08\/segons_ocupacio-300x225.png 300w\" sizes=\"auto, (max-width: 419px) 100vw, 419px\" \/><\/figure>\n\n\n\n<p><\/p>\n","protected":false},"excerpt":{"rendered":"<p>Mostra Web en un mapa m\u00e9s gran Informaci\u00f3 estad\u00edstica sobre Valls<\/p>\n","protected":false},"author":187,"featured_media":0,"parent":0,"menu_order":8,"comment_status":"closed","ping_status":"closed","template":"","meta":{"footnotes":""},"class_list":["post-9","page","type-page","status-publish","czr-hentry"],"_links":{"self":[{"href":"https:\/\/bloc.xarxa-omnia.org\/valls\/wp-json\/wp\/v2\/pages\/9","targetHints":{"allow":["GET"]}}],"collection":[{"href":"https:\/\/bloc.xarxa-omnia.org\/valls\/wp-json\/wp\/v2\/pages"}],"about":[{"href":"https:\/\/bloc.xarxa-omnia.org\/valls\/wp-json\/wp\/v2\/types\/page"}],"author":[{"embeddable":true,"href":"https:\/\/bloc.xarxa-omnia.org\/valls\/wp-json\/wp\/v2\/users\/187"}],"replies":[{"embeddable":true,"href":"https:\/\/bloc.xarxa-omnia.org\/valls\/wp-json\/wp\/v2\/comments?post=9"}],"version-history":[{"count":1,"href":"https:\/\/bloc.xarxa-omnia.org\/valls\/wp-json\/wp\/v2\/pages\/9\/revisions"}],"predecessor-version":[{"id":5159,"href":"https:\/\/bloc.xarxa-omnia.org\/valls\/wp-json\/wp\/v2\/pages\/9\/revisions\/5159"}],"wp:attachment":[{"href":"https:\/\/bloc.xarxa-omnia.org\/valls\/wp-json\/wp\/v2\/media?parent=9"}],"curies":[{"name":"wp","href":"https:\/\/api.w.org\/{rel}","templated":true}]}}