{"id":3,"date":"2009-10-09T12:26:44","date_gmt":"2009-10-09T10:26:44","guid":{"rendered":"http:\/\/xarxaomnia.gencat.cat\/blocs\/verdum\/?page_id=3"},"modified":"2016-10-24T20:02:10","modified_gmt":"2016-10-24T18:02:10","slug":"on-som","status":"publish","type":"page","link":"https:\/\/bloc.xarxa-omnia.org\/verdum\/?page_id=3","title":{"rendered":"On som"},"content":{"rendered":"<p>El <strong>Punt \u00d2mnia Verdum<\/strong> \u00e9s ubicat dins del <strong>Casal C\u00edvic Barcelona &#8211; Verdum (Hotel d&#8217;Entitats)<\/strong>,<\/p>\n<p>al C\/ Luz Casanova, 8-10 , 08042 Barcelona.<\/p>\n<p>Telf: 93 350 09 15 (Casal C\u00edvic)<\/p>\n<p>verdum@xarxaomnia.gencat.cat<br \/>\n<div class=\"googlemaps\">\n\t\t\t\t<iframe loading=\"lazy\" width=\"600\" height=\"450\" frameborder=\"0\" scrolling=\"no\" marginheight=\"0\" marginwidth=\"0\"  src=\"https:\/\/www.google.com\/maps\/embed?pb=!1m18!1m12!1m3!1d1705.6814245863097!2d2.1757063434601447!3d41.44391114074006!2m3!1f0!2f0!3f0!3m2!1i1024!2i768!4f13.1!3m3!1m2!1s0x12a4bd19c12d8b81:0x30a23253da56c417!2sPunt%20\u00d2mnia%20Casal%20C\u00edvic%20Barcelona%20-%20Verdum%20-%20Fundaci\u00f3%20Pare%20Manel!5e1!3m2!1sca!2ses!4v1477331036476\"><\/iframe>\n\t\t\t<\/div><\/p>\n","protected":false},"excerpt":{"rendered":"<p>El Punt \u00d2mnia Verdum \u00e9s ubicat dins del Casal C\u00edvic Barcelona &#8211; Verdum (Hotel d&#8217;Entitats), al C\/ Luz Casanova, 8-10 , 08042 Barcelona. Telf: 93 350 09 15 (Casal C\u00edvic) verdum@xarxaomnia.gencat.cat<\/p>\n","protected":false},"author":116,"featured_media":0,"parent":0,"menu_order":0,"comment_status":"closed","ping_status":"open","template":"","meta":{"jetpack_post_was_ever_published":false,"footnotes":""},"class_list":["post-3","page","type-page","status-publish","hentry"],"jetpack_sharing_enabled":true,"jetpack_shortlink":"https:\/\/wp.me\/P7AIYZ-3","jetpack-related-posts":[],"jetpack_likes_enabled":true,"_links":{"self":[{"href":"https:\/\/bloc.xarxa-omnia.org\/verdum\/index.php?rest_route=\/wp\/v2\/pages\/3","targetHints":{"allow":["GET"]}}],"collection":[{"href":"https:\/\/bloc.xarxa-omnia.org\/verdum\/index.php?rest_route=\/wp\/v2\/pages"}],"about":[{"href":"https:\/\/bloc.xarxa-omnia.org\/verdum\/index.php?rest_route=\/wp\/v2\/types\/page"}],"author":[{"embeddable":true,"href":"https:\/\/bloc.xarxa-omnia.org\/verdum\/index.php?rest_route=\/wp\/v2\/users\/116"}],"replies":[{"embeddable":true,"href":"https:\/\/bloc.xarxa-omnia.org\/verdum\/index.php?rest_route=%2Fwp%2Fv2%2Fcomments&post=3"}],"version-history":[{"count":20,"href":"https:\/\/bloc.xarxa-omnia.org\/verdum\/index.php?rest_route=\/wp\/v2\/pages\/3\/revisions"}],"predecessor-version":[{"id":308,"href":"https:\/\/bloc.xarxa-omnia.org\/verdum\/index.php?rest_route=\/wp\/v2\/pages\/3\/revisions\/308"}],"wp:attachment":[{"href":"https:\/\/bloc.xarxa-omnia.org\/verdum\/index.php?rest_route=%2Fwp%2Fv2%2Fmedia&parent=3"}],"curies":[{"name":"wp","href":"https:\/\/api.w.org\/{rel}","templated":true}]}}