{"id":10,"date":"2009-01-12T14:32:22","date_gmt":"2009-01-12T13:32:22","guid":{"rendered":"http:\/\/xarxaomnia.gencat.cat\/blocs\/veus\/una-ruta-pels-punts\/"},"modified":"2009-01-15T09:30:54","modified_gmt":"2009-01-15T08:30:54","slug":"una-ruta-pels-punts","status":"publish","type":"page","link":"https:\/\/bloc.xarxa-omnia.org\/veus\/una-ruta-pels-punts\/","title":{"rendered":"Una ruta pels punts"},"content":{"rendered":"<p>Amb tots aquells ecos que aneu gravant podrem crear una <strong>ruta pels Punts<\/strong>. Aix\u00ed coneixerem les veus a trav\u00e9s del territori.<\/p>\n<div class=\"fragment\">\n<em>&#8220;Una<strong> ruta <\/strong>\u00e9s un grup d&#8217;ecos relacionats per algun motiu com\u00fa que fa que puguin ser escoltats un darrera l&#8217;altre. L&#8217;autor d&#8217;una ruta pot definir l&#8217;ordre o seq\u00fc\u00e8ncia en qu\u00e8 els oients haurien d&#8217;escoltar els ecos.<br \/>\nEls usuaris poden descarregar els ecos d&#8217;una ruta de forma individual. De moment, nom\u00e9s pots composar rutes a partir dels teus ecos.&#8221; <\/em><\/div>\n<p><img decoding=\"async\" src=\"http:\/\/xarxaomnia.gencat.cat\/blocs\/veus\/files\/2009\/01\/ruta.jpg\" alt=\"ruta\" \/><\/p>\n<h6>Fragment extret de la web: <a href=\"http:\/\/www.woices.com\/\">http:\/\/www.woices.com <\/a><\/h6>\n<p>D&#8217;aquesta manera, <strong>si graveu algun eco<\/strong> que descrigui el vostre punt o el que hi feu, la resta de la Xarxa, escoltant aquesta ruta, us coneixer\u00e0 de primera m\u00e0, de la veu dels protagonistes, <strong>vosaltres<\/strong>.<\/p>\n<div align=\"center\">\n<object height=\"220\" width=\"444\"><param name=\"movie\" value=\"http:\/\/woices.com\/swfs\/wplayer-full-en_US.swf?1225277898\" \/><param name=\"flashvars\" value=\"player_title=Les Veus dels Punts per XarxaOmnia&#038;playlist_url=http:\/\/woices.s3.amazonaws.com\/playlist_files\/34\/xp0FoHaf0d.xspf\" \/><embed flashvars=\"player_title=Les Veus dels Punts per XarxaOmnia&#038;playlist_url=http:\/\/woices.s3.amazonaws.com\/playlist_files\/34\/xp0FoHaf0d.xspf\" height=\"220\" src=\"http:\/\/woices.com\/swfs\/wplayer-full-en_US.swf?1225277898\" type=\"application\/x-shockwave-flash\" width=\"444\" \/><\/object>\n<\/div>\n","protected":false},"excerpt":{"rendered":"<p>Amb tots aquells ecos que aneu gravant podrem crear una ruta pels Punts. Aix\u00ed coneixerem les veus a trav\u00e9s del territori. &#8220;Una ruta \u00e9s un grup d&#8217;ecos relacionats per algun motiu com\u00fa que fa que puguin ser escoltats un darrera l&#8217;altre. L&#8217;autor d&#8217;una ruta pot definir l&#8217;ordre o seq\u00fc\u00e8ncia en qu\u00e8 els oients haurien d&#8217;escoltar [&hellip;]<\/p>\n","protected":false},"author":61,"featured_media":0,"parent":0,"menu_order":0,"comment_status":"open","ping_status":"open","template":"","meta":{"ngg_post_thumbnail":0,"footnotes":""},"class_list":["post-10","page","type-page","status-publish","hentry"],"_links":{"self":[{"href":"https:\/\/bloc.xarxa-omnia.org\/veus\/wp-json\/wp\/v2\/pages\/10","targetHints":{"allow":["GET"]}}],"collection":[{"href":"https:\/\/bloc.xarxa-omnia.org\/veus\/wp-json\/wp\/v2\/pages"}],"about":[{"href":"https:\/\/bloc.xarxa-omnia.org\/veus\/wp-json\/wp\/v2\/types\/page"}],"author":[{"embeddable":true,"href":"https:\/\/bloc.xarxa-omnia.org\/veus\/wp-json\/wp\/v2\/users\/61"}],"replies":[{"embeddable":true,"href":"https:\/\/bloc.xarxa-omnia.org\/veus\/wp-json\/wp\/v2\/comments?post=10"}],"version-history":[{"count":1,"href":"https:\/\/bloc.xarxa-omnia.org\/veus\/wp-json\/wp\/v2\/pages\/10\/revisions"}],"predecessor-version":[{"id":18,"href":"https:\/\/bloc.xarxa-omnia.org\/veus\/wp-json\/wp\/v2\/pages\/10\/revisions\/18"}],"wp:attachment":[{"href":"https:\/\/bloc.xarxa-omnia.org\/veus\/wp-json\/wp\/v2\/media?parent=10"}],"curies":[{"name":"wp","href":"https:\/\/api.w.org\/{rel}","templated":true}]}}