{"id":2,"date":"2009-01-08T09:20:23","date_gmt":"2009-01-08T08:20:23","guid":{"rendered":""},"modified":"2009-01-13T20:35:06","modified_gmt":"2009-01-13T19:35:06","slug":"about","status":"publish","type":"page","link":"https:\/\/bloc.xarxa-omnia.org\/veus\/about\/","title":{"rendered":"woices"},"content":{"rendered":"<p align=\"right\"><img decoding=\"async\" src=\"http:\/\/xarxaomnia.gencat.cat\/blocs\/veus\/files\/2009\/01\/header_logo.png\" alt=\"woices\" align=\"left\" \/><strong><em>&#8220;Comparteix la teva veu<\/em><br \/>\n<\/strong><\/p>\n<p align=\"right\"><strong><em> i fes del m\u00f3n <\/em><\/strong><\/p>\n<p align=\"right\"><strong><em>un lloc m\u00e9s interessant!&#8221;<\/em><\/strong><\/p>\n<p align=\"right\">Aquest \u00e9s el lema que inspira Woices.<\/p>\n<p><font color=\"#ff00ff\"> &#8212;&#8212;&#8212;&#8212;&#8212;&#8212;&#8212;&#8212;&#8212;&#8212;&#8212;&#8212;&#8212;&#8212;&#8212;&#8212;&#8212;&#8212;&#8212;&#8212;&#8212;&#8212;&#8212;&#8212;&#8212;&#8212;&#8212;&#8212;&#8212;&#8212;&#8212;&#8212;&#8212;&#8212;&#8212;&#8212;&#8212;&#8212;&#8211;<\/font><\/p>\n<p>Amb el desig de poder fer de la nostra Xarxa un lloc m\u00e9s interessant emprarem aquesta eina que obre el ventall de l\u2019\u00e0udio d\u2019una manera molt peculiar. <\/p>\n<div class=\"fragment\">\n<img decoding=\"async\" src=\"http:\/\/woices.com\/images\/help_woices.png?1231174044\" align=\"left\" \/><\/p>\n<h4><font color=\"#b4007f\">Com es descriu Woices a si mateix?<\/font><\/h4>\n<p><em>&#8220;Woices \u00e9s un servei gratu\u00eft<\/em><em> a Internet que permet als seus usuaris crear, compartir i reproduir ecos, registres d&#8217;\u00e0udio que estan pensats per ser escoltats en una localitzaci\u00f3 geogr\u00e0fica concreta o davant d&#8217;un objecte del m\u00f3n real&#8230;&#8221;<\/em>\n<\/div>\n<div class=\"fragment\">\n<img decoding=\"async\" src=\"http:\/\/woices.com\/images\/help_echo2.png?1231174044\" align=\"left\" \/><\/p>\n<h4><font color=\"#b4007f\">Qu\u00e8 \u00e9s un eco?<\/font><\/h4>\n<p><em>&#8220;Els ecos s\u00f3n paraules que una persona deixa en un lloc concret i que, m\u00e9s tard, poden ser escoltades per una altra. Com si el seu autor encara fos all\u00ed mateix. Els ecos poden parlar de qualsevol cosa que creguis que pot ser interessant con\u00e8ixer d&#8217;aquell lloc: hist\u00f2ria, art, records personals, curiositats o fins i tot un poema.&#8221;<\/em>\n<\/div>\n<h4>On va n\u00e9ixer la idea de woices? (exemple d&#8217;eco)<\/h4>\n<p><object height=\"100\" width=\"444\"><param name=\"movie\" value=\"http:\/\/woices.com\/swfs\/wplayer-en_US.swf?1225277898\" \/><param name=\"flashvars\" value=\"player_title=Donde naci\u00f3 woices per xguardiola&#038;song_title=Donde naci\u00f3 woices&#038;song_id=134&#038;image_url=http:\/\/woices.s3.amazonaws.com\/audio_photos\/203\/zafra02.jpg&#038;dtn=113&#038;song_url=http:\/\/woices.com\/echo\/get\/134\/pl&#038;thumb_url=http:\/\/woices.s3.amazonaws.com\/audio_photos\/203\/zafra02_tiny.jpg\" \/><embed flashvars=\"player_title=Donde naci\u00f3 woices per xguardiola&#038;song_title=Donde naci\u00f3 woices&#038;song_id=134&#038;image_url=http:\/\/woices.s3.amazonaws.com\/audio_photos\/203\/zafra02.jpg&#038;dtn=113&#038;song_url=http:\/\/woices.com\/echo\/get\/134\/pl&#038;thumb_url=http:\/\/woices.s3.amazonaws.com\/audio_photos\/203\/zafra02_tiny.jpg\" height=\"100\" src=\"http:\/\/woices.com\/swfs\/wplayer-en_US.swf?1225277898\" type=\"application\/x-shockwave-flash\" width=\"444\" \/><\/object><\/p>\n<h6>Fragments extrets de <a href=\"http:\/\/www.woices.com\/\" title=\"woices\" target=\"_blank\">www.woices.com<\/a><\/h6>\n<p>Aquesta eina esdev\u00e9 ideal per <strong>donar a con\u00e8ixer els vostres Punts<\/strong>, indrets, pobles, ciutats, a la resta del m\u00f3n. Podrem <strong>escoltar els propis protagonistes<\/strong> narrant les an\u00e8cdotes, descripcions, experi\u00e8ncies, projectes, tot all\u00f2 que es relacioni amb els vostres llocs en el m\u00f3n.<\/p>\n<p>A m\u00e9s, aquestes gravacions les podeu incloure a les vostres webs, enviar-les o descarregar-les al reproductor Mp3. <strong>Imagina fins on pots fer arribar la teva veu!!<\/strong><\/p>\n","protected":false},"excerpt":{"rendered":"<p>&#8220;Comparteix la teva veu i fes del m\u00f3n un lloc m\u00e9s interessant!&#8221; Aquest \u00e9s el lema que inspira Woices. &#8212;&#8212;&#8212;&#8212;&#8212;&#8212;&#8212;&#8212;&#8212;&#8212;&#8212;&#8212;&#8212;&#8212;&#8212;&#8212;&#8212;&#8212;&#8212;&#8212;&#8212;&#8212;&#8212;&#8212;&#8212;&#8212;&#8212;&#8212;&#8212;&#8212;&#8212;&#8212;&#8212;&#8212;&#8212;&#8212;&#8212;&#8212;&#8211; Amb el desig de poder fer de la nostra Xarxa un lloc m\u00e9s interessant emprarem aquesta eina que obre el ventall de l\u2019\u00e0udio d\u2019una manera molt peculiar. Com es descriu Woices a si mateix? &#8220;Woices [&hellip;]<\/p>\n","protected":false},"author":61,"featured_media":0,"parent":0,"menu_order":0,"comment_status":"open","ping_status":"open","template":"","meta":{"ngg_post_thumbnail":0,"footnotes":""},"class_list":["post-2","page","type-page","status-publish","hentry"],"_links":{"self":[{"href":"https:\/\/bloc.xarxa-omnia.org\/veus\/wp-json\/wp\/v2\/pages\/2","targetHints":{"allow":["GET"]}}],"collection":[{"href":"https:\/\/bloc.xarxa-omnia.org\/veus\/wp-json\/wp\/v2\/pages"}],"about":[{"href":"https:\/\/bloc.xarxa-omnia.org\/veus\/wp-json\/wp\/v2\/types\/page"}],"author":[{"embeddable":true,"href":"https:\/\/bloc.xarxa-omnia.org\/veus\/wp-json\/wp\/v2\/users\/61"}],"replies":[{"embeddable":true,"href":"https:\/\/bloc.xarxa-omnia.org\/veus\/wp-json\/wp\/v2\/comments?post=2"}],"version-history":[{"count":0,"href":"https:\/\/bloc.xarxa-omnia.org\/veus\/wp-json\/wp\/v2\/pages\/2\/revisions"}],"wp:attachment":[{"href":"https:\/\/bloc.xarxa-omnia.org\/veus\/wp-json\/wp\/v2\/media?parent=2"}],"curies":[{"name":"wp","href":"https:\/\/api.w.org\/{rel}","templated":true}]}}