{"id":3,"date":"2009-01-08T14:13:57","date_gmt":"2009-01-08T13:13:57","guid":{"rendered":"http:\/\/xarxaomnia.gencat.cat\/blocs\/veus\/3-passos\/"},"modified":"2009-01-19T12:36:25","modified_gmt":"2009-01-19T11:36:25","slug":"3-passos","status":"publish","type":"page","link":"https:\/\/bloc.xarxa-omnia.org\/veus\/3-passos\/","title":{"rendered":"3 passos"},"content":{"rendered":"<p>En nom\u00e9s tres passos podr\u00e0s deixar la teva <strong>veu ubicada en el mapa<\/strong> a disposici\u00f3 de ser escoltada per la resta de la Xarxa.<\/p>\n<p>Fes clic a les fletxes laterals per passar de p\u00e0gina.<\/p>\n<p><embed src=\"http:\/\/d.scribd.com\/ScribdViewer.swf?document_id=10314646&amp;access_key=key-2efi3f0gv1eu036yifpp&amp;page=1&amp;version=1&amp;viewMode=slideshow\" wmode=\"opaque\" type=\"application\/x-shockwave-flash\" width=\"650\" height=\"500\"><\/embed><\/p>\n<p>Descarrega aquests passos en <em>.pdf<\/em>\u00a0 fent clic <a href=\"http:\/\/xarxaomnia.gencat.cat\/blocs\/veus\/files\/2009\/01\/3passos.pdf\" title=\"3passos\">aqu\u00ed<\/a>.<\/p>\n<p>Si has fet servir el compte de Xarxa \u00d2mnia tamb\u00e9 trobar\u00e0s al panell les veus d&#8217;altres que, com tu, formen\u00a0 part de la Xarxa i tenen coses a dir, hist\u00f2ries per explicar o\u00a0 propostes per compartir.<\/p>\n<h6 align=\"left\">\u00a0Les imatges d&#8217;aquest recurs s\u00f3n captures de pantalla de la p\u00e0gina: <a href=\"http:\/\/www.woices.com\/\" target=\"_blank\">www.woices.com<\/a><\/h6>\n","protected":false},"excerpt":{"rendered":"<p>En nom\u00e9s tres passos podr\u00e0s deixar la teva veu ubicada en el mapa a disposici\u00f3 de ser escoltada per la resta de la Xarxa. Fes clic a les fletxes laterals per passar de p\u00e0gina. Descarrega aquests passos en .pdf\u00a0 fent clic aqu\u00ed. Si has fet servir el compte de Xarxa \u00d2mnia tamb\u00e9 trobar\u00e0s al panell [&hellip;]<\/p>\n","protected":false},"author":61,"featured_media":0,"parent":0,"menu_order":0,"comment_status":"open","ping_status":"open","template":"","meta":{"ngg_post_thumbnail":0,"footnotes":""},"class_list":["post-3","page","type-page","status-publish","hentry"],"_links":{"self":[{"href":"https:\/\/bloc.xarxa-omnia.org\/veus\/wp-json\/wp\/v2\/pages\/3","targetHints":{"allow":["GET"]}}],"collection":[{"href":"https:\/\/bloc.xarxa-omnia.org\/veus\/wp-json\/wp\/v2\/pages"}],"about":[{"href":"https:\/\/bloc.xarxa-omnia.org\/veus\/wp-json\/wp\/v2\/types\/page"}],"author":[{"embeddable":true,"href":"https:\/\/bloc.xarxa-omnia.org\/veus\/wp-json\/wp\/v2\/users\/61"}],"replies":[{"embeddable":true,"href":"https:\/\/bloc.xarxa-omnia.org\/veus\/wp-json\/wp\/v2\/comments?post=3"}],"version-history":[{"count":0,"href":"https:\/\/bloc.xarxa-omnia.org\/veus\/wp-json\/wp\/v2\/pages\/3\/revisions"}],"wp:attachment":[{"href":"https:\/\/bloc.xarxa-omnia.org\/veus\/wp-json\/wp\/v2\/media?parent=3"}],"curies":[{"name":"wp","href":"https:\/\/api.w.org\/{rel}","templated":true}]}}