{"id":11,"date":"2009-12-10T20:09:56","date_gmt":"2009-12-10T18:09:56","guid":{"rendered":"http:\/\/xarxaomnia.gencat.cat\/blocs\/viquipedia\/?page_id=11"},"modified":"2009-12-11T14:00:13","modified_gmt":"2009-12-11T12:00:13","slug":"article-nou","status":"publish","type":"page","link":"https:\/\/bloc.xarxa-omnia.org\/viquipedia\/article-nou\/","title":{"rendered":"Article nou"},"content":{"rendered":"<p>Per crear una nova entrada has de tenir en compte:<\/p>\n<ul>\n<li>Ha de tenir<span style=\"color: #ff0000\"><strong> <span style=\"color: #800000\">1 enlla\u00e7 intern<\/span><\/strong><\/span>, \u00e9s a dir, que en la descripci\u00f3 hi aparegui algun enlla\u00e7 a un altre article de la Viquip\u00e8dia.<br \/>\nPer fer-ho marca la paraula amb uns claud\u00e0tors: p.ex.[[omnia]]. D&#8217;aquesta manera no \u00e9s un article a\u00efllat sin\u00f3 vinculat a altres entrades.<\/li>\n<\/ul>\n<ul>\n<li>Ha de tenir <span style=\"color: #800000\"><strong>1 categoria<\/strong><\/span>. La categoria apareix abaix de cada article. Tamb\u00e9 s&#8217;ha d&#8217;escriure entre claud\u00e0tors [[categoria:nomdelacategoria]].<br \/>\nLes categories ens permeten navegar per temes. Cada categoria t\u00e9 com a m\u00ednim 5 articles. Hem d&#8217;utilitzar categories gen\u00e8riques. Si una categoria no \u00e9s adequada, la comunitat ja t&#8217;ajudar\u00e0 a trobar-ne de millors.<\/li>\n<\/ul>\n<ul>\n<li>El text ha de ser lliure (no copiat de ninguna font textualment), tot i que s\u00ed es poden fer refer\u00e8ncies a altres fonts.<\/li>\n<\/ul>\n<ul>\n<li>El contingut ha de ser neutral.<\/li>\n<\/ul>\n<p>Quan ja sigueu usuaris us recomanem consultar l&#8217;apartat de <a href=\"http:\/\/ca.wikipedia.org\/wiki\/Pol%C3%ADtica_de_la_Viquip%C3%A8dia\">pol\u00edtiques i normes<\/a>.<\/p>\n<p><em>Edita, si no ho fas b\u00e9 del tot, la comunitat t&#8217;ho dir\u00e0 i t&#8217;aconsellar\u00e0 de com fer-ho.<\/em><\/p>\n","protected":false},"excerpt":{"rendered":"<p>Per crear una nova entrada has de tenir en compte: Ha de tenir 1 enlla\u00e7 intern, \u00e9s a dir, que en la descripci\u00f3 hi aparegui algun enlla\u00e7 a un altre article de la Viquip\u00e8dia. Per fer-ho marca la paraula amb uns claud\u00e0tors: p.ex.[[omnia]]. D&#8217;aquesta manera no \u00e9s un article a\u00efllat sin\u00f3 vinculat a altres entrades. [&hellip;]<\/p>\n","protected":false},"author":61,"featured_media":0,"parent":0,"menu_order":4,"comment_status":"closed","ping_status":"open","template":"","meta":{"footnotes":""},"class_list":["post-11","page","type-page","status-publish","hentry"],"_links":{"self":[{"href":"https:\/\/bloc.xarxa-omnia.org\/viquipedia\/wp-json\/wp\/v2\/pages\/11","targetHints":{"allow":["GET"]}}],"collection":[{"href":"https:\/\/bloc.xarxa-omnia.org\/viquipedia\/wp-json\/wp\/v2\/pages"}],"about":[{"href":"https:\/\/bloc.xarxa-omnia.org\/viquipedia\/wp-json\/wp\/v2\/types\/page"}],"author":[{"embeddable":true,"href":"https:\/\/bloc.xarxa-omnia.org\/viquipedia\/wp-json\/wp\/v2\/users\/61"}],"replies":[{"embeddable":true,"href":"https:\/\/bloc.xarxa-omnia.org\/viquipedia\/wp-json\/wp\/v2\/comments?post=11"}],"version-history":[{"count":7,"href":"https:\/\/bloc.xarxa-omnia.org\/viquipedia\/wp-json\/wp\/v2\/pages\/11\/revisions"}],"predecessor-version":[{"id":65,"href":"https:\/\/bloc.xarxa-omnia.org\/viquipedia\/wp-json\/wp\/v2\/pages\/11\/revisions\/65"}],"wp:attachment":[{"href":"https:\/\/bloc.xarxa-omnia.org\/viquipedia\/wp-json\/wp\/v2\/media?parent=11"}],"curies":[{"name":"wp","href":"https:\/\/api.w.org\/{rel}","templated":true}]}}