{"id":15,"date":"2009-12-10T20:13:46","date_gmt":"2009-12-10T18:13:46","guid":{"rendered":"http:\/\/xarxaomnia.gencat.cat\/blocs\/viquipedia\/?page_id=15"},"modified":"2009-12-11T13:48:44","modified_gmt":"2009-12-11T11:48:44","slug":"ajudes","status":"publish","type":"page","link":"https:\/\/bloc.xarxa-omnia.org\/viquipedia\/ajudes\/","title":{"rendered":"Ajudes"},"content":{"rendered":"<p>Hi ha diferents espais a la Viquip\u00e8dia que t&#8217;ajudaran a con\u00e8ixer-la millor:<\/p>\n<ul>\n<li>Els 5 pilars que fonamenten la Viquip\u00e8dia: <a href=\"http:\/\/ca.wikipedia.org\/wiki\/VP:5P\">http:\/\/ca.wikipedia.org\/wiki\/VP:5P<\/a><\/li>\n<li>Deu coses que potser no sab\u00edeu sobre la Viquip\u00e8dia:<br \/>\n<a href=\"http:\/\/ca.wikipedia.org\/wiki\/VP:5P\">http:\/\/ca.wikipedia.org\/wiki\/VP:10<\/a><\/li>\n<li>La p\u00e0gina d&#8217;ajuda la trobareu al men\u00fa esquerra amb respostes als vostres dubtes:<br \/>\n<a href=\"http:\/\/ca.wikipedia.org\/wiki\/Viquip\u00e8dia:Ajuda\">http:\/\/ca.wikipedia.org\/wiki\/Viquip\u00e8dia:Ajuda<\/a><\/li>\n<li>La Taverna. (<a href=\"http:\/\/ca.wikipedia.org\/wiki\/Viquip\u00e8dia:La_taverna\">http:\/\/ca.wikipedia.org\/wiki\/Viquip\u00e8dia:La_taverna<\/a>).\u00c9s el lloc on compartir dubtes m\u00e9s gen\u00e8rics.<\/li>\n<li>La pestanya de <em>Discussi\u00f3<\/em>, \u00e9s un espai per debatre els articles i arribar a consens amb la comunitat. Hi ha una pestanya de discussi\u00f3 a cada article.<\/li>\n<li>A m\u00e9s a m\u00e9s, tamb\u00e9 hi ha p\u00e0gina de discussi\u00f3 de cada usuari, amb la qual qualsevol usuari pot comunicar-se amb la resta dels usuaris deixant-se missatges en aquesta pestanya. Si tens dubtes, contacta amb algun usuari actiu, que de bon grat respondr\u00e0 els teus dubtes.<\/li>\n<\/ul>\n","protected":false},"excerpt":{"rendered":"<p>Hi ha diferents espais a la Viquip\u00e8dia que t&#8217;ajudaran a con\u00e8ixer-la millor: Els 5 pilars que fonamenten la Viquip\u00e8dia: http:\/\/ca.wikipedia.org\/wiki\/VP:5P Deu coses que potser no sab\u00edeu sobre la Viquip\u00e8dia: http:\/\/ca.wikipedia.org\/wiki\/VP:10 La p\u00e0gina d&#8217;ajuda la trobareu al men\u00fa esquerra amb respostes als vostres dubtes: http:\/\/ca.wikipedia.org\/wiki\/Viquip\u00e8dia:Ajuda La Taverna. (http:\/\/ca.wikipedia.org\/wiki\/Viquip\u00e8dia:La_taverna).\u00c9s el lloc on compartir dubtes m\u00e9s gen\u00e8rics. La [&hellip;]<\/p>\n","protected":false},"author":61,"featured_media":0,"parent":0,"menu_order":5,"comment_status":"closed","ping_status":"open","template":"","meta":{"footnotes":""},"class_list":["post-15","page","type-page","status-publish","hentry"],"_links":{"self":[{"href":"https:\/\/bloc.xarxa-omnia.org\/viquipedia\/wp-json\/wp\/v2\/pages\/15","targetHints":{"allow":["GET"]}}],"collection":[{"href":"https:\/\/bloc.xarxa-omnia.org\/viquipedia\/wp-json\/wp\/v2\/pages"}],"about":[{"href":"https:\/\/bloc.xarxa-omnia.org\/viquipedia\/wp-json\/wp\/v2\/types\/page"}],"author":[{"embeddable":true,"href":"https:\/\/bloc.xarxa-omnia.org\/viquipedia\/wp-json\/wp\/v2\/users\/61"}],"replies":[{"embeddable":true,"href":"https:\/\/bloc.xarxa-omnia.org\/viquipedia\/wp-json\/wp\/v2\/comments?post=15"}],"version-history":[{"count":3,"href":"https:\/\/bloc.xarxa-omnia.org\/viquipedia\/wp-json\/wp\/v2\/pages\/15\/revisions"}],"predecessor-version":[{"id":59,"href":"https:\/\/bloc.xarxa-omnia.org\/viquipedia\/wp-json\/wp\/v2\/pages\/15\/revisions\/59"}],"wp:attachment":[{"href":"https:\/\/bloc.xarxa-omnia.org\/viquipedia\/wp-json\/wp\/v2\/media?parent=15"}],"curies":[{"name":"wp","href":"https:\/\/api.w.org\/{rel}","templated":true}]}}