{"id":6,"date":"2009-12-10T19:39:57","date_gmt":"2009-12-10T17:39:57","guid":{"rendered":"http:\/\/xarxaomnia.gencat.cat\/blocs\/viquipedia\/?page_id=6"},"modified":"2009-12-11T13:47:19","modified_gmt":"2009-12-11T11:47:19","slug":"que-puc-explicar","status":"publish","type":"page","link":"https:\/\/bloc.xarxa-omnia.org\/viquipedia\/que-puc-explicar\/","title":{"rendered":"Qu\u00e8 puc explicar"},"content":{"rendered":"<p>Tothom i totdon t\u00e9 alguna cosa a aportar a la Viquip\u00e8dia ja que \u00e9s un projecte constru\u00eft entre tots i totes.<\/p>\n<p>Algunes idees?<\/p>\n<ul>\n<li>Escriure ressenyes sobre la darrera pel\u00b7l\u00edcula que hem vist<\/li>\n<li>Crear o modificar els articles sobre els nostres pobles d&#8217;origen (segur que hi ha coses que nom\u00e9s saps tu)<\/li>\n<li>Afegir informaci\u00f3 sobre professions o aficions<\/li>\n<li>Treballar el retoc fotogr\u00e0fic amb diferent programari per despr\u00e9s penjar les imatges a la Viquip\u00e8dia (parlar dels Creative Commons)<\/li>\n<li>Aprofitar les diferencies entre la Viquip\u00e8dia i la Wikipedia al voltant d&#8217;algun tema pol\u00e8mic (2 visions d&#8217;un mateix fet)<\/li>\n<li>Aprendre a fer arribar m\u00e9s enll\u00e0 all\u00f2 que practiqueu amb els processadors de text<\/li>\n<li>Traduir articles d&#8217;altres idiomes al catal\u00e0<\/li>\n<li>La biografia del teu grup de m\u00fasica preferit<\/li>\n<li>Etc.<\/li>\n<\/ul>\n<p style=\"text-align: center\"><a href=\"http:\/\/xarxaomnia.gencat.cat\/blocs\/viquipedia\/files\/2009\/12\/qpodemfer2.png\"><img loading=\"lazy\" decoding=\"async\" class=\"aligncenter size-full wp-image-49\" src=\"http:\/\/xarxaomnia.gencat.cat\/blocs\/viquipedia\/files\/2009\/12\/qpodemfer2.png\" alt=\"qpodemfer2\" width=\"928\" height=\"291\" srcset=\"https:\/\/bloc.xarxa-omnia.org\/viquipedia\/files\/2009\/12\/qpodemfer2.png 1036w, https:\/\/bloc.xarxa-omnia.org\/viquipedia\/files\/2009\/12\/qpodemfer2-300x94.png 300w\" sizes=\"auto, (max-width: 928px) 100vw, 928px\" \/><\/a><\/p>\n<p>La Viquip\u00e8dia \u00e9s un lloc col\u00b7laboratiu molt visitat i pot ser molt motivador veure la nostra feina en un web p\u00fablic amb tanta projecci\u00f3.<\/p>\n","protected":false},"excerpt":{"rendered":"<p>Tothom i totdon t\u00e9 alguna cosa a aportar a la Viquip\u00e8dia ja que \u00e9s un projecte constru\u00eft entre tots i totes. Algunes idees? Escriure ressenyes sobre la darrera pel\u00b7l\u00edcula que hem vist Crear o modificar els articles sobre els nostres pobles d&#8217;origen (segur que hi ha coses que nom\u00e9s saps tu) Afegir informaci\u00f3 sobre professions [&hellip;]<\/p>\n","protected":false},"author":61,"featured_media":0,"parent":0,"menu_order":2,"comment_status":"closed","ping_status":"open","template":"","meta":{"footnotes":""},"class_list":["post-6","page","type-page","status-publish","hentry"],"_links":{"self":[{"href":"https:\/\/bloc.xarxa-omnia.org\/viquipedia\/wp-json\/wp\/v2\/pages\/6","targetHints":{"allow":["GET"]}}],"collection":[{"href":"https:\/\/bloc.xarxa-omnia.org\/viquipedia\/wp-json\/wp\/v2\/pages"}],"about":[{"href":"https:\/\/bloc.xarxa-omnia.org\/viquipedia\/wp-json\/wp\/v2\/types\/page"}],"author":[{"embeddable":true,"href":"https:\/\/bloc.xarxa-omnia.org\/viquipedia\/wp-json\/wp\/v2\/users\/61"}],"replies":[{"embeddable":true,"href":"https:\/\/bloc.xarxa-omnia.org\/viquipedia\/wp-json\/wp\/v2\/comments?post=6"}],"version-history":[{"count":9,"href":"https:\/\/bloc.xarxa-omnia.org\/viquipedia\/wp-json\/wp\/v2\/pages\/6\/revisions"}],"predecessor-version":[{"id":58,"href":"https:\/\/bloc.xarxa-omnia.org\/viquipedia\/wp-json\/wp\/v2\/pages\/6\/revisions\/58"}],"wp:attachment":[{"href":"https:\/\/bloc.xarxa-omnia.org\/viquipedia\/wp-json\/wp\/v2\/media?parent=6"}],"curies":[{"name":"wp","href":"https:\/\/api.w.org\/{rel}","templated":true}]}}