{"id":9,"date":"2009-12-10T19:59:04","date_gmt":"2009-12-10T17:59:04","guid":{"rendered":"http:\/\/xarxaomnia.gencat.cat\/blocs\/viquipedia\/?page_id=9"},"modified":"2009-12-11T13:55:18","modified_gmt":"2009-12-11T11:55:18","slug":"passos","status":"publish","type":"page","link":"https:\/\/bloc.xarxa-omnia.org\/viquipedia\/passos\/","title":{"rendered":"Passos"},"content":{"rendered":"<p>Quins passos hem de seguir?<\/p>\n<ul>\n<li><span style=\"color: #800000\"><strong>Registrar-se<\/strong><\/span>, aix\u00f2 servir\u00e0 per a qu\u00e8 puguis tenir la teva p\u00e0gina d&#8217;usuari i alhora permetr\u00e0 que la comunitat es pugui comunicar amb tu i ajudar-te a editar els teus articles (a trav\u00e9s de la discussi\u00f3). <a href=\"http:\/\/ca.wikipedia.org\/w\/index.php?title=Especial:Registre_i_entrada&amp;returnto=%C3%92mnia\">P\u00e0gina de registre.<\/a><\/li>\n<\/ul>\n<ul>\n<li>Un cop registrats ens arribar\u00e0 a la p\u00e0gina d&#8217;usuaris un seguit de consells i instruccions que ens facilitaran la feina.<\/li>\n<\/ul>\n<ul>\n<li><span style=\"color: #ff0000\"><span style=\"color: #800000\"><strong>Editar<\/strong><\/span> <\/span>sense por!! Escull un tema i edita el contingut (nom\u00e9s has de seleccionar la pestanya <em>edita<\/em>), escriu el que s\u00e0pigues sobre aquella entrada de la Viquip\u00e8dia, sense por a equivocar-te, si fos aix\u00ed els administradors t&#8217;assessoraran i t&#8217;ajudaran, i sempre podem tornar a versions anteriors aix\u00ed que, no pateixis.<\/li>\n<\/ul>\n<p>Tothom t\u00e9 alguna cosa a aportar!<\/p>\n","protected":false},"excerpt":{"rendered":"<p>Quins passos hem de seguir? Registrar-se, aix\u00f2 servir\u00e0 per a qu\u00e8 puguis tenir la teva p\u00e0gina d&#8217;usuari i alhora permetr\u00e0 que la comunitat es pugui comunicar amb tu i ajudar-te a editar els teus articles (a trav\u00e9s de la discussi\u00f3). P\u00e0gina de registre. Un cop registrats ens arribar\u00e0 a la p\u00e0gina d&#8217;usuaris un seguit de [&hellip;]<\/p>\n","protected":false},"author":61,"featured_media":0,"parent":0,"menu_order":3,"comment_status":"closed","ping_status":"open","template":"","meta":{"footnotes":""},"class_list":["post-9","page","type-page","status-publish","hentry"],"_links":{"self":[{"href":"https:\/\/bloc.xarxa-omnia.org\/viquipedia\/wp-json\/wp\/v2\/pages\/9","targetHints":{"allow":["GET"]}}],"collection":[{"href":"https:\/\/bloc.xarxa-omnia.org\/viquipedia\/wp-json\/wp\/v2\/pages"}],"about":[{"href":"https:\/\/bloc.xarxa-omnia.org\/viquipedia\/wp-json\/wp\/v2\/types\/page"}],"author":[{"embeddable":true,"href":"https:\/\/bloc.xarxa-omnia.org\/viquipedia\/wp-json\/wp\/v2\/users\/61"}],"replies":[{"embeddable":true,"href":"https:\/\/bloc.xarxa-omnia.org\/viquipedia\/wp-json\/wp\/v2\/comments?post=9"}],"version-history":[{"count":9,"href":"https:\/\/bloc.xarxa-omnia.org\/viquipedia\/wp-json\/wp\/v2\/pages\/9\/revisions"}],"predecessor-version":[{"id":44,"href":"https:\/\/bloc.xarxa-omnia.org\/viquipedia\/wp-json\/wp\/v2\/pages\/9\/revisions\/44"}],"wp:attachment":[{"href":"https:\/\/bloc.xarxa-omnia.org\/viquipedia\/wp-json\/wp\/v2\/media?parent=9"}],"curies":[{"name":"wp","href":"https:\/\/api.w.org\/{rel}","templated":true}]}}